{"id":11063,"date":"2026-01-22T11:29:06","date_gmt":"2026-01-22T10:29:06","guid":{"rendered":"https:\/\/ofertacular.com\/index.php\/producto\/columbia-jacket-3\/"},"modified":"2026-01-22T11:29:06","modified_gmt":"2026-01-22T10:29:06","slug":"columbia-jacket-3","status":"publish","type":"product","link":"https:\/\/ofertacular.com\/index.php\/producto\/columbia-jacket-3\/","title":{"rendered":"Columbia Jacket"},"content":{"rendered":"<div class=\"oferta-container\">\n<p>\ud83d\udfe5 <b>ES UN CHOLL\u00d3N<\/b> \ud83d\udfe5 #Publicidad #Amazon #16<\/p>\n<p>\ud83d\udd34 <b>Chaqueta Columbia <\/b><\/p>\n<p>\u2705 <b>AHORA 53.73 \u20ac<\/b> \u2714\ufe0f\ud83d\udfe1<\/p>\n<p>\u274c Antes 120.00 \u20ac<\/p>\n<p>\ud83d\uded2: <a href=\"https:\/\/btz.es\/5jbHULH\" target=\"_blank\" rel=\"nofollow noopener\">https:\/\/btz.es\/5jbHULH<\/a><\/p>\n<p>Descubre la chaqueta Columbia, dise\u00f1ada para ofrecer m\u00e1xima comodidad y protecci\u00f3n en cualquier aventura al aire libre. Con materiales de alta calidad y tecnolog\u00eda avanzada, esta chaqueta es ideal para actividades en climas fr\u00edos y h\u00famedos. Perfecta para senderismo, trekking o uso urbano, garantiza durabilidad y estilo en cada uso. No pierdas la oportunidad de tener una prenda esencial para tus escapadas, con el respaldo de la reconocida marca Columbia.<\/p>\n<\/p><\/div>\n","protected":false},"excerpt":{"rendered":"<p>\ud83d\udfe5 ES UN CHOLL\u00d3N \ud83d\udfe5 #Publicidad #Amazon #16 \ud83d\udd34 Chaqueta Columbia \u2705 AHORA 53.73 \u20ac \u2714\ufe0f\ud83d\udfe1 \u274c Antes 120.00 \u20ac \ud83d\uded2: https:\/\/btz.es\/5jbHULH Descubre la chaqueta Columbia, dise\u00f1ada para ofrecer m\u00e1xima comodidad y protecci\u00f3n en cualquier aventura al aire libre. Con materiales de alta calidad y tecnolog\u00eda avanzada, esta chaqueta es ideal para actividades en climas [&hellip;]<\/p>\n","protected":false},"featured_media":11062,"template":"","meta":{"_gspb_post_css":""},"store":[],"product_brand":[],"product_cat":[16],"product_tag":[],"class_list":{"0":"post-11063","1":"product","2":"type-product","3":"status-publish","4":"has-post-thumbnail","6":"product_cat-sin-categorizar","8":"first","9":"instock","10":"sale","11":"shipping-taxable","12":"product-type-external"},"jetpack_sharing_enabled":true,"_links":{"self":[{"href":"https:\/\/ofertacular.com\/index.php\/wp-json\/wp\/v2\/product\/11063","targetHints":{"allow":["GET"]}}],"collection":[{"href":"https:\/\/ofertacular.com\/index.php\/wp-json\/wp\/v2\/product"}],"about":[{"href":"https:\/\/ofertacular.com\/index.php\/wp-json\/wp\/v2\/types\/product"}],"wp:featuredmedia":[{"embeddable":true,"href":"https:\/\/ofertacular.com\/index.php\/wp-json\/wp\/v2\/media\/11062"}],"wp:attachment":[{"href":"https:\/\/ofertacular.com\/index.php\/wp-json\/wp\/v2\/media?parent=11063"}],"wp:term":[{"taxonomy":"store","embeddable":true,"href":"https:\/\/ofertacular.com\/index.php\/wp-json\/wp\/v2\/store?post=11063"},{"taxonomy":"product_brand","embeddable":true,"href":"https:\/\/ofertacular.com\/index.php\/wp-json\/wp\/v2\/product_brand?post=11063"},{"taxonomy":"product_cat","embeddable":true,"href":"https:\/\/ofertacular.com\/index.php\/wp-json\/wp\/v2\/product_cat?post=11063"},{"taxonomy":"product_tag","embeddable":true,"href":"https:\/\/ofertacular.com\/index.php\/wp-json\/wp\/v2\/product_tag?post=11063"}],"curies":[{"name":"wp","href":"https:\/\/api.w.org\/{rel}","templated":true}]}}