{"id":11075,"date":"2026-01-22T13:53:23","date_gmt":"2026-01-22T12:53:23","guid":{"rendered":"https:\/\/ofertacular.com\/index.php\/producto\/botella-inox\/"},"modified":"2026-01-22T13:53:23","modified_gmt":"2026-01-22T12:53:23","slug":"botella-inox","status":"publish","type":"product","link":"https:\/\/ofertacular.com\/index.php\/producto\/botella-inox\/","title":{"rendered":"Botella Inox"},"content":{"rendered":"<div class=\"oferta-container\">\n<p>\ud83d\udfe5 <b>\u00a1GANGAZO!<\/b> \ud83d\udfe5 #Publicidad #Amazon #16<\/p>\n<p>\ud83d\udd34 <b>Botella Inoxidable <\/b><\/p>\n<p>\u2705 <b>AHORA 9.59 \u20ac<\/b> \u2714\ufe0f\ud83d\udfe1<\/p>\n<p>\u274c Antes 15.99 \u20ac<\/p>\n<p>\ud83d\uded2: <a href=\"https:\/\/btz.es\/5jcspaS\" target=\"_blank\" rel=\"nofollow noopener\">https:\/\/btz.es\/5jcspaS<\/a><\/p>\n<p>Descubre nuestra botella de acero inoxidable, dise\u00f1ada para mantener tus bebidas frescas o calientes durante horas. Perfecta para uso diario, deporte o viaje, esta botella combina durabilidad con un dise\u00f1o elegante y funcional. Resistente, f\u00e1cil de limpiar y ecol\u00f3gica, es el accesorio ideal para quienes buscan calidad y estilo en su hidrataci\u00f3n. Compra ahora y disfruta de la mejor experiencia en botellas reutilizables con nuestra marca de confianza.<\/p>\n<\/p><\/div>\n","protected":false},"excerpt":{"rendered":"<p>\ud83d\udfe5 \u00a1GANGAZO! \ud83d\udfe5 #Publicidad #Amazon #16 \ud83d\udd34 Botella Inoxidable \u2705 AHORA 9.59 \u20ac \u2714\ufe0f\ud83d\udfe1 \u274c Antes 15.99 \u20ac \ud83d\uded2: https:\/\/btz.es\/5jcspaS Descubre nuestra botella de acero inoxidable, dise\u00f1ada para mantener tus bebidas frescas o calientes durante horas. Perfecta para uso diario, deporte o viaje, esta botella combina durabilidad con un dise\u00f1o elegante y funcional. Resistente, f\u00e1cil [&hellip;]<\/p>\n","protected":false},"featured_media":11074,"template":"","meta":{"_gspb_post_css":""},"store":[],"product_brand":[],"product_cat":[16],"product_tag":[],"class_list":{"0":"post-11075","1":"product","2":"type-product","3":"status-publish","4":"has-post-thumbnail","6":"product_cat-sin-categorizar","8":"first","9":"instock","10":"sale","11":"shipping-taxable","12":"product-type-external"},"jetpack_sharing_enabled":true,"_links":{"self":[{"href":"https:\/\/ofertacular.com\/index.php\/wp-json\/wp\/v2\/product\/11075","targetHints":{"allow":["GET"]}}],"collection":[{"href":"https:\/\/ofertacular.com\/index.php\/wp-json\/wp\/v2\/product"}],"about":[{"href":"https:\/\/ofertacular.com\/index.php\/wp-json\/wp\/v2\/types\/product"}],"wp:featuredmedia":[{"embeddable":true,"href":"https:\/\/ofertacular.com\/index.php\/wp-json\/wp\/v2\/media\/11074"}],"wp:attachment":[{"href":"https:\/\/ofertacular.com\/index.php\/wp-json\/wp\/v2\/media?parent=11075"}],"wp:term":[{"taxonomy":"store","embeddable":true,"href":"https:\/\/ofertacular.com\/index.php\/wp-json\/wp\/v2\/store?post=11075"},{"taxonomy":"product_brand","embeddable":true,"href":"https:\/\/ofertacular.com\/index.php\/wp-json\/wp\/v2\/product_brand?post=11075"},{"taxonomy":"product_cat","embeddable":true,"href":"https:\/\/ofertacular.com\/index.php\/wp-json\/wp\/v2\/product_cat?post=11075"},{"taxonomy":"product_tag","embeddable":true,"href":"https:\/\/ofertacular.com\/index.php\/wp-json\/wp\/v2\/product_tag?post=11075"}],"curies":[{"name":"wp","href":"https:\/\/api.w.org\/{rel}","templated":true}]}}