{"id":11079,"date":"2026-01-22T13:55:26","date_gmt":"2026-01-22T12:55:26","guid":{"rendered":"https:\/\/ofertacular.com\/index.php\/producto\/finissimo-condoms\/"},"modified":"2026-01-22T13:55:26","modified_gmt":"2026-01-22T12:55:26","slug":"finissimo-condoms","status":"publish","type":"product","link":"https:\/\/ofertacular.com\/index.php\/producto\/finissimo-condoms\/","title":{"rendered":"Finissimo Condoms"},"content":{"rendered":"<div class=\"oferta-container\">\n<p>\ud83d\udfe5 <b>SUPER OFERTA<\/b> \ud83d\udfe5 #Publicidad #Amazon #16<\/p>\n<p>\ud83d\udd34 <b>Condones Finissimo <\/b><\/p>\n<p>\u2705 <b>AHORA 9.34 \u20ac<\/b> \u2714\ufe0f\ud83d\udfe1<\/p>\n<p>\u274c Antes 12.99 \u20ac<\/p>\n<p>\ud83d\uded2: <a href=\"https:\/\/btz.es\/5jcsKS1\" target=\"_blank\" rel=\"nofollow noopener\">https:\/\/btz.es\/5jcsKS1<\/a><\/p>\n<p>Descubre los condones Finissimo, dise\u00f1ados para brindar protecci\u00f3n segura y m\u00e1xima sensibilidad. Elaborados con materiales de alta calidad, estos preservativos finos ofrecen comodidad y confianza en cada uso. Ideales para quienes buscan una experiencia natural sin comprometer la seguridad. Compra condones Finissimo y garantiza momentos \u00edntimos seguros y placenteros.<\/p>\n<\/p><\/div>\n","protected":false},"excerpt":{"rendered":"<p>\ud83d\udfe5 SUPER OFERTA \ud83d\udfe5 #Publicidad #Amazon #16 \ud83d\udd34 Condones Finissimo \u2705 AHORA 9.34 \u20ac \u2714\ufe0f\ud83d\udfe1 \u274c Antes 12.99 \u20ac \ud83d\uded2: https:\/\/btz.es\/5jcsKS1 Descubre los condones Finissimo, dise\u00f1ados para brindar protecci\u00f3n segura y m\u00e1xima sensibilidad. Elaborados con materiales de alta calidad, estos preservativos finos ofrecen comodidad y confianza en cada uso. Ideales para quienes buscan una experiencia [&hellip;]<\/p>\n","protected":false},"featured_media":11078,"template":"","meta":{"_gspb_post_css":""},"store":[],"product_brand":[],"product_cat":[16],"product_tag":[],"class_list":{"0":"post-11079","1":"product","2":"type-product","3":"status-publish","4":"has-post-thumbnail","6":"product_cat-sin-categorizar","8":"first","9":"instock","10":"sale","11":"shipping-taxable","12":"product-type-external"},"jetpack_sharing_enabled":true,"_links":{"self":[{"href":"https:\/\/ofertacular.com\/index.php\/wp-json\/wp\/v2\/product\/11079","targetHints":{"allow":["GET"]}}],"collection":[{"href":"https:\/\/ofertacular.com\/index.php\/wp-json\/wp\/v2\/product"}],"about":[{"href":"https:\/\/ofertacular.com\/index.php\/wp-json\/wp\/v2\/types\/product"}],"wp:featuredmedia":[{"embeddable":true,"href":"https:\/\/ofertacular.com\/index.php\/wp-json\/wp\/v2\/media\/11078"}],"wp:attachment":[{"href":"https:\/\/ofertacular.com\/index.php\/wp-json\/wp\/v2\/media?parent=11079"}],"wp:term":[{"taxonomy":"store","embeddable":true,"href":"https:\/\/ofertacular.com\/index.php\/wp-json\/wp\/v2\/store?post=11079"},{"taxonomy":"product_brand","embeddable":true,"href":"https:\/\/ofertacular.com\/index.php\/wp-json\/wp\/v2\/product_brand?post=11079"},{"taxonomy":"product_cat","embeddable":true,"href":"https:\/\/ofertacular.com\/index.php\/wp-json\/wp\/v2\/product_cat?post=11079"},{"taxonomy":"product_tag","embeddable":true,"href":"https:\/\/ofertacular.com\/index.php\/wp-json\/wp\/v2\/product_tag?post=11079"}],"curies":[{"name":"wp","href":"https:\/\/api.w.org\/{rel}","templated":true}]}}