{"id":11083,"date":"2026-01-23T07:34:42","date_gmt":"2026-01-23T06:34:42","guid":{"rendered":"https:\/\/ofertacular.com\/index.php\/producto\/cecotec-grill-2\/"},"modified":"2026-01-23T07:34:42","modified_gmt":"2026-01-23T06:34:42","slug":"cecotec-grill-2","status":"publish","type":"product","link":"https:\/\/ofertacular.com\/index.php\/producto\/cecotec-grill-2\/","title":{"rendered":"Cecotec Grill"},"content":{"rendered":"<div class=\"oferta-container\">\n<p>\ud83d\udfe5 <b>AHORRA AQU\u00cd<\/b> \ud83d\udfe5 #Publicidad #Amazon #16<\/p>\n<p>\ud83d\udd34 <b>Grill Cecotec <\/b><\/p>\n<p>\u2705 <b>AHORA 13.27 \u20ac<\/b> \u2714\ufe0f\ud83d\udfe1<\/p>\n<p>\u274c Antes 24.90 \u20ac<\/p>\n<p>\ud83d\uded2: <a href=\"https:\/\/btz.es\/5jgB0A3\" target=\"_blank\" rel=\"nofollow noopener\">https:\/\/btz.es\/5jgB0A3<\/a><\/p>\n<p>Descubre el Grill Cecotec, el aliado perfecto para cocinar de manera r\u00e1pida y saludable. Este innovador grill combina tecnolog\u00eda avanzada con un dise\u00f1o compacto, ideal para preparar carnes, verduras y snacks con resultados profesionales en tu hogar. Su superficie antiadherente garantiza una f\u00e1cil limpieza y una cocci\u00f3n uniforme, realzando el sabor natural de tus alimentos. Optimizado para eficiencia energ\u00e9tica, el Grill Cecotec es la elecci\u00f3n ideal para quienes buscan calidad, practicidad y estilo en un \u00fanico electrodom\u00e9stico.<\/p>\n<\/p><\/div>\n","protected":false},"excerpt":{"rendered":"<p>\ud83d\udfe5 AHORRA AQU\u00cd \ud83d\udfe5 #Publicidad #Amazon #16 \ud83d\udd34 Grill Cecotec \u2705 AHORA 13.27 \u20ac \u2714\ufe0f\ud83d\udfe1 \u274c Antes 24.90 \u20ac \ud83d\uded2: https:\/\/btz.es\/5jgB0A3 Descubre el Grill Cecotec, el aliado perfecto para cocinar de manera r\u00e1pida y saludable. Este innovador grill combina tecnolog\u00eda avanzada con un dise\u00f1o compacto, ideal para preparar carnes, verduras y snacks con resultados profesionales [&hellip;]<\/p>\n","protected":false},"featured_media":11082,"template":"","meta":{"_gspb_post_css":""},"store":[],"product_brand":[],"product_cat":[16],"product_tag":[],"class_list":{"0":"post-11083","1":"product","2":"type-product","3":"status-publish","4":"has-post-thumbnail","6":"product_cat-sin-categorizar","8":"first","9":"instock","10":"sale","11":"shipping-taxable","12":"product-type-external"},"jetpack_sharing_enabled":true,"_links":{"self":[{"href":"https:\/\/ofertacular.com\/index.php\/wp-json\/wp\/v2\/product\/11083","targetHints":{"allow":["GET"]}}],"collection":[{"href":"https:\/\/ofertacular.com\/index.php\/wp-json\/wp\/v2\/product"}],"about":[{"href":"https:\/\/ofertacular.com\/index.php\/wp-json\/wp\/v2\/types\/product"}],"wp:featuredmedia":[{"embeddable":true,"href":"https:\/\/ofertacular.com\/index.php\/wp-json\/wp\/v2\/media\/11082"}],"wp:attachment":[{"href":"https:\/\/ofertacular.com\/index.php\/wp-json\/wp\/v2\/media?parent=11083"}],"wp:term":[{"taxonomy":"store","embeddable":true,"href":"https:\/\/ofertacular.com\/index.php\/wp-json\/wp\/v2\/store?post=11083"},{"taxonomy":"product_brand","embeddable":true,"href":"https:\/\/ofertacular.com\/index.php\/wp-json\/wp\/v2\/product_brand?post=11083"},{"taxonomy":"product_cat","embeddable":true,"href":"https:\/\/ofertacular.com\/index.php\/wp-json\/wp\/v2\/product_cat?post=11083"},{"taxonomy":"product_tag","embeddable":true,"href":"https:\/\/ofertacular.com\/index.php\/wp-json\/wp\/v2\/product_tag?post=11083"}],"curies":[{"name":"wp","href":"https:\/\/api.w.org\/{rel}","templated":true}]}}