{"id":11119,"date":"2026-01-23T23:41:07","date_gmt":"2026-01-23T22:41:07","guid":{"rendered":"https:\/\/ofertacular.com\/index.php\/producto\/charged-surge-12\/"},"modified":"2026-01-23T23:41:07","modified_gmt":"2026-01-23T22:41:07","slug":"charged-surge-12","status":"publish","type":"product","link":"https:\/\/ofertacular.com\/index.php\/producto\/charged-surge-12\/","title":{"rendered":"Charged Surge"},"content":{"rendered":"<div class=\"oferta-container\">\n<p>\ud83d\udfe5 <b>AHORRA AQU\u00cd<\/b> \ud83d\udfe5 #Publicidad #Amazon #16<\/p>\n<p>\ud83d\udd34 <b>Cargador Surge <\/b><\/p>\n<p>\u2705 <b>AHORA 29.95 \u20ac<\/b> \u2714\ufe0f\ud83d\udfe1<\/p>\n<p>\u274c Antes 60.00 \u20ac<\/p>\n<p>\ud83d\uded2: <a href=\"https:\/\/btz.es\/5jk6IWD\" target=\"_blank\" rel=\"nofollow noopener\">https:\/\/btz.es\/5jk6IWD<\/a><\/p>\n<p>Descubre el Cargador Charged Surge, el dispositivo perfecto para mantener tus dispositivos siempre con energ\u00eda. Su dise\u00f1o innovador y tecnolog\u00eda avanzada garantizan una carga r\u00e1pida y segura para m\u00f3viles, tablets y m\u00e1s. Ideal para usuarios que buscan eficiencia y durabilidad en un cargador compacto y elegante. Optimizado para ofrecer una experiencia confiable y c\u00f3moda en cualquier entorno, siendo la mejor opci\u00f3n en cargadores de alta performance.<\/p>\n<\/p><\/div>\n","protected":false},"excerpt":{"rendered":"<p>\ud83d\udfe5 AHORRA AQU\u00cd \ud83d\udfe5 #Publicidad #Amazon #16 \ud83d\udd34 Cargador Surge \u2705 AHORA 29.95 \u20ac \u2714\ufe0f\ud83d\udfe1 \u274c Antes 60.00 \u20ac \ud83d\uded2: https:\/\/btz.es\/5jk6IWD Descubre el Cargador Charged Surge, el dispositivo perfecto para mantener tus dispositivos siempre con energ\u00eda. Su dise\u00f1o innovador y tecnolog\u00eda avanzada garantizan una carga r\u00e1pida y segura para m\u00f3viles, tablets y m\u00e1s. Ideal para [&hellip;]<\/p>\n","protected":false},"featured_media":11118,"template":"","meta":{"_gspb_post_css":""},"store":[],"product_brand":[],"product_cat":[16],"product_tag":[],"class_list":{"0":"post-11119","1":"product","2":"type-product","3":"status-publish","4":"has-post-thumbnail","6":"product_cat-sin-categorizar","8":"first","9":"instock","10":"sale","11":"shipping-taxable","12":"product-type-external"},"jetpack_sharing_enabled":true,"_links":{"self":[{"href":"https:\/\/ofertacular.com\/index.php\/wp-json\/wp\/v2\/product\/11119","targetHints":{"allow":["GET"]}}],"collection":[{"href":"https:\/\/ofertacular.com\/index.php\/wp-json\/wp\/v2\/product"}],"about":[{"href":"https:\/\/ofertacular.com\/index.php\/wp-json\/wp\/v2\/types\/product"}],"wp:featuredmedia":[{"embeddable":true,"href":"https:\/\/ofertacular.com\/index.php\/wp-json\/wp\/v2\/media\/11118"}],"wp:attachment":[{"href":"https:\/\/ofertacular.com\/index.php\/wp-json\/wp\/v2\/media?parent=11119"}],"wp:term":[{"taxonomy":"store","embeddable":true,"href":"https:\/\/ofertacular.com\/index.php\/wp-json\/wp\/v2\/store?post=11119"},{"taxonomy":"product_brand","embeddable":true,"href":"https:\/\/ofertacular.com\/index.php\/wp-json\/wp\/v2\/product_brand?post=11119"},{"taxonomy":"product_cat","embeddable":true,"href":"https:\/\/ofertacular.com\/index.php\/wp-json\/wp\/v2\/product_cat?post=11119"},{"taxonomy":"product_tag","embeddable":true,"href":"https:\/\/ofertacular.com\/index.php\/wp-json\/wp\/v2\/product_tag?post=11119"}],"curies":[{"name":"wp","href":"https:\/\/api.w.org\/{rel}","templated":true}]}}