{"id":11129,"date":"2026-01-26T08:01:19","date_gmt":"2026-01-26T07:01:19","guid":{"rendered":"https:\/\/ofertacular.com\/index.php\/producto\/ariel-detergente-liquido\/"},"modified":"2026-01-26T08:01:19","modified_gmt":"2026-01-26T07:01:19","slug":"ariel-detergente-liquido","status":"publish","type":"product","link":"https:\/\/ofertacular.com\/index.php\/producto\/ariel-detergente-liquido\/","title":{"rendered":"Ariel Detergente L\u00edquido"},"content":{"rendered":"<div class=\"oferta-container\">\n<p>\ud83d\udfe5 <b>DATE PRISA<\/b> \ud83d\udfe5 #Publicidad #Amazon #16<\/p>\n<p>\ud83d\udd34 <b>Detergente L\u00edquido <\/b><\/p>\n<p>\u2705 <b>AHORA 29.99 \u20ac<\/b> \u2714\ufe0f\ud83d\udfe1<\/p>\n<p>\u274c Antes 53.94 \u20ac<\/p>\n<p>\ud83d\uded2: <a href=\"https:\/\/btz.es\/5jypHLG\" target=\"_blank\" rel=\"nofollow noopener\">https:\/\/btz.es\/5jypHLG<\/a><\/p>\n<p>Descubre la m\u00e1xima limpieza con Ariel Detergente L\u00edquido, la elecci\u00f3n perfecta para mantener tu ropa impecable y fresca en cada lavado. F\u00f3rmula avanzada que elimina manchas dif\u00edciles y cuida la tela, garantizando resultados excepcionales desde el primer uso. Ideal para todo tipo de tejidos y lavadoras, Ariel asegura una experiencia de lavado superior con un aroma refrescante que dura m\u00e1s tiempo. Optimiza tu rutina de lavado con Ariel y disfruta de prendas perfectamente limpias y llenas de vida.<\/p>\n<\/p><\/div>\n","protected":false},"excerpt":{"rendered":"<p>\ud83d\udfe5 DATE PRISA \ud83d\udfe5 #Publicidad #Amazon #16 \ud83d\udd34 Detergente L\u00edquido \u2705 AHORA 29.99 \u20ac \u2714\ufe0f\ud83d\udfe1 \u274c Antes 53.94 \u20ac \ud83d\uded2: https:\/\/btz.es\/5jypHLG Descubre la m\u00e1xima limpieza con Ariel Detergente L\u00edquido, la elecci\u00f3n perfecta para mantener tu ropa impecable y fresca en cada lavado. F\u00f3rmula avanzada que elimina manchas dif\u00edciles y cuida la tela, garantizando resultados excepcionales [&hellip;]<\/p>\n","protected":false},"featured_media":11128,"template":"","meta":{"_gspb_post_css":""},"store":[],"product_brand":[],"product_cat":[16],"product_tag":[],"class_list":{"0":"post-11129","1":"product","2":"type-product","3":"status-publish","4":"has-post-thumbnail","6":"product_cat-sin-categorizar","8":"first","9":"instock","10":"sale","11":"shipping-taxable","12":"product-type-external"},"jetpack_sharing_enabled":true,"_links":{"self":[{"href":"https:\/\/ofertacular.com\/index.php\/wp-json\/wp\/v2\/product\/11129","targetHints":{"allow":["GET"]}}],"collection":[{"href":"https:\/\/ofertacular.com\/index.php\/wp-json\/wp\/v2\/product"}],"about":[{"href":"https:\/\/ofertacular.com\/index.php\/wp-json\/wp\/v2\/types\/product"}],"wp:featuredmedia":[{"embeddable":true,"href":"https:\/\/ofertacular.com\/index.php\/wp-json\/wp\/v2\/media\/11128"}],"wp:attachment":[{"href":"https:\/\/ofertacular.com\/index.php\/wp-json\/wp\/v2\/media?parent=11129"}],"wp:term":[{"taxonomy":"store","embeddable":true,"href":"https:\/\/ofertacular.com\/index.php\/wp-json\/wp\/v2\/store?post=11129"},{"taxonomy":"product_brand","embeddable":true,"href":"https:\/\/ofertacular.com\/index.php\/wp-json\/wp\/v2\/product_brand?post=11129"},{"taxonomy":"product_cat","embeddable":true,"href":"https:\/\/ofertacular.com\/index.php\/wp-json\/wp\/v2\/product_cat?post=11129"},{"taxonomy":"product_tag","embeddable":true,"href":"https:\/\/ofertacular.com\/index.php\/wp-json\/wp\/v2\/product_tag?post=11129"}],"curies":[{"name":"wp","href":"https:\/\/api.w.org\/{rel}","templated":true}]}}