{"id":11151,"date":"2026-01-26T10:17:29","date_gmt":"2026-01-26T09:17:29","guid":{"rendered":"https:\/\/ofertacular.com\/index.php\/producto\/zapp-brannigan-figure\/"},"modified":"2026-01-26T10:17:29","modified_gmt":"2026-01-26T09:17:29","slug":"zapp-brannigan-figure","status":"publish","type":"product","link":"https:\/\/ofertacular.com\/index.php\/producto\/zapp-brannigan-figure\/","title":{"rendered":"Zapp Brannigan Figure"},"content":{"rendered":"<div class=\"oferta-container\">\ud83d\udfea <b>EXCLUSIVO<\/b> \ud83d\udfea #Publicidad #Amazon\ud83d\udfe3 <b> Funko POP! Futurama Zapp Brannigan<\/b> \u2705 <b>AHORA 8 \u20ac<\/b> \u2714\ufe0f\ud83d\udfe1\u274c Antes 16.00 \u20ac \u20ac \ud83d\uded2: https:\/\/btz.es\/5jyNYZZ\ud83d\udfe2 Ofertacular.com<\/p>\n<p>Descubre el Funko POP! de Zapp Brannigan, el ic\u00f3nico personaje de la serie Futurama. Esta figura personalizada captura con detalle la esencia del capit\u00e1n m\u00e1s carism\u00e1tico y c\u00f3mico del espacio. Perfecto para coleccionistas y fans de la cultura pop, este Funko es ideal para exhibir en tu estanter\u00eda o para regalar a amantes de las series animadas. Aprovecha su dise\u00f1o exclusivo y calidad superior, optimizado para quienes buscan piezas \u00fanicas de coleccionismo. Mejora tu colecci\u00f3n con este Funko POP! Futurama Zapp Brannigan y a\u00f1ade un toque de humor y estilo a tu espacio.<\/p>\n<\/div>\n","protected":false},"excerpt":{"rendered":"<p>\ud83d\udfea EXCLUSIVO \ud83d\udfea #Publicidad #Amazon\ud83d\udfe3 Funko POP! Futurama Zapp Brannigan \u2705 AHORA 8 \u20ac \u2714\ufe0f\ud83d\udfe1\u274c Antes 16.00 \u20ac \u20ac \ud83d\uded2: https:\/\/btz.es\/5jyNYZZ\ud83d\udfe2 Ofertacular.com Descubre el Funko POP! de Zapp Brannigan, el ic\u00f3nico personaje de la serie Futurama. Esta figura personalizada captura con detalle la esencia del capit\u00e1n m\u00e1s carism\u00e1tico y c\u00f3mico del espacio. Perfecto para coleccionistas [&hellip;]<\/p>\n","protected":false},"featured_media":11150,"template":"","meta":{"_gspb_post_css":""},"store":[],"product_brand":[],"product_cat":[16],"product_tag":[],"class_list":{"0":"post-11151","1":"product","2":"type-product","3":"status-publish","4":"has-post-thumbnail","6":"product_cat-sin-categorizar","8":"first","9":"instock","10":"sale","11":"shipping-taxable","12":"product-type-external"},"jetpack_sharing_enabled":true,"_links":{"self":[{"href":"https:\/\/ofertacular.com\/index.php\/wp-json\/wp\/v2\/product\/11151","targetHints":{"allow":["GET"]}}],"collection":[{"href":"https:\/\/ofertacular.com\/index.php\/wp-json\/wp\/v2\/product"}],"about":[{"href":"https:\/\/ofertacular.com\/index.php\/wp-json\/wp\/v2\/types\/product"}],"wp:featuredmedia":[{"embeddable":true,"href":"https:\/\/ofertacular.com\/index.php\/wp-json\/wp\/v2\/media\/11150"}],"wp:attachment":[{"href":"https:\/\/ofertacular.com\/index.php\/wp-json\/wp\/v2\/media?parent=11151"}],"wp:term":[{"taxonomy":"store","embeddable":true,"href":"https:\/\/ofertacular.com\/index.php\/wp-json\/wp\/v2\/store?post=11151"},{"taxonomy":"product_brand","embeddable":true,"href":"https:\/\/ofertacular.com\/index.php\/wp-json\/wp\/v2\/product_brand?post=11151"},{"taxonomy":"product_cat","embeddable":true,"href":"https:\/\/ofertacular.com\/index.php\/wp-json\/wp\/v2\/product_cat?post=11151"},{"taxonomy":"product_tag","embeddable":true,"href":"https:\/\/ofertacular.com\/index.php\/wp-json\/wp\/v2\/product_tag?post=11151"}],"curies":[{"name":"wp","href":"https:\/\/api.w.org\/{rel}","templated":true}]}}