{"id":11169,"date":"2026-01-27T10:20:26","date_gmt":"2026-01-27T09:20:26","guid":{"rendered":"https:\/\/ofertacular.com\/index.php\/producto\/amazon-rigatoni\/"},"modified":"2026-01-27T10:20:26","modified_gmt":"2026-01-27T09:20:26","slug":"amazon-rigatoni","status":"publish","type":"product","link":"https:\/\/ofertacular.com\/index.php\/producto\/amazon-rigatoni\/","title":{"rendered":"Amazon Rigatoni"},"content":{"rendered":"<div class=\"oferta-container\">\n<p>\ud83d\udfe5 <b>\u00a1OFERTA ESPECIAL!<\/b> \ud83d\udfe5 #Publicidad #Amazon #16<\/p>\n<p>\ud83d\udd34 <b>Pasta Rigatoni <\/b><\/p>\n<p>\u2705 <b>AHORA 0.92 \u20ac<\/b> \u2714\ufe0f\ud83d\udfe1<\/p>\n<p>\u274c Antes <\/p>\n<p>\ud83d\uded2: <a href=\"https:\/\/btz.es\/5j4FpFu\" target=\"_blank\" rel=\"nofollow noopener\">https:\/\/btz.es\/5j4FpFu<\/a><\/p>\n<p>Descubre la aut\u00e9ntica pasta italiana con nuestro Rigatoni Amazon, perfecta para tus recetas favoritas. Este rigatoni de alta calidad ofrece una textura firme y un sabor delicioso, ideal para salsas cremosas, de tomate o al pesto. Compatible con m\u00faltiples platos, es la elecci\u00f3n ideal para chefs y amantes de la gastronom\u00eda que buscan un producto premium. Compra Rigatoni Amazon y transforma cada comida en una experiencia culinaria inolvidable.<\/p>\n<\/p><\/div>\n","protected":false},"excerpt":{"rendered":"<p>\ud83d\udfe5 \u00a1OFERTA ESPECIAL! \ud83d\udfe5 #Publicidad #Amazon #16 \ud83d\udd34 Pasta Rigatoni \u2705 AHORA 0.92 \u20ac \u2714\ufe0f\ud83d\udfe1 \u274c Antes \ud83d\uded2: https:\/\/btz.es\/5j4FpFu Descubre la aut\u00e9ntica pasta italiana con nuestro Rigatoni Amazon, perfecta para tus recetas favoritas. Este rigatoni de alta calidad ofrece una textura firme y un sabor delicioso, ideal para salsas cremosas, de tomate o al pesto. [&hellip;]<\/p>\n","protected":false},"featured_media":11168,"template":"","meta":{"_gspb_post_css":""},"store":[],"product_brand":[],"product_cat":[16],"product_tag":[],"class_list":{"0":"post-11169","1":"product","2":"type-product","3":"status-publish","4":"has-post-thumbnail","6":"product_cat-sin-categorizar","8":"first","9":"instock","10":"shipping-taxable","11":"product-type-external"},"jetpack_sharing_enabled":true,"_links":{"self":[{"href":"https:\/\/ofertacular.com\/index.php\/wp-json\/wp\/v2\/product\/11169","targetHints":{"allow":["GET"]}}],"collection":[{"href":"https:\/\/ofertacular.com\/index.php\/wp-json\/wp\/v2\/product"}],"about":[{"href":"https:\/\/ofertacular.com\/index.php\/wp-json\/wp\/v2\/types\/product"}],"wp:featuredmedia":[{"embeddable":true,"href":"https:\/\/ofertacular.com\/index.php\/wp-json\/wp\/v2\/media\/11168"}],"wp:attachment":[{"href":"https:\/\/ofertacular.com\/index.php\/wp-json\/wp\/v2\/media?parent=11169"}],"wp:term":[{"taxonomy":"store","embeddable":true,"href":"https:\/\/ofertacular.com\/index.php\/wp-json\/wp\/v2\/store?post=11169"},{"taxonomy":"product_brand","embeddable":true,"href":"https:\/\/ofertacular.com\/index.php\/wp-json\/wp\/v2\/product_brand?post=11169"},{"taxonomy":"product_cat","embeddable":true,"href":"https:\/\/ofertacular.com\/index.php\/wp-json\/wp\/v2\/product_cat?post=11169"},{"taxonomy":"product_tag","embeddable":true,"href":"https:\/\/ofertacular.com\/index.php\/wp-json\/wp\/v2\/product_tag?post=11169"}],"curies":[{"name":"wp","href":"https:\/\/api.w.org\/{rel}","templated":true}]}}