{"id":11185,"date":"2026-01-27T12:10:56","date_gmt":"2026-01-27T11:10:56","guid":{"rendered":"https:\/\/ofertacular.com\/index.php\/producto\/nilson-lavadora-2\/"},"modified":"2026-01-27T12:10:56","modified_gmt":"2026-01-27T11:10:56","slug":"nilson-lavadora-2","status":"publish","type":"product","link":"https:\/\/ofertacular.com\/index.php\/producto\/nilson-lavadora-2\/","title":{"rendered":"Nilson Lavadora"},"content":{"rendered":"<div class=\"oferta-container\">\n<p>\ud83d\udfe5 <b>\u00a1DESCUENTO \u00daNICO!<\/b> \ud83d\udfe5 #Publicidad #Amazon #16<\/p>\n<p>\ud83d\udd34 <b>Lavadora Nilson <\/b><\/p>\n<p>\u2705 <b>AHORA 249.9 \u20ac<\/b> \u2714\ufe0f\ud83d\udfe1<\/p>\n<p>\u274c Antes <\/p>\n<p>\ud83d\uded2: <a href=\"https:\/\/btz.es\/5j5heQu\" target=\"_blank\" rel=\"nofollow noopener\">https:\/\/btz.es\/5j5heQu<\/a><\/p>\n<p>Descubre la lavadora Nilson, la soluci\u00f3n perfecta para un lavado eficiente y cuidado de tus prendas. Con tecnolog\u00eda avanzada y un dise\u00f1o compacto, esta lavadora ofrece m\u00faltiples programas adaptados a tus necesidades, garantizando resultados impecables en cada ciclo. Ideal para hogares modernos que buscan desempe\u00f1o y durabilidad en un solo electrodom\u00e9stico. Optimizada para un bajo consumo energ\u00e9tico y un funcionamiento silencioso, la lavadora Nilson es la elecci\u00f3n inteligente para mantener tu ropa siempre limpia y fresca.<\/p>\n<\/p><\/div>\n","protected":false},"excerpt":{"rendered":"<p>\ud83d\udfe5 \u00a1DESCUENTO \u00daNICO! \ud83d\udfe5 #Publicidad #Amazon #16 \ud83d\udd34 Lavadora Nilson \u2705 AHORA 249.9 \u20ac \u2714\ufe0f\ud83d\udfe1 \u274c Antes \ud83d\uded2: https:\/\/btz.es\/5j5heQu Descubre la lavadora Nilson, la soluci\u00f3n perfecta para un lavado eficiente y cuidado de tus prendas. Con tecnolog\u00eda avanzada y un dise\u00f1o compacto, esta lavadora ofrece m\u00faltiples programas adaptados a tus necesidades, garantizando resultados impecables en [&hellip;]<\/p>\n","protected":false},"featured_media":11184,"template":"","meta":{"_gspb_post_css":""},"store":[],"product_brand":[],"product_cat":[16],"product_tag":[],"class_list":{"0":"post-11185","1":"product","2":"type-product","3":"status-publish","4":"has-post-thumbnail","6":"product_cat-sin-categorizar","8":"first","9":"instock","10":"shipping-taxable","11":"product-type-external"},"jetpack_sharing_enabled":true,"_links":{"self":[{"href":"https:\/\/ofertacular.com\/index.php\/wp-json\/wp\/v2\/product\/11185","targetHints":{"allow":["GET"]}}],"collection":[{"href":"https:\/\/ofertacular.com\/index.php\/wp-json\/wp\/v2\/product"}],"about":[{"href":"https:\/\/ofertacular.com\/index.php\/wp-json\/wp\/v2\/types\/product"}],"wp:featuredmedia":[{"embeddable":true,"href":"https:\/\/ofertacular.com\/index.php\/wp-json\/wp\/v2\/media\/11184"}],"wp:attachment":[{"href":"https:\/\/ofertacular.com\/index.php\/wp-json\/wp\/v2\/media?parent=11185"}],"wp:term":[{"taxonomy":"store","embeddable":true,"href":"https:\/\/ofertacular.com\/index.php\/wp-json\/wp\/v2\/store?post=11185"},{"taxonomy":"product_brand","embeddable":true,"href":"https:\/\/ofertacular.com\/index.php\/wp-json\/wp\/v2\/product_brand?post=11185"},{"taxonomy":"product_cat","embeddable":true,"href":"https:\/\/ofertacular.com\/index.php\/wp-json\/wp\/v2\/product_cat?post=11185"},{"taxonomy":"product_tag","embeddable":true,"href":"https:\/\/ofertacular.com\/index.php\/wp-json\/wp\/v2\/product_tag?post=11185"}],"curies":[{"name":"wp","href":"https:\/\/api.w.org\/{rel}","templated":true}]}}