{"id":11197,"date":"2026-01-28T08:23:26","date_gmt":"2026-01-28T07:23:26","guid":{"rendered":"https:\/\/ofertacular.com\/index.php\/producto\/amazon-essentials-sweater-2\/"},"modified":"2026-01-28T08:23:26","modified_gmt":"2026-01-28T07:23:26","slug":"amazon-essentials-sweater-2","status":"publish","type":"product","link":"https:\/\/ofertacular.com\/index.php\/producto\/amazon-essentials-sweater-2\/","title":{"rendered":"Amazon Essentials Sweater"},"content":{"rendered":"<div class=\"oferta-container\">\n<p>\ud83d\udfe5 <b>\u00a1APROVECHA!<\/b> \ud83d\udfe5 #Publicidad #Amazon #16<\/p>\n<p>\ud83d\udd34 <b>Su\u00e9ter Hombre <\/b><\/p>\n<p>\u2705 <b>AHORA 11.56 \u20ac<\/b> \u2714\ufe0f\ud83d\udfe1<\/p>\n<p>\u274c Antes 13.60 \u20ac<\/p>\n<p>\ud83d\uded2: <a href=\"https:\/\/btz.es\/5jAcuhI\" target=\"_blank\" rel=\"nofollow noopener\">https:\/\/btz.es\/5jAcuhI<\/a><\/p>\n<p>Descubre la comodidad y estilo atemporal del Su\u00e9ter para hombre de Amazon Essentials. Perfecto para cualquier ocasi\u00f3n, este su\u00e9ter combina calidad premium con un dise\u00f1o cl\u00e1sico que se adapta a tu guardarropa diario. Fabricado con materiales suaves y duraderos, ofrece un ajuste c\u00f3modo y calor ideal para el d\u00eda a d\u00eda. Optimizado para quienes buscan elegancia casual sin renunciar a la funcionalidad. \u00a1Hazte con el su\u00e9ter Amazon Essentials y mejora tu look con un toque de sencillez y sofisticaci\u00f3n!<\/p>\n<\/p><\/div>\n","protected":false},"excerpt":{"rendered":"<p>\ud83d\udfe5 \u00a1APROVECHA! \ud83d\udfe5 #Publicidad #Amazon #16 \ud83d\udd34 Su\u00e9ter Hombre \u2705 AHORA 11.56 \u20ac \u2714\ufe0f\ud83d\udfe1 \u274c Antes 13.60 \u20ac \ud83d\uded2: https:\/\/btz.es\/5jAcuhI Descubre la comodidad y estilo atemporal del Su\u00e9ter para hombre de Amazon Essentials. Perfecto para cualquier ocasi\u00f3n, este su\u00e9ter combina calidad premium con un dise\u00f1o cl\u00e1sico que se adapta a tu guardarropa diario. Fabricado con [&hellip;]<\/p>\n","protected":false},"featured_media":11196,"template":"","meta":{"_gspb_post_css":""},"store":[],"product_brand":[],"product_cat":[16],"product_tag":[],"class_list":{"0":"post-11197","1":"product","2":"type-product","3":"status-publish","4":"has-post-thumbnail","6":"product_cat-sin-categorizar","8":"first","9":"instock","10":"sale","11":"shipping-taxable","12":"product-type-external"},"jetpack_sharing_enabled":true,"_links":{"self":[{"href":"https:\/\/ofertacular.com\/index.php\/wp-json\/wp\/v2\/product\/11197","targetHints":{"allow":["GET"]}}],"collection":[{"href":"https:\/\/ofertacular.com\/index.php\/wp-json\/wp\/v2\/product"}],"about":[{"href":"https:\/\/ofertacular.com\/index.php\/wp-json\/wp\/v2\/types\/product"}],"wp:featuredmedia":[{"embeddable":true,"href":"https:\/\/ofertacular.com\/index.php\/wp-json\/wp\/v2\/media\/11196"}],"wp:attachment":[{"href":"https:\/\/ofertacular.com\/index.php\/wp-json\/wp\/v2\/media?parent=11197"}],"wp:term":[{"taxonomy":"store","embeddable":true,"href":"https:\/\/ofertacular.com\/index.php\/wp-json\/wp\/v2\/store?post=11197"},{"taxonomy":"product_brand","embeddable":true,"href":"https:\/\/ofertacular.com\/index.php\/wp-json\/wp\/v2\/product_brand?post=11197"},{"taxonomy":"product_cat","embeddable":true,"href":"https:\/\/ofertacular.com\/index.php\/wp-json\/wp\/v2\/product_cat?post=11197"},{"taxonomy":"product_tag","embeddable":true,"href":"https:\/\/ofertacular.com\/index.php\/wp-json\/wp\/v2\/product_tag?post=11197"}],"curies":[{"name":"wp","href":"https:\/\/api.w.org\/{rel}","templated":true}]}}