{"id":11217,"date":"2026-01-28T10:05:22","date_gmt":"2026-01-28T09:05:22","guid":{"rendered":"https:\/\/ofertacular.com\/index.php\/producto\/paraguas-automatico\/"},"modified":"2026-01-28T10:05:22","modified_gmt":"2026-01-28T09:05:22","slug":"paraguas-automatico","status":"publish","type":"product","link":"https:\/\/ofertacular.com\/index.php\/producto\/paraguas-automatico\/","title":{"rendered":"Paraguas Autom\u00e1tico"},"content":{"rendered":"<div class=\"oferta-container\">\n<p>\ud83d\udfe5 <b>UNA GANGA<\/b> \ud83d\udfe5 #Publicidad #Amazon #16<\/p>\n<p>\ud83d\udd34 <b>Paraguas Autom\u00e1tico <\/b><\/p>\n<p>\u2705 <b>AHORA 6.84 \u20ac<\/b> \u2714\ufe0f\ud83d\udfe1<\/p>\n<p>\u274c Antes <\/p>\n<p>\ud83d\uded2: <a href=\"https:\/\/btz.es\/5jA1Zj2\" target=\"_blank\" rel=\"nofollow noopener\">https:\/\/btz.es\/5jA1Zj2<\/a><\/p>\n<p>Descubre la resistencia y practicidad del Paraguas Autom\u00e1tico, dise\u00f1ado para ofrecer protecci\u00f3n \u00f3ptima contra la lluvia con un solo clic. Su estructura reforzada y apertura autom\u00e1tica garantizan comodidad y rapidez, ideal para llevar a cualquier lugar. Un accesorio esencial que combina funcionalidad y estilo para tu d\u00eda a d\u00eda.<\/p>\n<\/p><\/div>\n","protected":false},"excerpt":{"rendered":"<p>\ud83d\udfe5 UNA GANGA \ud83d\udfe5 #Publicidad #Amazon #16 \ud83d\udd34 Paraguas Autom\u00e1tico \u2705 AHORA 6.84 \u20ac \u2714\ufe0f\ud83d\udfe1 \u274c Antes \ud83d\uded2: https:\/\/btz.es\/5jA1Zj2 Descubre la resistencia y practicidad del Paraguas Autom\u00e1tico, dise\u00f1ado para ofrecer protecci\u00f3n \u00f3ptima contra la lluvia con un solo clic. Su estructura reforzada y apertura autom\u00e1tica garantizan comodidad y rapidez, ideal para llevar a cualquier lugar. [&hellip;]<\/p>\n","protected":false},"featured_media":11216,"template":"","meta":{"_gspb_post_css":""},"store":[],"product_brand":[],"product_cat":[16],"product_tag":[],"class_list":{"0":"post-11217","1":"product","2":"type-product","3":"status-publish","4":"has-post-thumbnail","6":"product_cat-sin-categorizar","8":"first","9":"instock","10":"shipping-taxable","11":"product-type-external"},"jetpack_sharing_enabled":true,"_links":{"self":[{"href":"https:\/\/ofertacular.com\/index.php\/wp-json\/wp\/v2\/product\/11217","targetHints":{"allow":["GET"]}}],"collection":[{"href":"https:\/\/ofertacular.com\/index.php\/wp-json\/wp\/v2\/product"}],"about":[{"href":"https:\/\/ofertacular.com\/index.php\/wp-json\/wp\/v2\/types\/product"}],"wp:featuredmedia":[{"embeddable":true,"href":"https:\/\/ofertacular.com\/index.php\/wp-json\/wp\/v2\/media\/11216"}],"wp:attachment":[{"href":"https:\/\/ofertacular.com\/index.php\/wp-json\/wp\/v2\/media?parent=11217"}],"wp:term":[{"taxonomy":"store","embeddable":true,"href":"https:\/\/ofertacular.com\/index.php\/wp-json\/wp\/v2\/store?post=11217"},{"taxonomy":"product_brand","embeddable":true,"href":"https:\/\/ofertacular.com\/index.php\/wp-json\/wp\/v2\/product_brand?post=11217"},{"taxonomy":"product_cat","embeddable":true,"href":"https:\/\/ofertacular.com\/index.php\/wp-json\/wp\/v2\/product_cat?post=11217"},{"taxonomy":"product_tag","embeddable":true,"href":"https:\/\/ofertacular.com\/index.php\/wp-json\/wp\/v2\/product_tag?post=11217"}],"curies":[{"name":"wp","href":"https:\/\/api.w.org\/{rel}","templated":true}]}}