{"id":11225,"date":"2026-01-28T10:14:01","date_gmt":"2026-01-28T09:14:01","guid":{"rendered":"https:\/\/ofertacular.com\/index.php\/producto\/abrigo-acolchado\/"},"modified":"2026-01-28T10:14:01","modified_gmt":"2026-01-28T09:14:01","slug":"abrigo-acolchado","status":"publish","type":"product","link":"https:\/\/ofertacular.com\/index.php\/producto\/abrigo-acolchado\/","title":{"rendered":"Abrigo Acolchado"},"content":{"rendered":"<div class=\"oferta-container\">\n<p>\ud83d\udfe5 <b>\u00a1OFERT\u00d3N!<\/b> \ud83d\udfe5 #Publicidad #Amazon #16<\/p>\n<p>\ud83d\udd34 <b>Abrigo Acolchado <\/b><\/p>\n<p>\u2705 <b>AHORA 33.92 \u20ac<\/b> \u2714\ufe0f\ud83d\udfe1<\/p>\n<p>\u274c Antes 39.90 \u20ac<\/p>\n<p>\ud83d\uded2: <a href=\"https:\/\/btz.es\/5jA4k3j\" target=\"_blank\" rel=\"nofollow noopener\">https:\/\/btz.es\/5jA4k3j<\/a><\/p>\n<p>Descubre nuestro abrigo acolchado de alta calidad, dise\u00f1ado para ofrecer el m\u00e1ximo confort y protecci\u00f3n contra el fr\u00edo. Ideal para el uso diario, su tejido resistente y su dise\u00f1o moderno garantizan estilo y funcionalidad. Perfecto para combinar con cualquier outfit, manteni\u00e9ndote abrigado y a la moda durante toda la temporada.<\/p>\n<\/p><\/div>\n","protected":false},"excerpt":{"rendered":"<p>\ud83d\udfe5 \u00a1OFERT\u00d3N! \ud83d\udfe5 #Publicidad #Amazon #16 \ud83d\udd34 Abrigo Acolchado \u2705 AHORA 33.92 \u20ac \u2714\ufe0f\ud83d\udfe1 \u274c Antes 39.90 \u20ac \ud83d\uded2: https:\/\/btz.es\/5jA4k3j Descubre nuestro abrigo acolchado de alta calidad, dise\u00f1ado para ofrecer el m\u00e1ximo confort y protecci\u00f3n contra el fr\u00edo. Ideal para el uso diario, su tejido resistente y su dise\u00f1o moderno garantizan estilo y funcionalidad. Perfecto [&hellip;]<\/p>\n","protected":false},"featured_media":11224,"template":"","meta":{"_gspb_post_css":""},"store":[],"product_brand":[],"product_cat":[16],"product_tag":[],"class_list":{"0":"post-11225","1":"product","2":"type-product","3":"status-publish","4":"has-post-thumbnail","6":"product_cat-sin-categorizar","8":"first","9":"instock","10":"sale","11":"shipping-taxable","12":"product-type-external"},"jetpack_sharing_enabled":true,"_links":{"self":[{"href":"https:\/\/ofertacular.com\/index.php\/wp-json\/wp\/v2\/product\/11225","targetHints":{"allow":["GET"]}}],"collection":[{"href":"https:\/\/ofertacular.com\/index.php\/wp-json\/wp\/v2\/product"}],"about":[{"href":"https:\/\/ofertacular.com\/index.php\/wp-json\/wp\/v2\/types\/product"}],"wp:featuredmedia":[{"embeddable":true,"href":"https:\/\/ofertacular.com\/index.php\/wp-json\/wp\/v2\/media\/11224"}],"wp:attachment":[{"href":"https:\/\/ofertacular.com\/index.php\/wp-json\/wp\/v2\/media?parent=11225"}],"wp:term":[{"taxonomy":"store","embeddable":true,"href":"https:\/\/ofertacular.com\/index.php\/wp-json\/wp\/v2\/store?post=11225"},{"taxonomy":"product_brand","embeddable":true,"href":"https:\/\/ofertacular.com\/index.php\/wp-json\/wp\/v2\/product_brand?post=11225"},{"taxonomy":"product_cat","embeddable":true,"href":"https:\/\/ofertacular.com\/index.php\/wp-json\/wp\/v2\/product_cat?post=11225"},{"taxonomy":"product_tag","embeddable":true,"href":"https:\/\/ofertacular.com\/index.php\/wp-json\/wp\/v2\/product_tag?post=11225"}],"curies":[{"name":"wp","href":"https:\/\/api.w.org\/{rel}","templated":true}]}}