{"id":11233,"date":"2026-01-28T10:32:48","date_gmt":"2026-01-28T09:32:48","guid":{"rendered":"https:\/\/ofertacular.com\/index.php\/producto\/chaqueta-acolchada-2\/"},"modified":"2026-01-28T10:32:48","modified_gmt":"2026-01-28T09:32:48","slug":"chaqueta-acolchada-2","status":"publish","type":"product","link":"https:\/\/ofertacular.com\/index.php\/producto\/chaqueta-acolchada-2\/","title":{"rendered":"Chaqueta Acolchada"},"content":{"rendered":"<div class=\"oferta-container\">\n<p>\ud83d\udfe5 <b>EXCLUSIVO<\/b> \ud83d\udfe5 #Publicidad #Amazon #16<\/p>\n<p>\ud83d\udd34 <b>Chaqueta Acolchada <\/b><\/p>\n<p>\u2705 <b>AHORA 21.6 \u20ac<\/b> \u2714\ufe0f\ud83d\udfe1<\/p>\n<p>\u274c Antes 25.41 \u20ac<\/p>\n<p>\ud83d\uded2: <a href=\"https:\/\/btz.es\/5jA8TvL\" target=\"_blank\" rel=\"nofollow noopener\">https:\/\/btz.es\/5jA8TvL<\/a><\/p>\n<p>Chaqueta acolchada de alta calidad dise\u00f1ada para brindar comodidad y calidez durante todo el d\u00eda. Perfecta para el invierno y actividades al aire libre, combina estilo y funcionalidad en un solo producto. Su dise\u00f1o acolchado ofrece aislamiento t\u00e9rmico, mientras que su estructura ligera asegura libertad de movimiento. Ideal para quienes buscan una prenda vers\u00e1til y elegante para enfrentar el fr\u00edo con estilo.<\/p>\n<\/p><\/div>\n","protected":false},"excerpt":{"rendered":"<p>\ud83d\udfe5 EXCLUSIVO \ud83d\udfe5 #Publicidad #Amazon #16 \ud83d\udd34 Chaqueta Acolchada \u2705 AHORA 21.6 \u20ac \u2714\ufe0f\ud83d\udfe1 \u274c Antes 25.41 \u20ac \ud83d\uded2: https:\/\/btz.es\/5jA8TvL Chaqueta acolchada de alta calidad dise\u00f1ada para brindar comodidad y calidez durante todo el d\u00eda. Perfecta para el invierno y actividades al aire libre, combina estilo y funcionalidad en un solo producto. Su dise\u00f1o acolchado [&hellip;]<\/p>\n","protected":false},"featured_media":11232,"template":"","meta":{"_gspb_post_css":""},"store":[],"product_brand":[],"product_cat":[16],"product_tag":[],"class_list":{"0":"post-11233","1":"product","2":"type-product","3":"status-publish","4":"has-post-thumbnail","6":"product_cat-sin-categorizar","8":"first","9":"instock","10":"sale","11":"shipping-taxable","12":"product-type-external"},"jetpack_sharing_enabled":true,"_links":{"self":[{"href":"https:\/\/ofertacular.com\/index.php\/wp-json\/wp\/v2\/product\/11233","targetHints":{"allow":["GET"]}}],"collection":[{"href":"https:\/\/ofertacular.com\/index.php\/wp-json\/wp\/v2\/product"}],"about":[{"href":"https:\/\/ofertacular.com\/index.php\/wp-json\/wp\/v2\/types\/product"}],"wp:featuredmedia":[{"embeddable":true,"href":"https:\/\/ofertacular.com\/index.php\/wp-json\/wp\/v2\/media\/11232"}],"wp:attachment":[{"href":"https:\/\/ofertacular.com\/index.php\/wp-json\/wp\/v2\/media?parent=11233"}],"wp:term":[{"taxonomy":"store","embeddable":true,"href":"https:\/\/ofertacular.com\/index.php\/wp-json\/wp\/v2\/store?post=11233"},{"taxonomy":"product_brand","embeddable":true,"href":"https:\/\/ofertacular.com\/index.php\/wp-json\/wp\/v2\/product_brand?post=11233"},{"taxonomy":"product_cat","embeddable":true,"href":"https:\/\/ofertacular.com\/index.php\/wp-json\/wp\/v2\/product_cat?post=11233"},{"taxonomy":"product_tag","embeddable":true,"href":"https:\/\/ofertacular.com\/index.php\/wp-json\/wp\/v2\/product_tag?post=11233"}],"curies":[{"name":"wp","href":"https:\/\/api.w.org\/{rel}","templated":true}]}}