{"id":11263,"date":"2026-01-29T10:27:27","date_gmt":"2026-01-29T09:27:27","guid":{"rendered":"https:\/\/ofertacular.com\/index.php\/producto\/dormio-colchon\/"},"modified":"2026-01-29T10:27:27","modified_gmt":"2026-01-29T09:27:27","slug":"dormio-colchon","status":"publish","type":"product","link":"https:\/\/ofertacular.com\/index.php\/producto\/dormio-colchon\/","title":{"rendered":"Dormio Colch\u00f3n"},"content":{"rendered":"<div class=\"oferta-container\">\n<p>\ud83d\udfe5 <b>\u00a1APROVECHA!<\/b> \ud83d\udfe5 #Publicidad #Amazon #16<\/p>\n<p>\ud83d\udd34 <b>Colch\u00f3n Dormio <\/b><\/p>\n<p>\u2705 <b>AHORA 72.99 \u20ac<\/b> \u2714\ufe0f\ud83d\udfe1<\/p>\n<p>\u274c Antes 85.90 \u20ac<\/p>\n<p>\ud83d\uded2: <a href=\"https:\/\/btz.es\/5jGye7Q\" target=\"_blank\" rel=\"nofollow noopener\">https:\/\/btz.es\/5jGye7Q<\/a><\/p>\n<p>Descubre el confort y calidad del colch\u00f3n Dormio, dise\u00f1ado para ofrecer un descanso \u00f3ptimo y reparador. Con materiales de alta durabilidad y tecnolog\u00eda avanzada, Dormio garantiza soporte ergon\u00f3mico que se adapta a tu cuerpo, proporcionando noches de sue\u00f1o profundo y revitalizante. Ideal para quienes buscan mejorar su calidad de vida mediante un sue\u00f1o saludable y confortable. Optimiza tu descanso con Dormio, la elecci\u00f3n perfecta para el bienestar y confort en tu hogar.<\/p>\n<\/p><\/div>\n","protected":false},"excerpt":{"rendered":"<p>\ud83d\udfe5 \u00a1APROVECHA! \ud83d\udfe5 #Publicidad #Amazon #16 \ud83d\udd34 Colch\u00f3n Dormio \u2705 AHORA 72.99 \u20ac \u2714\ufe0f\ud83d\udfe1 \u274c Antes 85.90 \u20ac \ud83d\uded2: https:\/\/btz.es\/5jGye7Q Descubre el confort y calidad del colch\u00f3n Dormio, dise\u00f1ado para ofrecer un descanso \u00f3ptimo y reparador. Con materiales de alta durabilidad y tecnolog\u00eda avanzada, Dormio garantiza soporte ergon\u00f3mico que se adapta a tu cuerpo, proporcionando [&hellip;]<\/p>\n","protected":false},"featured_media":11262,"template":"","meta":{"_gspb_post_css":""},"store":[],"product_brand":[],"product_cat":[16],"product_tag":[],"class_list":{"0":"post-11263","1":"product","2":"type-product","3":"status-publish","4":"has-post-thumbnail","6":"product_cat-sin-categorizar","8":"first","9":"instock","10":"sale","11":"shipping-taxable","12":"product-type-external"},"jetpack_sharing_enabled":true,"_links":{"self":[{"href":"https:\/\/ofertacular.com\/index.php\/wp-json\/wp\/v2\/product\/11263","targetHints":{"allow":["GET"]}}],"collection":[{"href":"https:\/\/ofertacular.com\/index.php\/wp-json\/wp\/v2\/product"}],"about":[{"href":"https:\/\/ofertacular.com\/index.php\/wp-json\/wp\/v2\/types\/product"}],"wp:featuredmedia":[{"embeddable":true,"href":"https:\/\/ofertacular.com\/index.php\/wp-json\/wp\/v2\/media\/11262"}],"wp:attachment":[{"href":"https:\/\/ofertacular.com\/index.php\/wp-json\/wp\/v2\/media?parent=11263"}],"wp:term":[{"taxonomy":"store","embeddable":true,"href":"https:\/\/ofertacular.com\/index.php\/wp-json\/wp\/v2\/store?post=11263"},{"taxonomy":"product_brand","embeddable":true,"href":"https:\/\/ofertacular.com\/index.php\/wp-json\/wp\/v2\/product_brand?post=11263"},{"taxonomy":"product_cat","embeddable":true,"href":"https:\/\/ofertacular.com\/index.php\/wp-json\/wp\/v2\/product_cat?post=11263"},{"taxonomy":"product_tag","embeddable":true,"href":"https:\/\/ofertacular.com\/index.php\/wp-json\/wp\/v2\/product_tag?post=11263"}],"curies":[{"name":"wp","href":"https:\/\/api.w.org\/{rel}","templated":true}]}}