{"id":11273,"date":"2026-01-29T10:46:21","date_gmt":"2026-01-29T09:46:21","guid":{"rendered":"https:\/\/ofertacular.com\/index.php\/producto\/estabilizador-dji\/"},"modified":"2026-01-29T10:46:21","modified_gmt":"2026-01-29T09:46:21","slug":"estabilizador-dji","status":"publish","type":"product","link":"https:\/\/ofertacular.com\/index.php\/producto\/estabilizador-dji\/","title":{"rendered":"Estabilizador DJI"},"content":{"rendered":"<div class=\"oferta-container\">\n<p>\ud83d\udfe5 <b>\u00a1S\u00d3LO HOY!<\/b> \ud83d\udfe5 #Publicidad #Amazon #16<\/p>\n<p>\ud83d\udd34 <b>Estabilizador DJI <\/b><\/p>\n<p>\u2705 <b>AHORA 134.97 \u20ac<\/b> \u2714\ufe0f\ud83d\udfe1<\/p>\n<p>\u274c Antes 159.00 \u20ac<\/p>\n<p>\ud83d\uded2: <a href=\"https:\/\/btz.es\/5jG2PHr\" target=\"_blank\" rel=\"nofollow noopener\">https:\/\/btz.es\/5jG2PHr<\/a><\/p>\n<p>Descubre la m\u00e1xima estabilidad y calidad de imagen con el estabilizador DJI, dise\u00f1ado para profesionales y aficionados que buscan capturar videos y fotograf\u00edas impecables. Optimizado para una experiencia fluida y sin vibraciones, este estabilizador es la herramienta perfecta para potenciar tu creatividad y garantizar resultados profesionales en cada toma.<\/p>\n<\/p><\/div>\n","protected":false},"excerpt":{"rendered":"<p>\ud83d\udfe5 \u00a1S\u00d3LO HOY! \ud83d\udfe5 #Publicidad #Amazon #16 \ud83d\udd34 Estabilizador DJI \u2705 AHORA 134.97 \u20ac \u2714\ufe0f\ud83d\udfe1 \u274c Antes 159.00 \u20ac \ud83d\uded2: https:\/\/btz.es\/5jG2PHr Descubre la m\u00e1xima estabilidad y calidad de imagen con el estabilizador DJI, dise\u00f1ado para profesionales y aficionados que buscan capturar videos y fotograf\u00edas impecables. Optimizado para una experiencia fluida y sin vibraciones, este estabilizador [&hellip;]<\/p>\n","protected":false},"featured_media":11272,"template":"","meta":{"_gspb_post_css":""},"store":[],"product_brand":[],"product_cat":[16],"product_tag":[],"class_list":{"0":"post-11273","1":"product","2":"type-product","3":"status-publish","4":"has-post-thumbnail","6":"product_cat-sin-categorizar","8":"first","9":"instock","10":"sale","11":"shipping-taxable","12":"product-type-external"},"jetpack_sharing_enabled":true,"_links":{"self":[{"href":"https:\/\/ofertacular.com\/index.php\/wp-json\/wp\/v2\/product\/11273","targetHints":{"allow":["GET"]}}],"collection":[{"href":"https:\/\/ofertacular.com\/index.php\/wp-json\/wp\/v2\/product"}],"about":[{"href":"https:\/\/ofertacular.com\/index.php\/wp-json\/wp\/v2\/types\/product"}],"wp:featuredmedia":[{"embeddable":true,"href":"https:\/\/ofertacular.com\/index.php\/wp-json\/wp\/v2\/media\/11272"}],"wp:attachment":[{"href":"https:\/\/ofertacular.com\/index.php\/wp-json\/wp\/v2\/media?parent=11273"}],"wp:term":[{"taxonomy":"store","embeddable":true,"href":"https:\/\/ofertacular.com\/index.php\/wp-json\/wp\/v2\/store?post=11273"},{"taxonomy":"product_brand","embeddable":true,"href":"https:\/\/ofertacular.com\/index.php\/wp-json\/wp\/v2\/product_brand?post=11273"},{"taxonomy":"product_cat","embeddable":true,"href":"https:\/\/ofertacular.com\/index.php\/wp-json\/wp\/v2\/product_cat?post=11273"},{"taxonomy":"product_tag","embeddable":true,"href":"https:\/\/ofertacular.com\/index.php\/wp-json\/wp\/v2\/product_tag?post=11273"}],"curies":[{"name":"wp","href":"https:\/\/api.w.org\/{rel}","templated":true}]}}