{"id":11285,"date":"2026-01-30T08:18:17","date_gmt":"2026-01-30T07:18:17","guid":{"rendered":"https:\/\/ofertacular.com\/index.php\/producto\/dell-laptop\/"},"modified":"2026-01-30T08:18:17","modified_gmt":"2026-01-30T07:18:17","slug":"dell-laptop","status":"publish","type":"product","link":"https:\/\/ofertacular.com\/index.php\/producto\/dell-laptop\/","title":{"rendered":"Dell Laptop"},"content":{"rendered":"<div class=\"oferta-container\">\n<p>\ud83d\udfe5 <b>REBAJA<\/b> \ud83d\udfe5 #Publicidad #Amazon #16<\/p>\n<p>\ud83d\udd34 <b>Laptop Dell <\/b><\/p>\n<p>\u2705 <b>AHORA 379 \u20ac<\/b> \u2714\ufe0f\ud83d\udfe1<\/p>\n<p>\u274c Antes 449.00 \u20ac<\/p>\n<p>\ud83d\uded2: <a href=\"https:\/\/btz.es\/5jLIfie\" target=\"_blank\" rel=\"nofollow noopener\">https:\/\/btz.es\/5jLIfie<\/a><\/p>\n<p>Descubre la potencia y confiabilidad de la Laptop Dell, dise\u00f1ada para ofrecer un rendimiento \u00f3ptimo tanto en el trabajo como en el ocio. Con tecnolog\u00eda avanzada y dise\u00f1o robusto, esta laptop es ideal para profesionales y estudiantes que buscan eficiencia y estilo. Optimizada para un uso vers\u00e1til, la Laptop Dell garantiza una experiencia inform\u00e1tica r\u00e1pida y fluida, soportando m\u00faltiples aplicaciones con facilidad. No pierdas la oportunidad de adquirir un equipo de calidad superior que potencia tu productividad y creatividad.<\/p>\n<\/p><\/div>\n","protected":false},"excerpt":{"rendered":"<p>\ud83d\udfe5 REBAJA \ud83d\udfe5 #Publicidad #Amazon #16 \ud83d\udd34 Laptop Dell \u2705 AHORA 379 \u20ac \u2714\ufe0f\ud83d\udfe1 \u274c Antes 449.00 \u20ac \ud83d\uded2: https:\/\/btz.es\/5jLIfie Descubre la potencia y confiabilidad de la Laptop Dell, dise\u00f1ada para ofrecer un rendimiento \u00f3ptimo tanto en el trabajo como en el ocio. Con tecnolog\u00eda avanzada y dise\u00f1o robusto, esta laptop es ideal para profesionales [&hellip;]<\/p>\n","protected":false},"featured_media":11284,"template":"","meta":{"_gspb_post_css":""},"store":[],"product_brand":[],"product_cat":[16],"product_tag":[],"class_list":{"0":"post-11285","1":"product","2":"type-product","3":"status-publish","4":"has-post-thumbnail","6":"product_cat-sin-categorizar","8":"first","9":"instock","10":"sale","11":"shipping-taxable","12":"product-type-external"},"jetpack_sharing_enabled":true,"_links":{"self":[{"href":"https:\/\/ofertacular.com\/index.php\/wp-json\/wp\/v2\/product\/11285","targetHints":{"allow":["GET"]}}],"collection":[{"href":"https:\/\/ofertacular.com\/index.php\/wp-json\/wp\/v2\/product"}],"about":[{"href":"https:\/\/ofertacular.com\/index.php\/wp-json\/wp\/v2\/types\/product"}],"wp:featuredmedia":[{"embeddable":true,"href":"https:\/\/ofertacular.com\/index.php\/wp-json\/wp\/v2\/media\/11284"}],"wp:attachment":[{"href":"https:\/\/ofertacular.com\/index.php\/wp-json\/wp\/v2\/media?parent=11285"}],"wp:term":[{"taxonomy":"store","embeddable":true,"href":"https:\/\/ofertacular.com\/index.php\/wp-json\/wp\/v2\/store?post=11285"},{"taxonomy":"product_brand","embeddable":true,"href":"https:\/\/ofertacular.com\/index.php\/wp-json\/wp\/v2\/product_brand?post=11285"},{"taxonomy":"product_cat","embeddable":true,"href":"https:\/\/ofertacular.com\/index.php\/wp-json\/wp\/v2\/product_cat?post=11285"},{"taxonomy":"product_tag","embeddable":true,"href":"https:\/\/ofertacular.com\/index.php\/wp-json\/wp\/v2\/product_tag?post=11285"}],"curies":[{"name":"wp","href":"https:\/\/api.w.org\/{rel}","templated":true}]}}