{"id":11297,"date":"2026-01-30T10:34:26","date_gmt":"2026-01-30T09:34:26","guid":{"rendered":"https:\/\/ofertacular.com\/index.php\/producto\/maxi-cosi-tanza\/"},"modified":"2026-01-30T10:34:26","modified_gmt":"2026-01-30T09:34:26","slug":"maxi-cosi-tanza","status":"publish","type":"product","link":"https:\/\/ofertacular.com\/index.php\/producto\/maxi-cosi-tanza\/","title":{"rendered":"Maxi-Cosi Tanza"},"content":{"rendered":"<div class=\"oferta-container\">\n<p>\ud83d\udfe5 <b>\u00a1DESCUENTO \u00daNICO!<\/b> \ud83d\udfe5 #Publicidad #Amazon #16<\/p>\n<p>\ud83d\udd34 <b>Silla Coche <\/b><\/p>\n<p>\u2705 <b>AHORA 79.99 \u20ac<\/b> \u2714\ufe0f\ud83d\udfe1<\/p>\n<p>\u274c Antes 99.99 \u20ac<\/p>\n<p>\ud83d\uded2: <a href=\"https:\/\/btz.es\/5jMqww7\" target=\"_blank\" rel=\"nofollow noopener\">https:\/\/btz.es\/5jMqww7<\/a><\/p>\n<p>Descubre la comodidad y seguridad excepcionales con la Silla de Coche Maxi-Cosi Tanza. Dise\u00f1ada para ofrecer protecci\u00f3n avanzada y confort superior durante cada viaje, esta silla es ideal para los padres que buscan calidad y confianza. Su dise\u00f1o ergon\u00f3mico y materiales premium garantizan una experiencia segura y agradable para tu peque\u00f1o. Optimizada para un ajuste perfecto en veh\u00edculos modernos, Maxi-Cosi Tanza es sin\u00f3nimo de innovaci\u00f3n y fiabilidad en sillas de coche infantiles.<\/p>\n<\/p><\/div>\n","protected":false},"excerpt":{"rendered":"<p>\ud83d\udfe5 \u00a1DESCUENTO \u00daNICO! \ud83d\udfe5 #Publicidad #Amazon #16 \ud83d\udd34 Silla Coche \u2705 AHORA 79.99 \u20ac \u2714\ufe0f\ud83d\udfe1 \u274c Antes 99.99 \u20ac \ud83d\uded2: https:\/\/btz.es\/5jMqww7 Descubre la comodidad y seguridad excepcionales con la Silla de Coche Maxi-Cosi Tanza. Dise\u00f1ada para ofrecer protecci\u00f3n avanzada y confort superior durante cada viaje, esta silla es ideal para los padres que buscan calidad [&hellip;]<\/p>\n","protected":false},"featured_media":11296,"template":"","meta":{"_gspb_post_css":""},"store":[],"product_brand":[],"product_cat":[16],"product_tag":[],"class_list":{"0":"post-11297","1":"product","2":"type-product","3":"status-publish","4":"has-post-thumbnail","6":"product_cat-sin-categorizar","8":"first","9":"instock","10":"sale","11":"shipping-taxable","12":"product-type-external"},"jetpack_sharing_enabled":true,"_links":{"self":[{"href":"https:\/\/ofertacular.com\/index.php\/wp-json\/wp\/v2\/product\/11297","targetHints":{"allow":["GET"]}}],"collection":[{"href":"https:\/\/ofertacular.com\/index.php\/wp-json\/wp\/v2\/product"}],"about":[{"href":"https:\/\/ofertacular.com\/index.php\/wp-json\/wp\/v2\/types\/product"}],"wp:featuredmedia":[{"embeddable":true,"href":"https:\/\/ofertacular.com\/index.php\/wp-json\/wp\/v2\/media\/11296"}],"wp:attachment":[{"href":"https:\/\/ofertacular.com\/index.php\/wp-json\/wp\/v2\/media?parent=11297"}],"wp:term":[{"taxonomy":"store","embeddable":true,"href":"https:\/\/ofertacular.com\/index.php\/wp-json\/wp\/v2\/store?post=11297"},{"taxonomy":"product_brand","embeddable":true,"href":"https:\/\/ofertacular.com\/index.php\/wp-json\/wp\/v2\/product_brand?post=11297"},{"taxonomy":"product_cat","embeddable":true,"href":"https:\/\/ofertacular.com\/index.php\/wp-json\/wp\/v2\/product_cat?post=11297"},{"taxonomy":"product_tag","embeddable":true,"href":"https:\/\/ofertacular.com\/index.php\/wp-json\/wp\/v2\/product_tag?post=11297"}],"curies":[{"name":"wp","href":"https:\/\/api.w.org\/{rel}","templated":true}]}}