{"id":11301,"date":"2026-01-30T10:40:27","date_gmt":"2026-01-30T09:40:27","guid":{"rendered":"https:\/\/ofertacular.com\/index.php\/producto\/lavavajillas-integrado\/"},"modified":"2026-01-30T10:40:27","modified_gmt":"2026-01-30T09:40:27","slug":"lavavajillas-integrado","status":"publish","type":"product","link":"https:\/\/ofertacular.com\/index.php\/producto\/lavavajillas-integrado\/","title":{"rendered":"Lavavajillas Integrado"},"content":{"rendered":"<div class=\"oferta-container\">\n<p>\ud83d\udfe5 <b>\u00a1S\u00d3LO HOY!<\/b> \ud83d\udfe5 #Publicidad #Amazon #16<\/p>\n<p>\ud83d\udd34 <b>Lavavajillas Integrado <\/b><\/p>\n<p>\u2705 <b>AHORA 282.99 \u20ac<\/b> \u2714\ufe0f\ud83d\udfe1<\/p>\n<p>\u274c Antes 319.99 \u20ac<\/p>\n<p>\ud83d\uded2: <a href=\"https:\/\/btz.es\/5jMrRiY\" target=\"_blank\" rel=\"nofollow noopener\">https:\/\/btz.es\/5jMrRiY<\/a><\/p>\n<p>Descubre el lavavajillas integrado que combina eficiencia y dise\u00f1o moderno para una cocina impecable. Equipado con tecnolog\u00eda avanzada, este electrodom\u00e9stico ofrece un rendimiento excepcional en limpieza con bajo consumo de energ\u00eda, adapt\u00e1ndose perfectamente a tu espacio. Ideal para hogares que buscan funcionalidad y estilo sin renunciar a la comodidad. Optimiza tus tareas diarias con este lavavajillas silencioso, duradero y f\u00e1cil de usar, garantizando platos brillantes en cada ciclo.<\/p>\n<\/p><\/div>\n","protected":false},"excerpt":{"rendered":"<p>\ud83d\udfe5 \u00a1S\u00d3LO HOY! \ud83d\udfe5 #Publicidad #Amazon #16 \ud83d\udd34 Lavavajillas Integrado \u2705 AHORA 282.99 \u20ac \u2714\ufe0f\ud83d\udfe1 \u274c Antes 319.99 \u20ac \ud83d\uded2: https:\/\/btz.es\/5jMrRiY Descubre el lavavajillas integrado que combina eficiencia y dise\u00f1o moderno para una cocina impecable. Equipado con tecnolog\u00eda avanzada, este electrodom\u00e9stico ofrece un rendimiento excepcional en limpieza con bajo consumo de energ\u00eda, adapt\u00e1ndose perfectamente a [&hellip;]<\/p>\n","protected":false},"featured_media":11300,"template":"","meta":{"_gspb_post_css":""},"store":[],"product_brand":[],"product_cat":[16],"product_tag":[],"class_list":{"0":"post-11301","1":"product","2":"type-product","3":"status-publish","4":"has-post-thumbnail","6":"product_cat-sin-categorizar","8":"first","9":"instock","10":"sale","11":"shipping-taxable","12":"product-type-external"},"jetpack_sharing_enabled":true,"_links":{"self":[{"href":"https:\/\/ofertacular.com\/index.php\/wp-json\/wp\/v2\/product\/11301","targetHints":{"allow":["GET"]}}],"collection":[{"href":"https:\/\/ofertacular.com\/index.php\/wp-json\/wp\/v2\/product"}],"about":[{"href":"https:\/\/ofertacular.com\/index.php\/wp-json\/wp\/v2\/types\/product"}],"wp:featuredmedia":[{"embeddable":true,"href":"https:\/\/ofertacular.com\/index.php\/wp-json\/wp\/v2\/media\/11300"}],"wp:attachment":[{"href":"https:\/\/ofertacular.com\/index.php\/wp-json\/wp\/v2\/media?parent=11301"}],"wp:term":[{"taxonomy":"store","embeddable":true,"href":"https:\/\/ofertacular.com\/index.php\/wp-json\/wp\/v2\/store?post=11301"},{"taxonomy":"product_brand","embeddable":true,"href":"https:\/\/ofertacular.com\/index.php\/wp-json\/wp\/v2\/product_brand?post=11301"},{"taxonomy":"product_cat","embeddable":true,"href":"https:\/\/ofertacular.com\/index.php\/wp-json\/wp\/v2\/product_cat?post=11301"},{"taxonomy":"product_tag","embeddable":true,"href":"https:\/\/ofertacular.com\/index.php\/wp-json\/wp\/v2\/product_tag?post=11301"}],"curies":[{"name":"wp","href":"https:\/\/api.w.org\/{rel}","templated":true}]}}