{"id":11309,"date":"2026-01-30T10:50:07","date_gmt":"2026-01-30T09:50:07","guid":{"rendered":"https:\/\/ofertacular.com\/index.php\/producto\/puma-mochila-2\/"},"modified":"2026-01-30T10:50:07","modified_gmt":"2026-01-30T09:50:07","slug":"puma-mochila-2","status":"publish","type":"product","link":"https:\/\/ofertacular.com\/index.php\/producto\/puma-mochila-2\/","title":{"rendered":"PUMA Mochila"},"content":{"rendered":"<div class=\"oferta-container\">\n<p>\ud83d\udfe5 <b>DATE PRISA<\/b> \ud83d\udfe5 #Publicidad #Amazon #16<\/p>\n<p>\ud83d\udd34 <b>Mochila PUMA <\/b><\/p>\n<p>\u2705 <b>AHORA 15.99 \u20ac<\/b> \u2714\ufe0f\ud83d\udfe1<\/p>\n<p>\u274c Antes 19.95 \u20ac<\/p>\n<p>\ud83d\uded2: <a href=\"https:\/\/btz.es\/5jMuswr\" target=\"_blank\" rel=\"nofollow noopener\">https:\/\/btz.es\/5jMuswr<\/a><\/p>\n<p>Descubre la mochila PUMA, dise\u00f1ada para ofrecer comodidad y estilo en cada uso. Ideal para estudiantes, deportistas y aficionados a la moda urbana, combina durabilidad con un dise\u00f1o moderno. Con m\u00faltiples compartimentos para organizar tus pertenencias, esta mochila es perfecta para el d\u00eda a d\u00eda y actividades al aire libre. Eleva tu look con la calidad y prestigio que solo PUMA puede ofrecer. Compra ahora y experimenta funcionalidad y tendencia en un solo accesorio.<\/p>\n<\/p><\/div>\n","protected":false},"excerpt":{"rendered":"<p>\ud83d\udfe5 DATE PRISA \ud83d\udfe5 #Publicidad #Amazon #16 \ud83d\udd34 Mochila PUMA \u2705 AHORA 15.99 \u20ac \u2714\ufe0f\ud83d\udfe1 \u274c Antes 19.95 \u20ac \ud83d\uded2: https:\/\/btz.es\/5jMuswr Descubre la mochila PUMA, dise\u00f1ada para ofrecer comodidad y estilo en cada uso. Ideal para estudiantes, deportistas y aficionados a la moda urbana, combina durabilidad con un dise\u00f1o moderno. Con m\u00faltiples compartimentos para organizar [&hellip;]<\/p>\n","protected":false},"featured_media":11308,"template":"","meta":{"_gspb_post_css":""},"store":[],"product_brand":[],"product_cat":[16],"product_tag":[],"class_list":{"0":"post-11309","1":"product","2":"type-product","3":"status-publish","4":"has-post-thumbnail","6":"product_cat-sin-categorizar","8":"first","9":"instock","10":"sale","11":"shipping-taxable","12":"product-type-external"},"jetpack_sharing_enabled":true,"_links":{"self":[{"href":"https:\/\/ofertacular.com\/index.php\/wp-json\/wp\/v2\/product\/11309","targetHints":{"allow":["GET"]}}],"collection":[{"href":"https:\/\/ofertacular.com\/index.php\/wp-json\/wp\/v2\/product"}],"about":[{"href":"https:\/\/ofertacular.com\/index.php\/wp-json\/wp\/v2\/types\/product"}],"wp:featuredmedia":[{"embeddable":true,"href":"https:\/\/ofertacular.com\/index.php\/wp-json\/wp\/v2\/media\/11308"}],"wp:attachment":[{"href":"https:\/\/ofertacular.com\/index.php\/wp-json\/wp\/v2\/media?parent=11309"}],"wp:term":[{"taxonomy":"store","embeddable":true,"href":"https:\/\/ofertacular.com\/index.php\/wp-json\/wp\/v2\/store?post=11309"},{"taxonomy":"product_brand","embeddable":true,"href":"https:\/\/ofertacular.com\/index.php\/wp-json\/wp\/v2\/product_brand?post=11309"},{"taxonomy":"product_cat","embeddable":true,"href":"https:\/\/ofertacular.com\/index.php\/wp-json\/wp\/v2\/product_cat?post=11309"},{"taxonomy":"product_tag","embeddable":true,"href":"https:\/\/ofertacular.com\/index.php\/wp-json\/wp\/v2\/product_tag?post=11309"}],"curies":[{"name":"wp","href":"https:\/\/api.w.org\/{rel}","templated":true}]}}