{"id":11311,"date":"2026-01-30T10:51:09","date_gmt":"2026-01-30T09:51:09","guid":{"rendered":"https:\/\/ofertacular.com\/index.php\/producto\/ironhero-station\/"},"modified":"2026-01-30T10:51:09","modified_gmt":"2026-01-30T09:51:09","slug":"ironhero-station","status":"publish","type":"product","link":"https:\/\/ofertacular.com\/index.php\/producto\/ironhero-station\/","title":{"rendered":"IronHero Station"},"content":{"rendered":"<div class=\"oferta-container\">\n<p>\ud83d\udfe5 <b>\u00a1OFERT\u00d3N!<\/b> \ud83d\udfe5 #Publicidad #Amazon #16<\/p>\n<p>\ud83d\udd34 <b>Estaci\u00f3n de Entrenamiento <\/b><\/p>\n<p>\u2705 <b>AHORA 89.9 \u20ac<\/b> \u2714\ufe0f\ud83d\udfe1<\/p>\n<p>\u274c Antes 99.90 \u20ac<\/p>\n<p>\ud83d\uded2: <a href=\"https:\/\/btz.es\/5jMu9cs\" target=\"_blank\" rel=\"nofollow noopener\">https:\/\/btz.es\/5jMu9cs<\/a><\/p>\n<p>Descubre la Estaci\u00f3n de Entrenamiento IronHero, dise\u00f1ada para ofrecer un entrenamiento completo y eficiente en casa. Esta estaci\u00f3n multifuncional combina resistencia, durabilidad y comodidad, ideal para fortalecer todos los grupos musculares y mejorar tu rendimiento f\u00edsico. Fabricada con materiales de alta calidad, la IronHero Station es perfecta para deportistas y entusiastas del fitness que buscan resultados profesionales. Optimiza tu rutina de ejercicios con la estaci\u00f3n preferida por expertos en fitness.<\/p>\n<\/p><\/div>\n","protected":false},"excerpt":{"rendered":"<p>\ud83d\udfe5 \u00a1OFERT\u00d3N! \ud83d\udfe5 #Publicidad #Amazon #16 \ud83d\udd34 Estaci\u00f3n de Entrenamiento \u2705 AHORA 89.9 \u20ac \u2714\ufe0f\ud83d\udfe1 \u274c Antes 99.90 \u20ac \ud83d\uded2: https:\/\/btz.es\/5jMu9cs Descubre la Estaci\u00f3n de Entrenamiento IronHero, dise\u00f1ada para ofrecer un entrenamiento completo y eficiente en casa. Esta estaci\u00f3n multifuncional combina resistencia, durabilidad y comodidad, ideal para fortalecer todos los grupos musculares y mejorar tu [&hellip;]<\/p>\n","protected":false},"featured_media":11310,"template":"","meta":{"_gspb_post_css":""},"store":[],"product_brand":[],"product_cat":[16],"product_tag":[],"class_list":{"0":"post-11311","1":"product","2":"type-product","3":"status-publish","4":"has-post-thumbnail","6":"product_cat-sin-categorizar","8":"first","9":"instock","10":"sale","11":"shipping-taxable","12":"product-type-external"},"jetpack_sharing_enabled":true,"_links":{"self":[{"href":"https:\/\/ofertacular.com\/index.php\/wp-json\/wp\/v2\/product\/11311","targetHints":{"allow":["GET"]}}],"collection":[{"href":"https:\/\/ofertacular.com\/index.php\/wp-json\/wp\/v2\/product"}],"about":[{"href":"https:\/\/ofertacular.com\/index.php\/wp-json\/wp\/v2\/types\/product"}],"wp:featuredmedia":[{"embeddable":true,"href":"https:\/\/ofertacular.com\/index.php\/wp-json\/wp\/v2\/media\/11310"}],"wp:attachment":[{"href":"https:\/\/ofertacular.com\/index.php\/wp-json\/wp\/v2\/media?parent=11311"}],"wp:term":[{"taxonomy":"store","embeddable":true,"href":"https:\/\/ofertacular.com\/index.php\/wp-json\/wp\/v2\/store?post=11311"},{"taxonomy":"product_brand","embeddable":true,"href":"https:\/\/ofertacular.com\/index.php\/wp-json\/wp\/v2\/product_brand?post=11311"},{"taxonomy":"product_cat","embeddable":true,"href":"https:\/\/ofertacular.com\/index.php\/wp-json\/wp\/v2\/product_cat?post=11311"},{"taxonomy":"product_tag","embeddable":true,"href":"https:\/\/ofertacular.com\/index.php\/wp-json\/wp\/v2\/product_tag?post=11311"}],"curies":[{"name":"wp","href":"https:\/\/api.w.org\/{rel}","templated":true}]}}