{"id":11313,"date":"2026-01-30T10:52:51","date_gmt":"2026-01-30T09:52:51","guid":{"rendered":"https:\/\/ofertacular.com\/index.php\/producto\/caffe-borbone\/"},"modified":"2026-01-30T10:52:51","modified_gmt":"2026-01-30T09:52:51","slug":"caffe-borbone","status":"publish","type":"product","link":"https:\/\/ofertacular.com\/index.php\/producto\/caffe-borbone\/","title":{"rendered":"Caff\u00e8 Borbone"},"content":{"rendered":"<div class=\"oferta-container\">\n<p>\ud83d\udfe5 <b>\u00a1GANGAZO!<\/b> \ud83d\udfe5 #Publicidad #Amazon #16<\/p>\n<p>\ud83d\udd34 <b>Caf\u00e9 Borbone <\/b><\/p>\n<p>\u2705 <b>AHORA 16.71 \u20ac<\/b> \u2714\ufe0f\ud83d\udfe1<\/p>\n<p>\u274c Antes 22.10 \u20ac<\/p>\n<p>\ud83d\uded2: <a href=\"https:\/\/btz.es\/5jMuZM2\" target=\"_blank\" rel=\"nofollow noopener\">https:\/\/btz.es\/5jMuZM2<\/a><\/p>\n<p>Descubre el aut\u00e9ntico sabor del caf\u00e9 italiano con Caff\u00e8 Borbone, una marca reconocida por su calidad superior y tradici\u00f3n en la preparaci\u00f3n de caf\u00e9 espresso. Ideal para quienes buscan una experiencia rica, intensa y arom\u00e1tica en cada taza. Perfecto para cafeteras espresso, Caff\u00e8 Borbone ofrece blends \u00fanicos que garantizan una excelente crema y sabor equilibrado. Optimizado para amantes del caf\u00e9 que valoran la calidad y el gusto refinado, este producto se posiciona como una referencia en el mundo del caf\u00e9 premium.<\/p>\n<\/p><\/div>\n","protected":false},"excerpt":{"rendered":"<p>\ud83d\udfe5 \u00a1GANGAZO! \ud83d\udfe5 #Publicidad #Amazon #16 \ud83d\udd34 Caf\u00e9 Borbone \u2705 AHORA 16.71 \u20ac \u2714\ufe0f\ud83d\udfe1 \u274c Antes 22.10 \u20ac \ud83d\uded2: https:\/\/btz.es\/5jMuZM2 Descubre el aut\u00e9ntico sabor del caf\u00e9 italiano con Caff\u00e8 Borbone, una marca reconocida por su calidad superior y tradici\u00f3n en la preparaci\u00f3n de caf\u00e9 espresso. Ideal para quienes buscan una experiencia rica, intensa y arom\u00e1tica [&hellip;]<\/p>\n","protected":false},"featured_media":11312,"template":"","meta":{"_gspb_post_css":""},"store":[],"product_brand":[],"product_cat":[16],"product_tag":[],"class_list":{"0":"post-11313","1":"product","2":"type-product","3":"status-publish","4":"has-post-thumbnail","6":"product_cat-sin-categorizar","8":"first","9":"instock","10":"sale","11":"shipping-taxable","12":"product-type-external"},"jetpack_sharing_enabled":true,"_links":{"self":[{"href":"https:\/\/ofertacular.com\/index.php\/wp-json\/wp\/v2\/product\/11313","targetHints":{"allow":["GET"]}}],"collection":[{"href":"https:\/\/ofertacular.com\/index.php\/wp-json\/wp\/v2\/product"}],"about":[{"href":"https:\/\/ofertacular.com\/index.php\/wp-json\/wp\/v2\/types\/product"}],"wp:featuredmedia":[{"embeddable":true,"href":"https:\/\/ofertacular.com\/index.php\/wp-json\/wp\/v2\/media\/11312"}],"wp:attachment":[{"href":"https:\/\/ofertacular.com\/index.php\/wp-json\/wp\/v2\/media?parent=11313"}],"wp:term":[{"taxonomy":"store","embeddable":true,"href":"https:\/\/ofertacular.com\/index.php\/wp-json\/wp\/v2\/store?post=11313"},{"taxonomy":"product_brand","embeddable":true,"href":"https:\/\/ofertacular.com\/index.php\/wp-json\/wp\/v2\/product_brand?post=11313"},{"taxonomy":"product_cat","embeddable":true,"href":"https:\/\/ofertacular.com\/index.php\/wp-json\/wp\/v2\/product_cat?post=11313"},{"taxonomy":"product_tag","embeddable":true,"href":"https:\/\/ofertacular.com\/index.php\/wp-json\/wp\/v2\/product_tag?post=11313"}],"curies":[{"name":"wp","href":"https:\/\/api.w.org\/{rel}","templated":true}]}}