{"id":11317,"date":"2026-01-30T10:56:40","date_gmt":"2026-01-30T09:56:40","guid":{"rendered":"https:\/\/ofertacular.com\/index.php\/producto\/head-vibe\/"},"modified":"2026-01-30T10:56:40","modified_gmt":"2026-01-30T09:56:40","slug":"head-vibe","status":"publish","type":"product","link":"https:\/\/ofertacular.com\/index.php\/producto\/head-vibe\/","title":{"rendered":"HEAD Vibe"},"content":{"rendered":"<div class=\"oferta-container\">\n<p>\ud83d\udfe5 <b>CHOLLAZO<\/b> \ud83d\udfe5 #Publicidad #Amazon #16<\/p>\n<p>\ud83d\udd34 <b>Auriculares Vibe <\/b><\/p>\n<p>\u2705 <b>AHORA 59.99 \u20ac<\/b> \u2714\ufe0f\ud83d\udfe1<\/p>\n<p>\u274c Antes 100.00 \u20ac<\/p>\n<p>\ud83d\uded2: <a href=\"https:\/\/btz.es\/5jMvX55\" target=\"_blank\" rel=\"nofollow noopener\">https:\/\/btz.es\/5jMvX55<\/a><\/p>\n<p>Descubre la calidad y comodidad de los Auriculares Head Vibe, dise\u00f1ados para ofrecer una experiencia sonora superior. Perfectos para m\u00fasica, llamadas y entretenimiento, estos auriculares combinan estilo moderno con tecnolog\u00eda avanzada para un audio n\u00edtido y envolvente. Optimiza tus momentos de escucha con Head Vibe, la marca que lidera en innovaci\u00f3n y rendimiento auditivo.<\/p>\n<\/p><\/div>\n","protected":false},"excerpt":{"rendered":"<p>\ud83d\udfe5 CHOLLAZO \ud83d\udfe5 #Publicidad #Amazon #16 \ud83d\udd34 Auriculares Vibe \u2705 AHORA 59.99 \u20ac \u2714\ufe0f\ud83d\udfe1 \u274c Antes 100.00 \u20ac \ud83d\uded2: https:\/\/btz.es\/5jMvX55 Descubre la calidad y comodidad de los Auriculares Head Vibe, dise\u00f1ados para ofrecer una experiencia sonora superior. Perfectos para m\u00fasica, llamadas y entretenimiento, estos auriculares combinan estilo moderno con tecnolog\u00eda avanzada para un audio n\u00edtido [&hellip;]<\/p>\n","protected":false},"featured_media":11316,"template":"","meta":{"_gspb_post_css":""},"store":[],"product_brand":[],"product_cat":[16],"product_tag":[],"class_list":{"0":"post-11317","1":"product","2":"type-product","3":"status-publish","4":"has-post-thumbnail","6":"product_cat-sin-categorizar","8":"first","9":"instock","10":"sale","11":"shipping-taxable","12":"product-type-external"},"jetpack_sharing_enabled":true,"_links":{"self":[{"href":"https:\/\/ofertacular.com\/index.php\/wp-json\/wp\/v2\/product\/11317","targetHints":{"allow":["GET"]}}],"collection":[{"href":"https:\/\/ofertacular.com\/index.php\/wp-json\/wp\/v2\/product"}],"about":[{"href":"https:\/\/ofertacular.com\/index.php\/wp-json\/wp\/v2\/types\/product"}],"wp:featuredmedia":[{"embeddable":true,"href":"https:\/\/ofertacular.com\/index.php\/wp-json\/wp\/v2\/media\/11316"}],"wp:attachment":[{"href":"https:\/\/ofertacular.com\/index.php\/wp-json\/wp\/v2\/media?parent=11317"}],"wp:term":[{"taxonomy":"store","embeddable":true,"href":"https:\/\/ofertacular.com\/index.php\/wp-json\/wp\/v2\/store?post=11317"},{"taxonomy":"product_brand","embeddable":true,"href":"https:\/\/ofertacular.com\/index.php\/wp-json\/wp\/v2\/product_brand?post=11317"},{"taxonomy":"product_cat","embeddable":true,"href":"https:\/\/ofertacular.com\/index.php\/wp-json\/wp\/v2\/product_cat?post=11317"},{"taxonomy":"product_tag","embeddable":true,"href":"https:\/\/ofertacular.com\/index.php\/wp-json\/wp\/v2\/product_tag?post=11317"}],"curies":[{"name":"wp","href":"https:\/\/api.w.org\/{rel}","templated":true}]}}