{"id":11330,"date":"2026-02-02T08:46:17","date_gmt":"2026-02-02T07:46:17","guid":{"rendered":"https:\/\/ofertacular.com\/index.php\/producto\/puma-bolsa-2\/"},"modified":"2026-02-02T08:46:17","modified_gmt":"2026-02-02T07:46:17","slug":"puma-bolsa-2","status":"publish","type":"product","link":"https:\/\/ofertacular.com\/index.php\/producto\/puma-bolsa-2\/","title":{"rendered":"Puma Bolsa"},"content":{"rendered":"<div class=\"oferta-container\">\n<p>\ud83d\udfe5 <b>ES UN CHOLL\u00d3N<\/b> \ud83d\udfe5 #Publicidad #Amazon #16<\/p>\n<p>\ud83d\udd34 <b>Bolsa Puma <\/b><\/p>\n<p>\u2705 <b>AHORA 11.54 \u20ac<\/b> \u2714\ufe0f\ud83d\udfe1<\/p>\n<p>\u274c Antes 29.95 \u20ac<\/p>\n<p>\ud83d\uded2: <a href=\"https:\/\/btz.es\/5kdwHWK\" target=\"_blank\" rel=\"nofollow noopener\">https:\/\/btz.es\/5kdwHWK<\/a><\/p>\n<p>Descubre la funcionalidad y estilo con la Bolsa Puma, dise\u00f1ada para acompa\u00f1arte en todas tus actividades diarias con comodidad y resistencia. Su dise\u00f1o moderno y materiales de alta calidad garantizan durabilidad y versatilidad, convirti\u00e9ndola en el accesorio perfecto para deportistas y amantes de la moda. Optimizada para aquellos que buscan combinar practicidad con un toque deportivo inconfundible, la Bolsa Puma es ideal para llevar todo lo que necesitas con elegancia.<\/p>\n<\/p><\/div>\n","protected":false},"excerpt":{"rendered":"<p>\ud83d\udfe5 ES UN CHOLL\u00d3N \ud83d\udfe5 #Publicidad #Amazon #16 \ud83d\udd34 Bolsa Puma \u2705 AHORA 11.54 \u20ac \u2714\ufe0f\ud83d\udfe1 \u274c Antes 29.95 \u20ac \ud83d\uded2: https:\/\/btz.es\/5kdwHWK Descubre la funcionalidad y estilo con la Bolsa Puma, dise\u00f1ada para acompa\u00f1arte en todas tus actividades diarias con comodidad y resistencia. Su dise\u00f1o moderno y materiales de alta calidad garantizan durabilidad y versatilidad, [&hellip;]<\/p>\n","protected":false},"featured_media":11329,"template":"","meta":{"_gspb_post_css":""},"store":[],"product_brand":[],"product_cat":[16],"product_tag":[],"class_list":{"0":"post-11330","1":"product","2":"type-product","3":"status-publish","4":"has-post-thumbnail","6":"product_cat-sin-categorizar","8":"first","9":"instock","10":"sale","11":"shipping-taxable","12":"product-type-external"},"jetpack_sharing_enabled":true,"_links":{"self":[{"href":"https:\/\/ofertacular.com\/index.php\/wp-json\/wp\/v2\/product\/11330","targetHints":{"allow":["GET"]}}],"collection":[{"href":"https:\/\/ofertacular.com\/index.php\/wp-json\/wp\/v2\/product"}],"about":[{"href":"https:\/\/ofertacular.com\/index.php\/wp-json\/wp\/v2\/types\/product"}],"wp:featuredmedia":[{"embeddable":true,"href":"https:\/\/ofertacular.com\/index.php\/wp-json\/wp\/v2\/media\/11329"}],"wp:attachment":[{"href":"https:\/\/ofertacular.com\/index.php\/wp-json\/wp\/v2\/media?parent=11330"}],"wp:term":[{"taxonomy":"store","embeddable":true,"href":"https:\/\/ofertacular.com\/index.php\/wp-json\/wp\/v2\/store?post=11330"},{"taxonomy":"product_brand","embeddable":true,"href":"https:\/\/ofertacular.com\/index.php\/wp-json\/wp\/v2\/product_brand?post=11330"},{"taxonomy":"product_cat","embeddable":true,"href":"https:\/\/ofertacular.com\/index.php\/wp-json\/wp\/v2\/product_cat?post=11330"},{"taxonomy":"product_tag","embeddable":true,"href":"https:\/\/ofertacular.com\/index.php\/wp-json\/wp\/v2\/product_tag?post=11330"}],"curies":[{"name":"wp","href":"https:\/\/api.w.org\/{rel}","templated":true}]}}