{"id":11334,"date":"2026-02-02T10:33:09","date_gmt":"2026-02-02T09:33:09","guid":{"rendered":"https:\/\/ofertacular.com\/index.php\/producto\/sudadera-rosa\/"},"modified":"2026-02-02T10:33:09","modified_gmt":"2026-02-02T09:33:09","slug":"sudadera-rosa","status":"publish","type":"product","link":"https:\/\/ofertacular.com\/index.php\/producto\/sudadera-rosa\/","title":{"rendered":"Sudadera Rosa"},"content":{"rendered":"<div class=\"oferta-container\">\n<p>\ud83d\udfe5 <b>\u00a1S\u00d3LO HOY!<\/b> \ud83d\udfe5 #Publicidad #Amazon #16<\/p>\n<p>\ud83d\udd34 <b>Sudadera Rosa <\/b><\/p>\n<p>\u2705 <b>AHORA 1.65 \u20ac<\/b> \u2714\ufe0f\ud83d\udfe1<\/p>\n<p>\u274c Antes <\/p>\n<p>\ud83d\uded2: <a href=\"https:\/\/btz.es\/5kdNBK2\" target=\"_blank\" rel=\"nofollow noopener\">https:\/\/btz.es\/5kdNBK2<\/a><\/p>\n<p>Descubre la comodidad y estilo con nuestra sudadera rosa para mujer, dise\u00f1ada para ofrecer un ajuste perfecto y m\u00e1xima suavidad. Ideal para cualquier ocasi\u00f3n casual, esta sudadera combina moda y funcionalidad, asegurando que siempre luzcas impecable. Perfecta para tu guardarropa, esta prenda aporta un color vibrante y un dise\u00f1o moderno que realza tu look diario.<\/p>\n<\/p><\/div>\n","protected":false},"excerpt":{"rendered":"<p>\ud83d\udfe5 \u00a1S\u00d3LO HOY! \ud83d\udfe5 #Publicidad #Amazon #16 \ud83d\udd34 Sudadera Rosa \u2705 AHORA 1.65 \u20ac \u2714\ufe0f\ud83d\udfe1 \u274c Antes \ud83d\uded2: https:\/\/btz.es\/5kdNBK2 Descubre la comodidad y estilo con nuestra sudadera rosa para mujer, dise\u00f1ada para ofrecer un ajuste perfecto y m\u00e1xima suavidad. Ideal para cualquier ocasi\u00f3n casual, esta sudadera combina moda y funcionalidad, asegurando que siempre luzcas impecable. [&hellip;]<\/p>\n","protected":false},"featured_media":11333,"template":"","meta":{"_gspb_post_css":""},"store":[],"product_brand":[],"product_cat":[16],"product_tag":[],"class_list":{"0":"post-11334","1":"product","2":"type-product","3":"status-publish","4":"has-post-thumbnail","6":"product_cat-sin-categorizar","8":"first","9":"instock","10":"shipping-taxable","11":"product-type-external"},"jetpack_sharing_enabled":true,"_links":{"self":[{"href":"https:\/\/ofertacular.com\/index.php\/wp-json\/wp\/v2\/product\/11334","targetHints":{"allow":["GET"]}}],"collection":[{"href":"https:\/\/ofertacular.com\/index.php\/wp-json\/wp\/v2\/product"}],"about":[{"href":"https:\/\/ofertacular.com\/index.php\/wp-json\/wp\/v2\/types\/product"}],"wp:featuredmedia":[{"embeddable":true,"href":"https:\/\/ofertacular.com\/index.php\/wp-json\/wp\/v2\/media\/11333"}],"wp:attachment":[{"href":"https:\/\/ofertacular.com\/index.php\/wp-json\/wp\/v2\/media?parent=11334"}],"wp:term":[{"taxonomy":"store","embeddable":true,"href":"https:\/\/ofertacular.com\/index.php\/wp-json\/wp\/v2\/store?post=11334"},{"taxonomy":"product_brand","embeddable":true,"href":"https:\/\/ofertacular.com\/index.php\/wp-json\/wp\/v2\/product_brand?post=11334"},{"taxonomy":"product_cat","embeddable":true,"href":"https:\/\/ofertacular.com\/index.php\/wp-json\/wp\/v2\/product_cat?post=11334"},{"taxonomy":"product_tag","embeddable":true,"href":"https:\/\/ofertacular.com\/index.php\/wp-json\/wp\/v2\/product_tag?post=11334"}],"curies":[{"name":"wp","href":"https:\/\/api.w.org\/{rel}","templated":true}]}}