{"id":11344,"date":"2026-02-02T13:19:31","date_gmt":"2026-02-02T12:19:31","guid":{"rendered":"https:\/\/ofertacular.com\/index.php\/producto\/vexilar-aspiradora-2\/"},"modified":"2026-02-02T13:19:31","modified_gmt":"2026-02-02T12:19:31","slug":"vexilar-aspiradora-2","status":"publish","type":"product","link":"https:\/\/ofertacular.com\/index.php\/producto\/vexilar-aspiradora-2\/","title":{"rendered":"Vexilar Aspiradora"},"content":{"rendered":"<div class=\"oferta-container\">\n<p>\ud83d\udfe5 <b>CHOLLAZO<\/b> \ud83d\udfe5 #Publicidad #Amazon #16<\/p>\n<p>\ud83d\udd34 <b>Aspiradora Vexilar <\/b><\/p>\n<p>\u2705 <b>AHORA 89.99 \u20ac<\/b> \u2714\ufe0f\ud83d\udfe1<\/p>\n<p>\u274c Antes 119.99 \u20ac<\/p>\n<p>\ud83d\uded2: <a href=\"https:\/\/btz.es\/5ke3473\" target=\"_blank\" rel=\"nofollow noopener\">https:\/\/btz.es\/5ke3473<\/a><\/p>\n<p>Descubre la potencia y eficiencia de la Aspiradora Vexilar, dise\u00f1ada para una limpieza profunda y r\u00e1pida en todo tipo de superficies. Su tecnolog\u00eda avanzada ofrece un rendimiento superior, facilidad de uso y durabilidad, ideal para mantener tu hogar impecable. Optimizada para brindar resultados excepcionales y contribuir a un ambiente m\u00e1s saludable, la Aspiradora Vexilar es la elecci\u00f3n perfecta para quienes buscan calidad y confianza en sus electrodom\u00e9sticos.<\/p>\n<\/p><\/div>\n","protected":false},"excerpt":{"rendered":"<p>\ud83d\udfe5 CHOLLAZO \ud83d\udfe5 #Publicidad #Amazon #16 \ud83d\udd34 Aspiradora Vexilar \u2705 AHORA 89.99 \u20ac \u2714\ufe0f\ud83d\udfe1 \u274c Antes 119.99 \u20ac \ud83d\uded2: https:\/\/btz.es\/5ke3473 Descubre la potencia y eficiencia de la Aspiradora Vexilar, dise\u00f1ada para una limpieza profunda y r\u00e1pida en todo tipo de superficies. Su tecnolog\u00eda avanzada ofrece un rendimiento superior, facilidad de uso y durabilidad, ideal para [&hellip;]<\/p>\n","protected":false},"featured_media":11343,"template":"","meta":{"_gspb_post_css":""},"store":[],"product_brand":[],"product_cat":[16],"product_tag":[],"class_list":{"0":"post-11344","1":"product","2":"type-product","3":"status-publish","4":"has-post-thumbnail","6":"product_cat-sin-categorizar","8":"first","9":"instock","10":"sale","11":"shipping-taxable","12":"product-type-external"},"jetpack_sharing_enabled":true,"_links":{"self":[{"href":"https:\/\/ofertacular.com\/index.php\/wp-json\/wp\/v2\/product\/11344","targetHints":{"allow":["GET"]}}],"collection":[{"href":"https:\/\/ofertacular.com\/index.php\/wp-json\/wp\/v2\/product"}],"about":[{"href":"https:\/\/ofertacular.com\/index.php\/wp-json\/wp\/v2\/types\/product"}],"wp:featuredmedia":[{"embeddable":true,"href":"https:\/\/ofertacular.com\/index.php\/wp-json\/wp\/v2\/media\/11343"}],"wp:attachment":[{"href":"https:\/\/ofertacular.com\/index.php\/wp-json\/wp\/v2\/media?parent=11344"}],"wp:term":[{"taxonomy":"store","embeddable":true,"href":"https:\/\/ofertacular.com\/index.php\/wp-json\/wp\/v2\/store?post=11344"},{"taxonomy":"product_brand","embeddable":true,"href":"https:\/\/ofertacular.com\/index.php\/wp-json\/wp\/v2\/product_brand?post=11344"},{"taxonomy":"product_cat","embeddable":true,"href":"https:\/\/ofertacular.com\/index.php\/wp-json\/wp\/v2\/product_cat?post=11344"},{"taxonomy":"product_tag","embeddable":true,"href":"https:\/\/ofertacular.com\/index.php\/wp-json\/wp\/v2\/product_tag?post=11344"}],"curies":[{"name":"wp","href":"https:\/\/api.w.org\/{rel}","templated":true}]}}