{"id":11366,"date":"2026-02-03T08:41:27","date_gmt":"2026-02-03T07:41:27","guid":{"rendered":"https:\/\/ofertacular.com\/index.php\/producto\/cocina-tijeras\/"},"modified":"2026-02-03T08:41:27","modified_gmt":"2026-02-03T07:41:27","slug":"cocina-tijeras","status":"publish","type":"product","link":"https:\/\/ofertacular.com\/index.php\/producto\/cocina-tijeras\/","title":{"rendered":"Cocina Tijeras"},"content":{"rendered":"<div class=\"oferta-container\">\n<p>\ud83d\udfe5 <b>\u00a1OFERT\u00d3N!<\/b> \ud83d\udfe5 #Publicidad #Amazon #16<\/p>\n<p>\ud83d\udd34 <b>Tijeras Cocina <\/b><\/p>\n<p>\u2705 <b>AHORA 1 \u20ac<\/b> \u2714\ufe0f\ud83d\udfe1<\/p>\n<p>\u274c Antes <\/p>\n<p>\ud83d\uded2: <a href=\"https:\/\/btz.es\/5kjmbdt\" target=\"_blank\" rel=\"nofollow noopener\">https:\/\/btz.es\/5kjmbdt<\/a><\/p>\n<p>Descubre las Tijeras de Cocina profesionales, perfectas para cortar carnes, verduras y hierbas con precisi\u00f3n y facilidad. Fabricadas con materiales de alta calidad para durabilidad y ergonom\u00eda, estas tijeras son esenciales en cualquier cocina moderna. Optimiza tu experiencia culinaria con una herramienta vers\u00e1til y resistente, ideal para uso dom\u00e9stico y profesional.<\/p>\n<\/p><\/div>\n","protected":false},"excerpt":{"rendered":"<p>\ud83d\udfe5 \u00a1OFERT\u00d3N! \ud83d\udfe5 #Publicidad #Amazon #16 \ud83d\udd34 Tijeras Cocina \u2705 AHORA 1 \u20ac \u2714\ufe0f\ud83d\udfe1 \u274c Antes \ud83d\uded2: https:\/\/btz.es\/5kjmbdt Descubre las Tijeras de Cocina profesionales, perfectas para cortar carnes, verduras y hierbas con precisi\u00f3n y facilidad. Fabricadas con materiales de alta calidad para durabilidad y ergonom\u00eda, estas tijeras son esenciales en cualquier cocina moderna. Optimiza tu [&hellip;]<\/p>\n","protected":false},"featured_media":11365,"template":"","meta":{"_gspb_post_css":""},"store":[],"product_brand":[],"product_cat":[16],"product_tag":[],"class_list":{"0":"post-11366","1":"product","2":"type-product","3":"status-publish","4":"has-post-thumbnail","6":"product_cat-sin-categorizar","8":"first","9":"instock","10":"shipping-taxable","11":"product-type-external"},"jetpack_sharing_enabled":true,"_links":{"self":[{"href":"https:\/\/ofertacular.com\/index.php\/wp-json\/wp\/v2\/product\/11366","targetHints":{"allow":["GET"]}}],"collection":[{"href":"https:\/\/ofertacular.com\/index.php\/wp-json\/wp\/v2\/product"}],"about":[{"href":"https:\/\/ofertacular.com\/index.php\/wp-json\/wp\/v2\/types\/product"}],"wp:featuredmedia":[{"embeddable":true,"href":"https:\/\/ofertacular.com\/index.php\/wp-json\/wp\/v2\/media\/11365"}],"wp:attachment":[{"href":"https:\/\/ofertacular.com\/index.php\/wp-json\/wp\/v2\/media?parent=11366"}],"wp:term":[{"taxonomy":"store","embeddable":true,"href":"https:\/\/ofertacular.com\/index.php\/wp-json\/wp\/v2\/store?post=11366"},{"taxonomy":"product_brand","embeddable":true,"href":"https:\/\/ofertacular.com\/index.php\/wp-json\/wp\/v2\/product_brand?post=11366"},{"taxonomy":"product_cat","embeddable":true,"href":"https:\/\/ofertacular.com\/index.php\/wp-json\/wp\/v2\/product_cat?post=11366"},{"taxonomy":"product_tag","embeddable":true,"href":"https:\/\/ofertacular.com\/index.php\/wp-json\/wp\/v2\/product_tag?post=11366"}],"curies":[{"name":"wp","href":"https:\/\/api.w.org\/{rel}","templated":true}]}}