{"id":11368,"date":"2026-02-03T08:44:14","date_gmt":"2026-02-03T07:44:14","guid":{"rendered":"https:\/\/ofertacular.com\/index.php\/producto\/baloo-figure\/"},"modified":"2026-02-03T08:44:14","modified_gmt":"2026-02-03T07:44:14","slug":"baloo-figure","status":"publish","type":"product","link":"https:\/\/ofertacular.com\/index.php\/producto\/baloo-figure\/","title":{"rendered":"Baloo Figure"},"content":{"rendered":"<div class=\"oferta-container\">\ud83d\udfea <b>EXCLUSIVO<\/b> \ud83d\udfea #Publicidad #Amazon\ud83d\udfe3 <b> Funko POP! Disney Baloo<\/b> \u2705 <b>AHORA 16.33 \u20ac<\/b> \u2714\ufe0f\ud83d\udfe1\u274c Antes 21.00 \u20ac \u20ac \ud83d\uded2: https:\/\/btz.es\/5kjmIBj\ud83d\udfe2 Ofertacular.com<\/p>\n<p>Descubre la magia de Disney con el Funko POP! Disney: Baloo, un imprescindible para los amantes de las figuras coleccionables. Este mu\u00f1eco de vinilo captura la esencia entra\u00f1able del personaje Baloo, ofreciendo detalles \u00fanicos que lo hacen perfecto tanto para coleccionistas como para fans de todas las edades. Ideal para exhibir en tu hogar u oficina, este Funko POP! es la elecci\u00f3n perfecta para regalar o ampliar tu colecci\u00f3n Disney. Compra ahora y agrega un toque de diversi\u00f3n y nostalgia a tu espacio con esta figura oficial, dise\u00f1ada para destacarse y ofrecer la mejor calidad del mercado.<\/p>\n<\/div>\n","protected":false},"excerpt":{"rendered":"<p>\ud83d\udfea EXCLUSIVO \ud83d\udfea #Publicidad #Amazon\ud83d\udfe3 Funko POP! Disney Baloo \u2705 AHORA 16.33 \u20ac \u2714\ufe0f\ud83d\udfe1\u274c Antes 21.00 \u20ac \u20ac \ud83d\uded2: https:\/\/btz.es\/5kjmIBj\ud83d\udfe2 Ofertacular.com Descubre la magia de Disney con el Funko POP! Disney: Baloo, un imprescindible para los amantes de las figuras coleccionables. Este mu\u00f1eco de vinilo captura la esencia entra\u00f1able del personaje Baloo, ofreciendo detalles \u00fanicos [&hellip;]<\/p>\n","protected":false},"featured_media":11367,"template":"","meta":{"_gspb_post_css":""},"store":[],"product_brand":[],"product_cat":[16],"product_tag":[],"class_list":{"0":"post-11368","1":"product","2":"type-product","3":"status-publish","4":"has-post-thumbnail","6":"product_cat-sin-categorizar","8":"first","9":"instock","10":"sale","11":"shipping-taxable","12":"product-type-external"},"jetpack_sharing_enabled":true,"_links":{"self":[{"href":"https:\/\/ofertacular.com\/index.php\/wp-json\/wp\/v2\/product\/11368","targetHints":{"allow":["GET"]}}],"collection":[{"href":"https:\/\/ofertacular.com\/index.php\/wp-json\/wp\/v2\/product"}],"about":[{"href":"https:\/\/ofertacular.com\/index.php\/wp-json\/wp\/v2\/types\/product"}],"wp:featuredmedia":[{"embeddable":true,"href":"https:\/\/ofertacular.com\/index.php\/wp-json\/wp\/v2\/media\/11367"}],"wp:attachment":[{"href":"https:\/\/ofertacular.com\/index.php\/wp-json\/wp\/v2\/media?parent=11368"}],"wp:term":[{"taxonomy":"store","embeddable":true,"href":"https:\/\/ofertacular.com\/index.php\/wp-json\/wp\/v2\/store?post=11368"},{"taxonomy":"product_brand","embeddable":true,"href":"https:\/\/ofertacular.com\/index.php\/wp-json\/wp\/v2\/product_brand?post=11368"},{"taxonomy":"product_cat","embeddable":true,"href":"https:\/\/ofertacular.com\/index.php\/wp-json\/wp\/v2\/product_cat?post=11368"},{"taxonomy":"product_tag","embeddable":true,"href":"https:\/\/ofertacular.com\/index.php\/wp-json\/wp\/v2\/product_tag?post=11368"}],"curies":[{"name":"wp","href":"https:\/\/api.w.org\/{rel}","templated":true}]}}