{"id":11382,"date":"2026-02-03T11:02:19","date_gmt":"2026-02-03T10:02:19","guid":{"rendered":"https:\/\/ofertacular.com\/index.php\/producto\/dkny-giftset\/"},"modified":"2026-02-03T11:02:19","modified_gmt":"2026-02-03T10:02:19","slug":"dkny-giftset","status":"publish","type":"product","link":"https:\/\/ofertacular.com\/index.php\/producto\/dkny-giftset\/","title":{"rendered":"DKNY Giftset"},"content":{"rendered":"<div class=\"oferta-container\">\n<p>\ud83d\udfe5 <b>\u00a1APROVECHA!<\/b> \ud83d\udfe5 #Publicidad #Amazon #16<\/p>\n<p>\ud83d\udd34 <b>Set Perfume <\/b><\/p>\n<p>\u2705 <b>AHORA 40.54 \u20ac<\/b> \u2714\ufe0f\ud83d\udfe1<\/p>\n<p>\u274c Antes 53.24 \u20ac<\/p>\n<p>\ud83d\uded2: <a href=\"https:\/\/btz.es\/5kjL3Tg\" target=\"_blank\" rel=\"nofollow noopener\">https:\/\/btz.es\/5kjL3Tg<\/a><\/p>\n<p>Descubre el Set Perfume DKNY, una combinaci\u00f3n exquisita para quienes buscan elegancia y frescura en su fragancia diaria. Este exclusivo Giftset DKNY ofrece aromas vibrantes y sofisticados, ideales para cualquier ocasi\u00f3n especial o para realzar tu d\u00eda a d\u00eda con un toque de distinci\u00f3n. Perfecto para regalar o consentirte a ti mismo, el Set Perfume DKNY garantiza una experiencia olfativa \u00fanica que realza tu estilo personal. Aprovecha ahora esta oferta y a\u00f1ade un toque de lujo y frescura a tu colecci\u00f3n de fragancias.<\/p>\n<\/p><\/div>\n","protected":false},"excerpt":{"rendered":"<p>\ud83d\udfe5 \u00a1APROVECHA! \ud83d\udfe5 #Publicidad #Amazon #16 \ud83d\udd34 Set Perfume \u2705 AHORA 40.54 \u20ac \u2714\ufe0f\ud83d\udfe1 \u274c Antes 53.24 \u20ac \ud83d\uded2: https:\/\/btz.es\/5kjL3Tg Descubre el Set Perfume DKNY, una combinaci\u00f3n exquisita para quienes buscan elegancia y frescura en su fragancia diaria. Este exclusivo Giftset DKNY ofrece aromas vibrantes y sofisticados, ideales para cualquier ocasi\u00f3n especial o para realzar [&hellip;]<\/p>\n","protected":false},"featured_media":11381,"template":"","meta":{"_gspb_post_css":""},"store":[],"product_brand":[],"product_cat":[16],"product_tag":[],"class_list":{"0":"post-11382","1":"product","2":"type-product","3":"status-publish","4":"has-post-thumbnail","6":"product_cat-sin-categorizar","8":"first","9":"instock","10":"sale","11":"shipping-taxable","12":"product-type-external"},"jetpack_sharing_enabled":true,"_links":{"self":[{"href":"https:\/\/ofertacular.com\/index.php\/wp-json\/wp\/v2\/product\/11382","targetHints":{"allow":["GET"]}}],"collection":[{"href":"https:\/\/ofertacular.com\/index.php\/wp-json\/wp\/v2\/product"}],"about":[{"href":"https:\/\/ofertacular.com\/index.php\/wp-json\/wp\/v2\/types\/product"}],"wp:featuredmedia":[{"embeddable":true,"href":"https:\/\/ofertacular.com\/index.php\/wp-json\/wp\/v2\/media\/11381"}],"wp:attachment":[{"href":"https:\/\/ofertacular.com\/index.php\/wp-json\/wp\/v2\/media?parent=11382"}],"wp:term":[{"taxonomy":"store","embeddable":true,"href":"https:\/\/ofertacular.com\/index.php\/wp-json\/wp\/v2\/store?post=11382"},{"taxonomy":"product_brand","embeddable":true,"href":"https:\/\/ofertacular.com\/index.php\/wp-json\/wp\/v2\/product_brand?post=11382"},{"taxonomy":"product_cat","embeddable":true,"href":"https:\/\/ofertacular.com\/index.php\/wp-json\/wp\/v2\/product_cat?post=11382"},{"taxonomy":"product_tag","embeddable":true,"href":"https:\/\/ofertacular.com\/index.php\/wp-json\/wp\/v2\/product_tag?post=11382"}],"curies":[{"name":"wp","href":"https:\/\/api.w.org\/{rel}","templated":true}]}}