{"id":11384,"date":"2026-02-03T11:05:41","date_gmt":"2026-02-03T10:05:41","guid":{"rendered":"https:\/\/ofertacular.com\/index.php\/producto\/camiseta-algodon\/"},"modified":"2026-02-03T11:05:41","modified_gmt":"2026-02-03T10:05:41","slug":"camiseta-algodon","status":"publish","type":"product","link":"https:\/\/ofertacular.com\/index.php\/producto\/camiseta-algodon\/","title":{"rendered":"Camiseta Algod\u00f3n"},"content":{"rendered":"<div class=\"oferta-container\">\n<p>\ud83d\udfe5 <b>\u00a1OFERTA ESPECIAL!<\/b> \ud83d\udfe5 #Publicidad #Amazon #16<\/p>\n<p>\ud83d\udd34 <b>Camiseta Algod\u00f3n <\/b><\/p>\n<p>\u2705 <b>AHORA 8.5 \u20ac<\/b> \u2714\ufe0f\ud83d\udfe1<\/p>\n<p>\u274c Antes 13.60 \u20ac<\/p>\n<p>\ud83d\uded2: <a href=\"https:\/\/btz.es\/5kjMuek\" target=\"_blank\" rel=\"nofollow noopener\">https:\/\/btz.es\/5kjMuek<\/a><\/p>\n<p>Descubre la comodidad y calidad de nuestra camiseta de algod\u00f3n, dise\u00f1ada para ofrecer frescura y durabilidad en cada uso. Ideal para cualquier ocasi\u00f3n, esta prenda esencial combina estilo y suavidad natural para que te sientas bien todo el d\u00eda. Optimizada para quienes buscan confort y moda en una sola camiseta.<\/p>\n<\/p><\/div>\n","protected":false},"excerpt":{"rendered":"<p>\ud83d\udfe5 \u00a1OFERTA ESPECIAL! \ud83d\udfe5 #Publicidad #Amazon #16 \ud83d\udd34 Camiseta Algod\u00f3n \u2705 AHORA 8.5 \u20ac \u2714\ufe0f\ud83d\udfe1 \u274c Antes 13.60 \u20ac \ud83d\uded2: https:\/\/btz.es\/5kjMuek Descubre la comodidad y calidad de nuestra camiseta de algod\u00f3n, dise\u00f1ada para ofrecer frescura y durabilidad en cada uso. Ideal para cualquier ocasi\u00f3n, esta prenda esencial combina estilo y suavidad natural para que te [&hellip;]<\/p>\n","protected":false},"featured_media":11383,"template":"","meta":{"_gspb_post_css":""},"store":[],"product_brand":[],"product_cat":[16],"product_tag":[],"class_list":{"0":"post-11384","1":"product","2":"type-product","3":"status-publish","4":"has-post-thumbnail","6":"product_cat-sin-categorizar","8":"first","9":"instock","10":"sale","11":"shipping-taxable","12":"product-type-external"},"jetpack_sharing_enabled":true,"_links":{"self":[{"href":"https:\/\/ofertacular.com\/index.php\/wp-json\/wp\/v2\/product\/11384","targetHints":{"allow":["GET"]}}],"collection":[{"href":"https:\/\/ofertacular.com\/index.php\/wp-json\/wp\/v2\/product"}],"about":[{"href":"https:\/\/ofertacular.com\/index.php\/wp-json\/wp\/v2\/types\/product"}],"wp:featuredmedia":[{"embeddable":true,"href":"https:\/\/ofertacular.com\/index.php\/wp-json\/wp\/v2\/media\/11383"}],"wp:attachment":[{"href":"https:\/\/ofertacular.com\/index.php\/wp-json\/wp\/v2\/media?parent=11384"}],"wp:term":[{"taxonomy":"store","embeddable":true,"href":"https:\/\/ofertacular.com\/index.php\/wp-json\/wp\/v2\/store?post=11384"},{"taxonomy":"product_brand","embeddable":true,"href":"https:\/\/ofertacular.com\/index.php\/wp-json\/wp\/v2\/product_brand?post=11384"},{"taxonomy":"product_cat","embeddable":true,"href":"https:\/\/ofertacular.com\/index.php\/wp-json\/wp\/v2\/product_cat?post=11384"},{"taxonomy":"product_tag","embeddable":true,"href":"https:\/\/ofertacular.com\/index.php\/wp-json\/wp\/v2\/product_tag?post=11384"}],"curies":[{"name":"wp","href":"https:\/\/api.w.org\/{rel}","templated":true}]}}