{"id":11402,"date":"2026-02-04T08:40:09","date_gmt":"2026-02-04T07:40:09","guid":{"rendered":"https:\/\/ofertacular.com\/index.php\/producto\/vitamina-d3-k2\/"},"modified":"2026-02-04T08:40:09","modified_gmt":"2026-02-04T07:40:09","slug":"vitamina-d3-k2","status":"publish","type":"product","link":"https:\/\/ofertacular.com\/index.php\/producto\/vitamina-d3-k2\/","title":{"rendered":"Vitamina D3 K2"},"content":{"rendered":"<div class=\"oferta-container\">\n<p>\ud83d\udfe5 <b>\u00a1S\u00d3LO HOY!<\/b> \ud83d\udfe5 #Publicidad #Amazon #16<\/p>\n<p>\ud83d\udd34 <b>Vitamina D3 K2 <\/b><\/p>\n<p>\u2705 <b>AHORA 9.43 \u20ac<\/b> \u2714\ufe0f\ud83d\udfe1<\/p>\n<p>\u274c Antes 14.99 \u20ac<\/p>\n<p>\ud83d\uded2: <a href=\"https:\/\/btz.es\/5kpcl7c\" target=\"_blank\" rel=\"nofollow noopener\">https:\/\/btz.es\/5kpcl7c<\/a><\/p>\n<p>Descubre los beneficios de la Vitamina D3 y K2 combinadas en un solo suplemento de alta calidad. Esta f\u00f3rmula avanzada contribuye a la salud \u00f3sea, fortalece el sistema inmunol\u00f3gico y mejora la absorci\u00f3n de calcio, proporcionando un apoyo integral para tu bienestar diario. Perfecto para quienes buscan optimizar su salud con una soluci\u00f3n natural y efectiva.<\/p>\n<\/p><\/div>\n","protected":false},"excerpt":{"rendered":"<p>\ud83d\udfe5 \u00a1S\u00d3LO HOY! \ud83d\udfe5 #Publicidad #Amazon #16 \ud83d\udd34 Vitamina D3 K2 \u2705 AHORA 9.43 \u20ac \u2714\ufe0f\ud83d\udfe1 \u274c Antes 14.99 \u20ac \ud83d\uded2: https:\/\/btz.es\/5kpcl7c Descubre los beneficios de la Vitamina D3 y K2 combinadas en un solo suplemento de alta calidad. Esta f\u00f3rmula avanzada contribuye a la salud \u00f3sea, fortalece el sistema inmunol\u00f3gico y mejora la absorci\u00f3n [&hellip;]<\/p>\n","protected":false},"featured_media":11401,"template":"","meta":{"_gspb_post_css":""},"store":[],"product_brand":[],"product_cat":[16],"product_tag":[],"class_list":{"0":"post-11402","1":"product","2":"type-product","3":"status-publish","4":"has-post-thumbnail","6":"product_cat-sin-categorizar","8":"first","9":"instock","10":"sale","11":"shipping-taxable","12":"product-type-external"},"jetpack_sharing_enabled":true,"_links":{"self":[{"href":"https:\/\/ofertacular.com\/index.php\/wp-json\/wp\/v2\/product\/11402","targetHints":{"allow":["GET"]}}],"collection":[{"href":"https:\/\/ofertacular.com\/index.php\/wp-json\/wp\/v2\/product"}],"about":[{"href":"https:\/\/ofertacular.com\/index.php\/wp-json\/wp\/v2\/types\/product"}],"wp:featuredmedia":[{"embeddable":true,"href":"https:\/\/ofertacular.com\/index.php\/wp-json\/wp\/v2\/media\/11401"}],"wp:attachment":[{"href":"https:\/\/ofertacular.com\/index.php\/wp-json\/wp\/v2\/media?parent=11402"}],"wp:term":[{"taxonomy":"store","embeddable":true,"href":"https:\/\/ofertacular.com\/index.php\/wp-json\/wp\/v2\/store?post=11402"},{"taxonomy":"product_brand","embeddable":true,"href":"https:\/\/ofertacular.com\/index.php\/wp-json\/wp\/v2\/product_brand?post=11402"},{"taxonomy":"product_cat","embeddable":true,"href":"https:\/\/ofertacular.com\/index.php\/wp-json\/wp\/v2\/product_cat?post=11402"},{"taxonomy":"product_tag","embeddable":true,"href":"https:\/\/ofertacular.com\/index.php\/wp-json\/wp\/v2\/product_tag?post=11402"}],"curies":[{"name":"wp","href":"https:\/\/api.w.org\/{rel}","templated":true}]}}