{"id":11414,"date":"2026-02-06T08:18:52","date_gmt":"2026-02-06T07:18:52","guid":{"rendered":"https:\/\/ofertacular.com\/index.php\/producto\/cecotec-freidora-3\/"},"modified":"2026-02-06T08:18:52","modified_gmt":"2026-02-06T07:18:52","slug":"cecotec-freidora-3","status":"publish","type":"product","link":"https:\/\/ofertacular.com\/index.php\/producto\/cecotec-freidora-3\/","title":{"rendered":"Cecotec Freidora"},"content":{"rendered":"<div class=\"oferta-container\">\n<p>\ud83d\udfe5 <b>INCRE\u00cdBLE<\/b> \ud83d\udfe5 #Publicidad #Amazon #16<\/p>\n<p>\ud83d\udd34 <b>Freidora Cecotec <\/b><\/p>\n<p>\u2705 <b>AHORA 69.9 \u20ac<\/b> \u2714\ufe0f\ud83d\udfe1<\/p>\n<p>\u274c Antes 77.90 \u20ac<\/p>\n<p>\ud83d\uded2: <a href=\"https:\/\/btz.es\/5k0DU1E\" target=\"_blank\" rel=\"nofollow noopener\">https:\/\/btz.es\/5k0DU1E<\/a><\/p>\n<p>Descubre la eficiencia y versatilidad de la Freidora Cecotec, dise\u00f1ada para ofrecerte resultados perfectos en cada preparaci\u00f3n. Esta freidora combina tecnolog\u00eda avanzada con un dise\u00f1o moderno, permiti\u00e9ndote cocinar de manera r\u00e1pida y saludable. Ideal para quienes buscan calidad y practicidad en la cocina, cuenta con un sistema de calentamiento uniforme que garantiza alimentos crujientes y deliciosos. Optimiza tu experiencia culinaria con Cecotec, la marca l\u00edder en electrodom\u00e9sticos que ofrece innovaci\u00f3n y durabilidad.<\/p>\n<\/p><\/div>\n","protected":false},"excerpt":{"rendered":"<p>\ud83d\udfe5 INCRE\u00cdBLE \ud83d\udfe5 #Publicidad #Amazon #16 \ud83d\udd34 Freidora Cecotec \u2705 AHORA 69.9 \u20ac \u2714\ufe0f\ud83d\udfe1 \u274c Antes 77.90 \u20ac \ud83d\uded2: https:\/\/btz.es\/5k0DU1E Descubre la eficiencia y versatilidad de la Freidora Cecotec, dise\u00f1ada para ofrecerte resultados perfectos en cada preparaci\u00f3n. Esta freidora combina tecnolog\u00eda avanzada con un dise\u00f1o moderno, permiti\u00e9ndote cocinar de manera r\u00e1pida y saludable. Ideal para [&hellip;]<\/p>\n","protected":false},"featured_media":11413,"template":"","meta":{"_gspb_post_css":""},"store":[],"product_brand":[],"product_cat":[16],"product_tag":[],"class_list":{"0":"post-11414","1":"product","2":"type-product","3":"status-publish","4":"has-post-thumbnail","6":"product_cat-sin-categorizar","8":"first","9":"instock","10":"sale","11":"shipping-taxable","12":"product-type-external"},"jetpack_sharing_enabled":true,"_links":{"self":[{"href":"https:\/\/ofertacular.com\/index.php\/wp-json\/wp\/v2\/product\/11414","targetHints":{"allow":["GET"]}}],"collection":[{"href":"https:\/\/ofertacular.com\/index.php\/wp-json\/wp\/v2\/product"}],"about":[{"href":"https:\/\/ofertacular.com\/index.php\/wp-json\/wp\/v2\/types\/product"}],"wp:featuredmedia":[{"embeddable":true,"href":"https:\/\/ofertacular.com\/index.php\/wp-json\/wp\/v2\/media\/11413"}],"wp:attachment":[{"href":"https:\/\/ofertacular.com\/index.php\/wp-json\/wp\/v2\/media?parent=11414"}],"wp:term":[{"taxonomy":"store","embeddable":true,"href":"https:\/\/ofertacular.com\/index.php\/wp-json\/wp\/v2\/store?post=11414"},{"taxonomy":"product_brand","embeddable":true,"href":"https:\/\/ofertacular.com\/index.php\/wp-json\/wp\/v2\/product_brand?post=11414"},{"taxonomy":"product_cat","embeddable":true,"href":"https:\/\/ofertacular.com\/index.php\/wp-json\/wp\/v2\/product_cat?post=11414"},{"taxonomy":"product_tag","embeddable":true,"href":"https:\/\/ofertacular.com\/index.php\/wp-json\/wp\/v2\/product_tag?post=11414"}],"curies":[{"name":"wp","href":"https:\/\/api.w.org\/{rel}","templated":true}]}}