{"id":11432,"date":"2026-02-09T07:39:30","date_gmt":"2026-02-09T06:39:30","guid":{"rendered":"https:\/\/ofertacular.com\/index.php\/producto\/old-spice-9\/"},"modified":"2026-02-09T07:39:30","modified_gmt":"2026-02-09T06:39:30","slug":"old-spice-9","status":"publish","type":"product","link":"https:\/\/ofertacular.com\/index.php\/producto\/old-spice-9\/","title":{"rendered":"Old Spice"},"content":{"rendered":"<div class=\"oferta-container\">\n<p>\ud83d\udfe5 <b>\u00a1DESCUENTO \u00daNICO!<\/b> \ud83d\udfe5 #Publicidad #Amazon #16<\/p>\n<p>\ud83d\udd34 <b>Loci\u00f3n corporal <\/b><\/p>\n<p>\u2705 <b>AHORA 9.99 \u20ac<\/b> \u2714\ufe0f\ud83d\udfe1<\/p>\n<p>\u274c Antes 14.27 \u20ac<\/p>\n<p>\ud83d\uded2: <a href=\"https:\/\/btz.es\/5kIb921\" target=\"_blank\" rel=\"nofollow noopener\">https:\/\/btz.es\/5kIb921<\/a><\/p>\n<p>Descubre la frescura inigualable de Old Spice, la loci\u00f3n corporal que ofrece una protecci\u00f3n duradera y un aroma masculino caracter\u00edstico. Ideal para hombres que buscan un cuidado personal efectivo y un estilo fresco durante todo el d\u00eda. Potencia tu confianza y mant\u00e9n tu piel hidratada con esta f\u00f3rmula dise\u00f1ada especialmente para ti.<\/p>\n<\/p><\/div>\n","protected":false},"excerpt":{"rendered":"<p>\ud83d\udfe5 \u00a1DESCUENTO \u00daNICO! \ud83d\udfe5 #Publicidad #Amazon #16 \ud83d\udd34 Loci\u00f3n corporal \u2705 AHORA 9.99 \u20ac \u2714\ufe0f\ud83d\udfe1 \u274c Antes 14.27 \u20ac \ud83d\uded2: https:\/\/btz.es\/5kIb921 Descubre la frescura inigualable de Old Spice, la loci\u00f3n corporal que ofrece una protecci\u00f3n duradera y un aroma masculino caracter\u00edstico. Ideal para hombres que buscan un cuidado personal efectivo y un estilo fresco durante [&hellip;]<\/p>\n","protected":false},"featured_media":11431,"template":"","meta":{"_gspb_post_css":""},"store":[],"product_brand":[],"product_cat":[16],"product_tag":[],"class_list":{"0":"post-11432","1":"product","2":"type-product","3":"status-publish","4":"has-post-thumbnail","6":"product_cat-sin-categorizar","8":"first","9":"instock","10":"sale","11":"shipping-taxable","12":"product-type-external"},"jetpack_sharing_enabled":true,"_links":{"self":[{"href":"https:\/\/ofertacular.com\/index.php\/wp-json\/wp\/v2\/product\/11432","targetHints":{"allow":["GET"]}}],"collection":[{"href":"https:\/\/ofertacular.com\/index.php\/wp-json\/wp\/v2\/product"}],"about":[{"href":"https:\/\/ofertacular.com\/index.php\/wp-json\/wp\/v2\/types\/product"}],"wp:featuredmedia":[{"embeddable":true,"href":"https:\/\/ofertacular.com\/index.php\/wp-json\/wp\/v2\/media\/11431"}],"wp:attachment":[{"href":"https:\/\/ofertacular.com\/index.php\/wp-json\/wp\/v2\/media?parent=11432"}],"wp:term":[{"taxonomy":"store","embeddable":true,"href":"https:\/\/ofertacular.com\/index.php\/wp-json\/wp\/v2\/store?post=11432"},{"taxonomy":"product_brand","embeddable":true,"href":"https:\/\/ofertacular.com\/index.php\/wp-json\/wp\/v2\/product_brand?post=11432"},{"taxonomy":"product_cat","embeddable":true,"href":"https:\/\/ofertacular.com\/index.php\/wp-json\/wp\/v2\/product_cat?post=11432"},{"taxonomy":"product_tag","embeddable":true,"href":"https:\/\/ofertacular.com\/index.php\/wp-json\/wp\/v2\/product_tag?post=11432"}],"curies":[{"name":"wp","href":"https:\/\/api.w.org\/{rel}","templated":true}]}}