{"id":11436,"date":"2026-02-09T07:44:51","date_gmt":"2026-02-09T06:44:51","guid":{"rendered":"https:\/\/ofertacular.com\/index.php\/producto\/chaqueta-acolchada-3\/"},"modified":"2026-02-09T07:44:51","modified_gmt":"2026-02-09T06:44:51","slug":"chaqueta-acolchada-3","status":"publish","type":"product","link":"https:\/\/ofertacular.com\/index.php\/producto\/chaqueta-acolchada-3\/","title":{"rendered":"Chaqueta Acolchada"},"content":{"rendered":"<div class=\"oferta-container\">\n<p>\ud83d\udfe5 <b>SUPER OFERTA<\/b> \ud83d\udfe5 #Publicidad #Amazon #16<\/p>\n<p>\ud83d\udd34 <b>Chaqueta Acolchada <\/b><\/p>\n<p>\u2705 <b>AHORA 19.62 \u20ac<\/b> \u2714\ufe0f\ud83d\udfe1<\/p>\n<p>\u274c Antes 29.90 \u20ac<\/p>\n<p>\ud83d\uded2: <a href=\"https:\/\/btz.es\/5kIcUT0\" target=\"_blank\" rel=\"nofollow noopener\">https:\/\/btz.es\/5kIcUT0<\/a><\/p>\n<p>Chaqueta acolchada de alta calidad, dise\u00f1ada para brindar comodidad y protecci\u00f3n contra el fr\u00edo. Perfecta para uso diario y actividades al aire libre, esta prenda combina estilo y funcionalidad para mantenerte abrigado con elegancia. Su relleno t\u00e9rmico y tejido resistente garantizan durabilidad y confort en cualquier ocasi\u00f3n.<\/p>\n<\/p><\/div>\n","protected":false},"excerpt":{"rendered":"<p>\ud83d\udfe5 SUPER OFERTA \ud83d\udfe5 #Publicidad #Amazon #16 \ud83d\udd34 Chaqueta Acolchada \u2705 AHORA 19.62 \u20ac \u2714\ufe0f\ud83d\udfe1 \u274c Antes 29.90 \u20ac \ud83d\uded2: https:\/\/btz.es\/5kIcUT0 Chaqueta acolchada de alta calidad, dise\u00f1ada para brindar comodidad y protecci\u00f3n contra el fr\u00edo. Perfecta para uso diario y actividades al aire libre, esta prenda combina estilo y funcionalidad para mantenerte abrigado con elegancia. [&hellip;]<\/p>\n","protected":false},"featured_media":11435,"template":"","meta":{"_gspb_post_css":""},"store":[],"product_brand":[],"product_cat":[16],"product_tag":[],"class_list":{"0":"post-11436","1":"product","2":"type-product","3":"status-publish","4":"has-post-thumbnail","6":"product_cat-sin-categorizar","8":"first","9":"instock","10":"sale","11":"shipping-taxable","12":"product-type-external"},"jetpack_sharing_enabled":true,"_links":{"self":[{"href":"https:\/\/ofertacular.com\/index.php\/wp-json\/wp\/v2\/product\/11436","targetHints":{"allow":["GET"]}}],"collection":[{"href":"https:\/\/ofertacular.com\/index.php\/wp-json\/wp\/v2\/product"}],"about":[{"href":"https:\/\/ofertacular.com\/index.php\/wp-json\/wp\/v2\/types\/product"}],"wp:featuredmedia":[{"embeddable":true,"href":"https:\/\/ofertacular.com\/index.php\/wp-json\/wp\/v2\/media\/11435"}],"wp:attachment":[{"href":"https:\/\/ofertacular.com\/index.php\/wp-json\/wp\/v2\/media?parent=11436"}],"wp:term":[{"taxonomy":"store","embeddable":true,"href":"https:\/\/ofertacular.com\/index.php\/wp-json\/wp\/v2\/store?post=11436"},{"taxonomy":"product_brand","embeddable":true,"href":"https:\/\/ofertacular.com\/index.php\/wp-json\/wp\/v2\/product_brand?post=11436"},{"taxonomy":"product_cat","embeddable":true,"href":"https:\/\/ofertacular.com\/index.php\/wp-json\/wp\/v2\/product_cat?post=11436"},{"taxonomy":"product_tag","embeddable":true,"href":"https:\/\/ofertacular.com\/index.php\/wp-json\/wp\/v2\/product_tag?post=11436"}],"curies":[{"name":"wp","href":"https:\/\/api.w.org\/{rel}","templated":true}]}}