{"id":11440,"date":"2026-02-09T07:47:57","date_gmt":"2026-02-09T06:47:57","guid":{"rendered":"https:\/\/ofertacular.com\/index.php\/producto\/lg-ultragear-monitor\/"},"modified":"2026-02-09T07:47:57","modified_gmt":"2026-02-09T06:47:57","slug":"lg-ultragear-monitor","status":"publish","type":"product","link":"https:\/\/ofertacular.com\/index.php\/producto\/lg-ultragear-monitor\/","title":{"rendered":"LG Ultragear Monitor"},"content":{"rendered":"<div class=\"oferta-container\">\n<p>\ud83d\udfe5 <b>CHOLLAZO<\/b> \ud83d\udfe5 #Publicidad #Amazon #16<\/p>\n<p>\ud83d\udd34 <b>Monitor Gaming <\/b><\/p>\n<p>\u2705 <b>AHORA 99 \u20ac<\/b> \u2714\ufe0f\ud83d\udfe1<\/p>\n<p>\u274c Antes 119.00 \u20ac<\/p>\n<p>\ud83d\uded2: <a href=\"https:\/\/btz.es\/5kIdH0h\" target=\"_blank\" rel=\"nofollow noopener\">https:\/\/btz.es\/5kIdH0h<\/a><\/p>\n<p>Descubre el LG Ultragear, el monitor gaming ideal para una experiencia visual inmersiva. Con tecnolog\u00eda avanzada y resoluci\u00f3n n\u00edtida, este monitor optimiza tu desempe\u00f1o en videojuegos y trabajo gr\u00e1fico. Perfecto para gamers y profesionales que buscan calidad y precisi\u00f3n en cada detalle. Mejora tu productividad y entretenimiento con el LG Ultragear.<\/p>\n<\/p><\/div>\n","protected":false},"excerpt":{"rendered":"<p>\ud83d\udfe5 CHOLLAZO \ud83d\udfe5 #Publicidad #Amazon #16 \ud83d\udd34 Monitor Gaming \u2705 AHORA 99 \u20ac \u2714\ufe0f\ud83d\udfe1 \u274c Antes 119.00 \u20ac \ud83d\uded2: https:\/\/btz.es\/5kIdH0h Descubre el LG Ultragear, el monitor gaming ideal para una experiencia visual inmersiva. Con tecnolog\u00eda avanzada y resoluci\u00f3n n\u00edtida, este monitor optimiza tu desempe\u00f1o en videojuegos y trabajo gr\u00e1fico. Perfecto para gamers y profesionales que [&hellip;]<\/p>\n","protected":false},"featured_media":11439,"template":"","meta":{"_gspb_post_css":""},"store":[],"product_brand":[],"product_cat":[16],"product_tag":[],"class_list":{"0":"post-11440","1":"product","2":"type-product","3":"status-publish","4":"has-post-thumbnail","6":"product_cat-sin-categorizar","8":"first","9":"instock","10":"sale","11":"shipping-taxable","12":"product-type-external"},"jetpack_sharing_enabled":true,"_links":{"self":[{"href":"https:\/\/ofertacular.com\/index.php\/wp-json\/wp\/v2\/product\/11440","targetHints":{"allow":["GET"]}}],"collection":[{"href":"https:\/\/ofertacular.com\/index.php\/wp-json\/wp\/v2\/product"}],"about":[{"href":"https:\/\/ofertacular.com\/index.php\/wp-json\/wp\/v2\/types\/product"}],"wp:featuredmedia":[{"embeddable":true,"href":"https:\/\/ofertacular.com\/index.php\/wp-json\/wp\/v2\/media\/11439"}],"wp:attachment":[{"href":"https:\/\/ofertacular.com\/index.php\/wp-json\/wp\/v2\/media?parent=11440"}],"wp:term":[{"taxonomy":"store","embeddable":true,"href":"https:\/\/ofertacular.com\/index.php\/wp-json\/wp\/v2\/store?post=11440"},{"taxonomy":"product_brand","embeddable":true,"href":"https:\/\/ofertacular.com\/index.php\/wp-json\/wp\/v2\/product_brand?post=11440"},{"taxonomy":"product_cat","embeddable":true,"href":"https:\/\/ofertacular.com\/index.php\/wp-json\/wp\/v2\/product_cat?post=11440"},{"taxonomy":"product_tag","embeddable":true,"href":"https:\/\/ofertacular.com\/index.php\/wp-json\/wp\/v2\/product_tag?post=11440"}],"curies":[{"name":"wp","href":"https:\/\/api.w.org\/{rel}","templated":true}]}}