{"id":11446,"date":"2026-02-09T07:50:00","date_gmt":"2026-02-09T06:50:00","guid":{"rendered":"https:\/\/ofertacular.com\/index.php\/producto\/aioneus-charger\/"},"modified":"2026-02-09T07:50:00","modified_gmt":"2026-02-09T06:50:00","slug":"aioneus-charger","status":"publish","type":"product","link":"https:\/\/ofertacular.com\/index.php\/producto\/aioneus-charger\/","title":{"rendered":"Aioneus Charger"},"content":{"rendered":"<div class=\"oferta-container\">\n<p>\ud83d\udfe5 <b>DESCUENTO<\/b> \ud83d\udfe5 #Publicidad #Amazon #16<\/p>\n<p>\ud83d\udd34 <b>Cargador R\u00e1pido <\/b><\/p>\n<p>\u2705 <b>AHORA 9.4 \u20ac<\/b> \u2714\ufe0f\ud83d\udfe1<\/p>\n<p>\u274c Antes 9.99 \u20ac<\/p>\n<p>\ud83d\uded2: <a href=\"https:\/\/btz.es\/5kIenuv\" target=\"_blank\" rel=\"nofollow noopener\">https:\/\/btz.es\/5kIenuv<\/a><\/p>\n<p>Descubre el Aioneus Charger, un cargador r\u00e1pido y eficiente dise\u00f1ado para proporcionar una carga segura y veloz a tus dispositivos electr\u00f3nicos. Ideal para quienes buscan m\u00e1xima performance y durabilidad, este cargador compatible con m\u00faltiples dispositivos garantiza una experiencia de uso c\u00f3moda y confiable. Optimiza la carga de tus dispositivos con tecnolog\u00eda avanzada y dise\u00f1o compacto, perfecto para llevar a todas partes.<\/p>\n<\/p><\/div>\n","protected":false},"excerpt":{"rendered":"<p>\ud83d\udfe5 DESCUENTO \ud83d\udfe5 #Publicidad #Amazon #16 \ud83d\udd34 Cargador R\u00e1pido \u2705 AHORA 9.4 \u20ac \u2714\ufe0f\ud83d\udfe1 \u274c Antes 9.99 \u20ac \ud83d\uded2: https:\/\/btz.es\/5kIenuv Descubre el Aioneus Charger, un cargador r\u00e1pido y eficiente dise\u00f1ado para proporcionar una carga segura y veloz a tus dispositivos electr\u00f3nicos. Ideal para quienes buscan m\u00e1xima performance y durabilidad, este cargador compatible con m\u00faltiples dispositivos [&hellip;]<\/p>\n","protected":false},"featured_media":11445,"template":"","meta":{"_gspb_post_css":""},"store":[],"product_brand":[],"product_cat":[16],"product_tag":[],"class_list":{"0":"post-11446","1":"product","2":"type-product","3":"status-publish","4":"has-post-thumbnail","6":"product_cat-sin-categorizar","8":"first","9":"instock","10":"sale","11":"shipping-taxable","12":"product-type-external"},"jetpack_sharing_enabled":true,"_links":{"self":[{"href":"https:\/\/ofertacular.com\/index.php\/wp-json\/wp\/v2\/product\/11446","targetHints":{"allow":["GET"]}}],"collection":[{"href":"https:\/\/ofertacular.com\/index.php\/wp-json\/wp\/v2\/product"}],"about":[{"href":"https:\/\/ofertacular.com\/index.php\/wp-json\/wp\/v2\/types\/product"}],"wp:featuredmedia":[{"embeddable":true,"href":"https:\/\/ofertacular.com\/index.php\/wp-json\/wp\/v2\/media\/11445"}],"wp:attachment":[{"href":"https:\/\/ofertacular.com\/index.php\/wp-json\/wp\/v2\/media?parent=11446"}],"wp:term":[{"taxonomy":"store","embeddable":true,"href":"https:\/\/ofertacular.com\/index.php\/wp-json\/wp\/v2\/store?post=11446"},{"taxonomy":"product_brand","embeddable":true,"href":"https:\/\/ofertacular.com\/index.php\/wp-json\/wp\/v2\/product_brand?post=11446"},{"taxonomy":"product_cat","embeddable":true,"href":"https:\/\/ofertacular.com\/index.php\/wp-json\/wp\/v2\/product_cat?post=11446"},{"taxonomy":"product_tag","embeddable":true,"href":"https:\/\/ofertacular.com\/index.php\/wp-json\/wp\/v2\/product_tag?post=11446"}],"curies":[{"name":"wp","href":"https:\/\/api.w.org\/{rel}","templated":true}]}}