{"id":11454,"date":"2026-02-09T10:14:40","date_gmt":"2026-02-09T09:14:40","guid":{"rendered":"https:\/\/ofertacular.com\/index.php\/producto\/contenedores-hermeticos\/"},"modified":"2026-02-09T10:14:40","modified_gmt":"2026-02-09T09:14:40","slug":"contenedores-hermeticos","status":"publish","type":"product","link":"https:\/\/ofertacular.com\/index.php\/producto\/contenedores-hermeticos\/","title":{"rendered":"Contenedores Herm\u00e9ticos"},"content":{"rendered":"<div class=\"oferta-container\">\n<p>\ud83d\udfe5 <b>EXCLUSIVO<\/b> \ud83d\udfe5 #Publicidad #Amazon #16<\/p>\n<p>\ud83d\udd34 <b>Contenedores Herm\u00e9ticos <\/b><\/p>\n<p>\u2705 <b>AHORA 6.6 \u20ac<\/b> \u2714\ufe0f\ud83d\udfe1<\/p>\n<p>\u274c Antes 9.06 \u20ac<\/p>\n<p>\ud83d\uded2: <a href=\"https:\/\/btz.es\/5kIEDEy\" target=\"_blank\" rel=\"nofollow noopener\">https:\/\/btz.es\/5kIEDEy<\/a><\/p>\n<p>Descubre nuestros contenedores herm\u00e9ticos de alta calidad, dise\u00f1ados para conservar la frescura de tus alimentos por m\u00e1s tiempo. Con un cierre seguro y materiales duraderos, son perfectos para almacenar distintos tipos de productos, manteniendo su sabor y textura intactos. Ideales para uso dom\u00e9stico y profesional, estos contenedores combinan funcionalidad y estilo para ofrecerte una soluci\u00f3n pr\u00e1ctica y eficiente en tu cocina.<\/p>\n<\/p><\/div>\n","protected":false},"excerpt":{"rendered":"<p>\ud83d\udfe5 EXCLUSIVO \ud83d\udfe5 #Publicidad #Amazon #16 \ud83d\udd34 Contenedores Herm\u00e9ticos \u2705 AHORA 6.6 \u20ac \u2714\ufe0f\ud83d\udfe1 \u274c Antes 9.06 \u20ac \ud83d\uded2: https:\/\/btz.es\/5kIEDEy Descubre nuestros contenedores herm\u00e9ticos de alta calidad, dise\u00f1ados para conservar la frescura de tus alimentos por m\u00e1s tiempo. Con un cierre seguro y materiales duraderos, son perfectos para almacenar distintos tipos de productos, manteniendo su [&hellip;]<\/p>\n","protected":false},"featured_media":11453,"template":"","meta":{"_gspb_post_css":""},"store":[],"product_brand":[],"product_cat":[16],"product_tag":[],"class_list":{"0":"post-11454","1":"product","2":"type-product","3":"status-publish","4":"has-post-thumbnail","6":"product_cat-sin-categorizar","8":"first","9":"instock","10":"sale","11":"shipping-taxable","12":"product-type-external"},"jetpack_sharing_enabled":true,"_links":{"self":[{"href":"https:\/\/ofertacular.com\/index.php\/wp-json\/wp\/v2\/product\/11454","targetHints":{"allow":["GET"]}}],"collection":[{"href":"https:\/\/ofertacular.com\/index.php\/wp-json\/wp\/v2\/product"}],"about":[{"href":"https:\/\/ofertacular.com\/index.php\/wp-json\/wp\/v2\/types\/product"}],"wp:featuredmedia":[{"embeddable":true,"href":"https:\/\/ofertacular.com\/index.php\/wp-json\/wp\/v2\/media\/11453"}],"wp:attachment":[{"href":"https:\/\/ofertacular.com\/index.php\/wp-json\/wp\/v2\/media?parent=11454"}],"wp:term":[{"taxonomy":"store","embeddable":true,"href":"https:\/\/ofertacular.com\/index.php\/wp-json\/wp\/v2\/store?post=11454"},{"taxonomy":"product_brand","embeddable":true,"href":"https:\/\/ofertacular.com\/index.php\/wp-json\/wp\/v2\/product_brand?post=11454"},{"taxonomy":"product_cat","embeddable":true,"href":"https:\/\/ofertacular.com\/index.php\/wp-json\/wp\/v2\/product_cat?post=11454"},{"taxonomy":"product_tag","embeddable":true,"href":"https:\/\/ofertacular.com\/index.php\/wp-json\/wp\/v2\/product_tag?post=11454"}],"curies":[{"name":"wp","href":"https:\/\/api.w.org\/{rel}","templated":true}]}}