{"id":11470,"date":"2026-02-09T10:50:48","date_gmt":"2026-02-09T09:50:48","guid":{"rendered":"https:\/\/ofertacular.com\/index.php\/producto\/el-afilador-licor\/"},"modified":"2026-02-09T10:50:48","modified_gmt":"2026-02-09T09:50:48","slug":"el-afilador-licor","status":"publish","type":"product","link":"https:\/\/ofertacular.com\/index.php\/producto\/el-afilador-licor\/","title":{"rendered":"El Afilador Licor"},"content":{"rendered":"<div class=\"oferta-container\">\n<p>\ud83d\udfe5 <b>\u00a1GANGAZO!<\/b> \ud83d\udfe5 #Publicidad #Amazon #16<\/p>\n<p>\ud83d\udd34 <b>Afilador Licor <\/b><\/p>\n<p>\u2705 <b>AHORA 7.49 \u20ac<\/b> \u2714\ufe0f\ud83d\udfe1<\/p>\n<p>\u274c Antes 10.15 \u20ac<\/p>\n<p>\ud83d\uded2: <a href=\"https:\/\/btz.es\/5kINJsU\" target=\"_blank\" rel=\"nofollow noopener\">https:\/\/btz.es\/5kINJsU<\/a><\/p>\n<p>Descubre el Afilador Licor, la herramienta esencial para mantener tus cuchillos en perfecto estado con un afilado preciso y duradero. Ideal para profesionales y aficionados de la cocina que buscan calidad y eficiencia en cada corte. Su dise\u00f1o ergon\u00f3mico y materiales resistentes garantizan un uso c\u00f3modo y seguro. Mejora tu experiencia culinaria con el Afilador Licor, una soluci\u00f3n confiable que prolonga la vida de tus utensilios de cocina. Encuentra el equilibrio perfecto entre tradici\u00f3n y tecnolog\u00eda en afilado con este producto destacado en el mercado.<\/p>\n<\/p><\/div>\n","protected":false},"excerpt":{"rendered":"<p>\ud83d\udfe5 \u00a1GANGAZO! \ud83d\udfe5 #Publicidad #Amazon #16 \ud83d\udd34 Afilador Licor \u2705 AHORA 7.49 \u20ac \u2714\ufe0f\ud83d\udfe1 \u274c Antes 10.15 \u20ac \ud83d\uded2: https:\/\/btz.es\/5kINJsU Descubre el Afilador Licor, la herramienta esencial para mantener tus cuchillos en perfecto estado con un afilado preciso y duradero. Ideal para profesionales y aficionados de la cocina que buscan calidad y eficiencia en cada [&hellip;]<\/p>\n","protected":false},"featured_media":11469,"template":"","meta":{"_gspb_post_css":""},"store":[],"product_brand":[],"product_cat":[16],"product_tag":[],"class_list":{"0":"post-11470","1":"product","2":"type-product","3":"status-publish","4":"has-post-thumbnail","6":"product_cat-sin-categorizar","8":"first","9":"instock","10":"sale","11":"shipping-taxable","12":"product-type-external"},"jetpack_sharing_enabled":true,"_links":{"self":[{"href":"https:\/\/ofertacular.com\/index.php\/wp-json\/wp\/v2\/product\/11470","targetHints":{"allow":["GET"]}}],"collection":[{"href":"https:\/\/ofertacular.com\/index.php\/wp-json\/wp\/v2\/product"}],"about":[{"href":"https:\/\/ofertacular.com\/index.php\/wp-json\/wp\/v2\/types\/product"}],"wp:featuredmedia":[{"embeddable":true,"href":"https:\/\/ofertacular.com\/index.php\/wp-json\/wp\/v2\/media\/11469"}],"wp:attachment":[{"href":"https:\/\/ofertacular.com\/index.php\/wp-json\/wp\/v2\/media?parent=11470"}],"wp:term":[{"taxonomy":"store","embeddable":true,"href":"https:\/\/ofertacular.com\/index.php\/wp-json\/wp\/v2\/store?post=11470"},{"taxonomy":"product_brand","embeddable":true,"href":"https:\/\/ofertacular.com\/index.php\/wp-json\/wp\/v2\/product_brand?post=11470"},{"taxonomy":"product_cat","embeddable":true,"href":"https:\/\/ofertacular.com\/index.php\/wp-json\/wp\/v2\/product_cat?post=11470"},{"taxonomy":"product_tag","embeddable":true,"href":"https:\/\/ofertacular.com\/index.php\/wp-json\/wp\/v2\/product_tag?post=11470"}],"curies":[{"name":"wp","href":"https:\/\/api.w.org\/{rel}","templated":true}]}}