{"id":11476,"date":"2026-02-10T08:26:15","date_gmt":"2026-02-10T07:26:15","guid":{"rendered":"https:\/\/ofertacular.com\/index.php\/producto\/munich-zapatillas-5\/"},"modified":"2026-02-10T08:26:15","modified_gmt":"2026-02-10T07:26:15","slug":"munich-zapatillas-5","status":"publish","type":"product","link":"https:\/\/ofertacular.com\/index.php\/producto\/munich-zapatillas-5\/","title":{"rendered":"Munich Zapatillas"},"content":{"rendered":"<div class=\"oferta-container\">\n<p>\ud83d\udfe5 <b>\u00a1GANGAZO!<\/b> \ud83d\udfe5 #Publicidad #Amazon #16<\/p>\n<p>\ud83d\udd34 <b>Zapatillas Munich <\/b><\/p>\n<p>\u2705 <b>AHORA 26.99 \u20ac<\/b> \u2714\ufe0f\ud83d\udfe1<\/p>\n<p>\u274c Antes 74.95 \u20ac<\/p>\n<p>\ud83d\uded2: <a href=\"https:\/\/btz.es\/5kOdRUh\" target=\"_blank\" rel=\"nofollow noopener\">https:\/\/btz.es\/5kOdRUh<\/a><\/p>\n<p>Descubre las exclusivas zapatillas Munich, dise\u00f1adas para ofrecer la m\u00e1xima comodidad y un estilo \u00fanico. Perfectas para quienes buscan calidad y moda en cada paso. Estas zapatillas combinan materiales de alta gama con un dise\u00f1o innovador que resalta en cualquier ocasi\u00f3n. Eleva tu look con Munich, la marca l\u00edder en calzado deportivo de tendencia. Encuentra el par ideal y experimenta la diferencia de calzar aut\u00e9ntica calidad y estilo.<\/p>\n<\/p><\/div>\n","protected":false},"excerpt":{"rendered":"<p>\ud83d\udfe5 \u00a1GANGAZO! \ud83d\udfe5 #Publicidad #Amazon #16 \ud83d\udd34 Zapatillas Munich \u2705 AHORA 26.99 \u20ac \u2714\ufe0f\ud83d\udfe1 \u274c Antes 74.95 \u20ac \ud83d\uded2: https:\/\/btz.es\/5kOdRUh Descubre las exclusivas zapatillas Munich, dise\u00f1adas para ofrecer la m\u00e1xima comodidad y un estilo \u00fanico. Perfectas para quienes buscan calidad y moda en cada paso. Estas zapatillas combinan materiales de alta gama con un dise\u00f1o [&hellip;]<\/p>\n","protected":false},"featured_media":11475,"template":"","meta":{"_gspb_post_css":""},"store":[],"product_brand":[],"product_cat":[16],"product_tag":[],"class_list":{"0":"post-11476","1":"product","2":"type-product","3":"status-publish","4":"has-post-thumbnail","6":"product_cat-sin-categorizar","8":"first","9":"instock","10":"sale","11":"shipping-taxable","12":"product-type-external"},"jetpack_sharing_enabled":true,"_links":{"self":[{"href":"https:\/\/ofertacular.com\/index.php\/wp-json\/wp\/v2\/product\/11476","targetHints":{"allow":["GET"]}}],"collection":[{"href":"https:\/\/ofertacular.com\/index.php\/wp-json\/wp\/v2\/product"}],"about":[{"href":"https:\/\/ofertacular.com\/index.php\/wp-json\/wp\/v2\/types\/product"}],"wp:featuredmedia":[{"embeddable":true,"href":"https:\/\/ofertacular.com\/index.php\/wp-json\/wp\/v2\/media\/11475"}],"wp:attachment":[{"href":"https:\/\/ofertacular.com\/index.php\/wp-json\/wp\/v2\/media?parent=11476"}],"wp:term":[{"taxonomy":"store","embeddable":true,"href":"https:\/\/ofertacular.com\/index.php\/wp-json\/wp\/v2\/store?post=11476"},{"taxonomy":"product_brand","embeddable":true,"href":"https:\/\/ofertacular.com\/index.php\/wp-json\/wp\/v2\/product_brand?post=11476"},{"taxonomy":"product_cat","embeddable":true,"href":"https:\/\/ofertacular.com\/index.php\/wp-json\/wp\/v2\/product_cat?post=11476"},{"taxonomy":"product_tag","embeddable":true,"href":"https:\/\/ofertacular.com\/index.php\/wp-json\/wp\/v2\/product_tag?post=11476"}],"curies":[{"name":"wp","href":"https:\/\/api.w.org\/{rel}","templated":true}]}}