{"id":11489,"date":"2026-02-10T17:18:15","date_gmt":"2026-02-10T16:18:15","guid":{"rendered":"https:\/\/ofertacular.com\/index.php\/producto\/soporte-magnetico\/"},"modified":"2026-02-10T17:18:15","modified_gmt":"2026-02-10T16:18:15","slug":"soporte-magnetico","status":"publish","type":"product","link":"https:\/\/ofertacular.com\/index.php\/producto\/soporte-magnetico\/","title":{"rendered":"Soporte Magn\u00e9tico"},"content":{"rendered":"<div class=\"oferta-container\">\n<p>\ud83d\udfe5 <b>\u00a1DESCUENTO \u00daNICO!<\/b> \ud83d\udfe5 #Publicidad #Amazon #16<\/p>\n<p>\ud83d\udd34 <b>Soporte Magn\u00e9tico <\/b><\/p>\n<p>\u2705 <b>AHORA 3.85 \u20ac<\/b> \u2714\ufe0f\ud83d\udfe1<\/p>\n<p>\u274c Antes <\/p>\n<p>\ud83d\uded2: <a href=\"https:\/\/btz.es\/5kQnNBx\" target=\"_blank\" rel=\"nofollow noopener\">https:\/\/btz.es\/5kQnNBx<\/a><\/p>\n<p>Descubre el soporte magn\u00e9tico de alta calidad, dise\u00f1ado para ofrecer una sujeci\u00f3n firme y segura en cualquier superficie met\u00e1lica. Ideal para organizar herramientas, dispositivos electr\u00f3nicos o accesorios, este soporte combina funcionalidad y durabilidad. Su dise\u00f1o compacto y resistente garantiza una instalaci\u00f3n f\u00e1cil y eficiente, optimizando el espacio y aportando orden en tu entorno de trabajo o hogar. Perfecto para profesionales y entusiastas que buscan soluciones pr\u00e1cticas y confiables.<\/p>\n<\/p><\/div>\n","protected":false},"excerpt":{"rendered":"<p>\ud83d\udfe5 \u00a1DESCUENTO \u00daNICO! \ud83d\udfe5 #Publicidad #Amazon #16 \ud83d\udd34 Soporte Magn\u00e9tico \u2705 AHORA 3.85 \u20ac \u2714\ufe0f\ud83d\udfe1 \u274c Antes \ud83d\uded2: https:\/\/btz.es\/5kQnNBx Descubre el soporte magn\u00e9tico de alta calidad, dise\u00f1ado para ofrecer una sujeci\u00f3n firme y segura en cualquier superficie met\u00e1lica. Ideal para organizar herramientas, dispositivos electr\u00f3nicos o accesorios, este soporte combina funcionalidad y durabilidad. Su dise\u00f1o compacto [&hellip;]<\/p>\n","protected":false},"featured_media":11488,"template":"","meta":{"_gspb_post_css":""},"store":[],"product_brand":[],"product_cat":[16],"product_tag":[],"class_list":{"0":"post-11489","1":"product","2":"type-product","3":"status-publish","4":"has-post-thumbnail","6":"product_cat-sin-categorizar","8":"first","9":"instock","10":"shipping-taxable","11":"product-type-external"},"jetpack_sharing_enabled":true,"_links":{"self":[{"href":"https:\/\/ofertacular.com\/index.php\/wp-json\/wp\/v2\/product\/11489","targetHints":{"allow":["GET"]}}],"collection":[{"href":"https:\/\/ofertacular.com\/index.php\/wp-json\/wp\/v2\/product"}],"about":[{"href":"https:\/\/ofertacular.com\/index.php\/wp-json\/wp\/v2\/types\/product"}],"wp:featuredmedia":[{"embeddable":true,"href":"https:\/\/ofertacular.com\/index.php\/wp-json\/wp\/v2\/media\/11488"}],"wp:attachment":[{"href":"https:\/\/ofertacular.com\/index.php\/wp-json\/wp\/v2\/media?parent=11489"}],"wp:term":[{"taxonomy":"store","embeddable":true,"href":"https:\/\/ofertacular.com\/index.php\/wp-json\/wp\/v2\/store?post=11489"},{"taxonomy":"product_brand","embeddable":true,"href":"https:\/\/ofertacular.com\/index.php\/wp-json\/wp\/v2\/product_brand?post=11489"},{"taxonomy":"product_cat","embeddable":true,"href":"https:\/\/ofertacular.com\/index.php\/wp-json\/wp\/v2\/product_cat?post=11489"},{"taxonomy":"product_tag","embeddable":true,"href":"https:\/\/ofertacular.com\/index.php\/wp-json\/wp\/v2\/product_tag?post=11489"}],"curies":[{"name":"wp","href":"https:\/\/api.w.org\/{rel}","templated":true}]}}