{"id":11549,"date":"2026-02-12T09:43:48","date_gmt":"2026-02-12T08:43:48","guid":{"rendered":"https:\/\/ofertacular.com\/index.php\/producto\/xiaomi-poco-10\/"},"modified":"2026-02-12T09:43:48","modified_gmt":"2026-02-12T08:43:48","slug":"xiaomi-poco-10","status":"publish","type":"product","link":"https:\/\/ofertacular.com\/index.php\/producto\/xiaomi-poco-10\/","title":{"rendered":"XIAOMI POCO"},"content":{"rendered":"<div class=\"oferta-container\">\n<p>\ud83d\udfe5 <b>CHOLLAZO<\/b> \ud83d\udfe5 #Publicidad #Amazon #16<\/p>\n<p>\ud83d\udd34 <b>Smartphone POCO <\/b><\/p>\n<p>\u2705 <b>AHORA 119.99 \u20ac<\/b> \u2714\ufe0f\ud83d\udfe1<\/p>\n<p>\u274c Antes 169.90 \u20ac<\/p>\n<p>\ud83d\uded2: <a href=\"https:\/\/btz.es\/5lae15G\" target=\"_blank\" rel=\"nofollow noopener\">https:\/\/btz.es\/5lae15G<\/a><\/p>\n<p>Descubre el poderoso smartphone POCO de XIAOMI, dise\u00f1ado para ofrecer un rendimiento excepcional con su procesador de \u00faltima generaci\u00f3n y pantalla de alta resoluci\u00f3n. Perfecto para quienes buscan tecnolog\u00eda avanzada, bater\u00eda duradera y c\u00e1maras de alta calidad en un solo dispositivo. Optimizado para una experiencia multimedia y de juego sin interrupciones, este m\u00f3vil es la elecci\u00f3n ideal para usuarios exigentes.<\/p>\n<\/p><\/div>\n","protected":false},"excerpt":{"rendered":"<p>\ud83d\udfe5 CHOLLAZO \ud83d\udfe5 #Publicidad #Amazon #16 \ud83d\udd34 Smartphone POCO \u2705 AHORA 119.99 \u20ac \u2714\ufe0f\ud83d\udfe1 \u274c Antes 169.90 \u20ac \ud83d\uded2: https:\/\/btz.es\/5lae15G Descubre el poderoso smartphone POCO de XIAOMI, dise\u00f1ado para ofrecer un rendimiento excepcional con su procesador de \u00faltima generaci\u00f3n y pantalla de alta resoluci\u00f3n. Perfecto para quienes buscan tecnolog\u00eda avanzada, bater\u00eda duradera y c\u00e1maras de [&hellip;]<\/p>\n","protected":false},"featured_media":11548,"template":"","meta":{"_gspb_post_css":""},"store":[],"product_brand":[],"product_cat":[16],"product_tag":[],"class_list":{"0":"post-11549","1":"product","2":"type-product","3":"status-publish","4":"has-post-thumbnail","6":"product_cat-sin-categorizar","8":"first","9":"instock","10":"sale","11":"shipping-taxable","12":"product-type-external"},"jetpack_sharing_enabled":true,"_links":{"self":[{"href":"https:\/\/ofertacular.com\/index.php\/wp-json\/wp\/v2\/product\/11549","targetHints":{"allow":["GET"]}}],"collection":[{"href":"https:\/\/ofertacular.com\/index.php\/wp-json\/wp\/v2\/product"}],"about":[{"href":"https:\/\/ofertacular.com\/index.php\/wp-json\/wp\/v2\/types\/product"}],"wp:featuredmedia":[{"embeddable":true,"href":"https:\/\/ofertacular.com\/index.php\/wp-json\/wp\/v2\/media\/11548"}],"wp:attachment":[{"href":"https:\/\/ofertacular.com\/index.php\/wp-json\/wp\/v2\/media?parent=11549"}],"wp:term":[{"taxonomy":"store","embeddable":true,"href":"https:\/\/ofertacular.com\/index.php\/wp-json\/wp\/v2\/store?post=11549"},{"taxonomy":"product_brand","embeddable":true,"href":"https:\/\/ofertacular.com\/index.php\/wp-json\/wp\/v2\/product_brand?post=11549"},{"taxonomy":"product_cat","embeddable":true,"href":"https:\/\/ofertacular.com\/index.php\/wp-json\/wp\/v2\/product_cat?post=11549"},{"taxonomy":"product_tag","embeddable":true,"href":"https:\/\/ofertacular.com\/index.php\/wp-json\/wp\/v2\/product_tag?post=11549"}],"curies":[{"name":"wp","href":"https:\/\/api.w.org\/{rel}","templated":true}]}}