{"id":11565,"date":"2026-02-13T08:40:25","date_gmt":"2026-02-13T07:40:25","guid":{"rendered":"https:\/\/ofertacular.com\/index.php\/producto\/hisense-smart-4\/"},"modified":"2026-02-13T08:40:25","modified_gmt":"2026-02-13T07:40:25","slug":"hisense-smart-4","status":"publish","type":"product","link":"https:\/\/ofertacular.com\/index.php\/producto\/hisense-smart-4\/","title":{"rendered":"Hisense Smart"},"content":{"rendered":"<div class=\"oferta-container\">\n<p>\ud83d\udfe5 <b>EXCLUSIVO<\/b> \ud83d\udfe5 #Publicidad #Amazon #16<\/p>\n<p>\ud83d\udd34 <b>Smart TV <\/b><\/p>\n<p>\u2705 <b>AHORA 262.65 \u20ac<\/b> \u2714\ufe0f\ud83d\udfe1<\/p>\n<p>\u274c Antes 419.00 \u20ac<\/p>\n<p>\ud83d\uded2: <a href=\"https:\/\/btz.es\/5lfFaDD\" target=\"_blank\" rel=\"nofollow noopener\">https:\/\/btz.es\/5lfFaDD<\/a><\/p>\n<p>Descubre la calidad y tecnolog\u00eda avanzada de Hisense con este Smart TV, dise\u00f1ado para brindar una experiencia visual y de entretenimiento excepcional. Con conexi\u00f3n a internet integrada, acceso a m\u00faltiples aplicaciones y resoluci\u00f3n n\u00edtida, este televisor es ideal para quienes buscan innovaci\u00f3n y rendimiento superior en su hogar. Optimizado para ofrecer im\u00e1genes claras y colores vibrantes, el Hisense Smart TV transforma tu espacio en un cine personal, garantizando satisfacci\u00f3n y comodidad.<\/p>\n<\/p><\/div>\n","protected":false},"excerpt":{"rendered":"<p>\ud83d\udfe5 EXCLUSIVO \ud83d\udfe5 #Publicidad #Amazon #16 \ud83d\udd34 Smart TV \u2705 AHORA 262.65 \u20ac \u2714\ufe0f\ud83d\udfe1 \u274c Antes 419.00 \u20ac \ud83d\uded2: https:\/\/btz.es\/5lfFaDD Descubre la calidad y tecnolog\u00eda avanzada de Hisense con este Smart TV, dise\u00f1ado para brindar una experiencia visual y de entretenimiento excepcional. Con conexi\u00f3n a internet integrada, acceso a m\u00faltiples aplicaciones y resoluci\u00f3n n\u00edtida, este [&hellip;]<\/p>\n","protected":false},"featured_media":11564,"template":"","meta":{"_gspb_post_css":""},"store":[],"product_brand":[],"product_cat":[16],"product_tag":[],"class_list":{"0":"post-11565","1":"product","2":"type-product","3":"status-publish","4":"has-post-thumbnail","6":"product_cat-sin-categorizar","8":"first","9":"instock","10":"sale","11":"shipping-taxable","12":"product-type-external"},"jetpack_sharing_enabled":true,"_links":{"self":[{"href":"https:\/\/ofertacular.com\/index.php\/wp-json\/wp\/v2\/product\/11565","targetHints":{"allow":["GET"]}}],"collection":[{"href":"https:\/\/ofertacular.com\/index.php\/wp-json\/wp\/v2\/product"}],"about":[{"href":"https:\/\/ofertacular.com\/index.php\/wp-json\/wp\/v2\/types\/product"}],"wp:featuredmedia":[{"embeddable":true,"href":"https:\/\/ofertacular.com\/index.php\/wp-json\/wp\/v2\/media\/11564"}],"wp:attachment":[{"href":"https:\/\/ofertacular.com\/index.php\/wp-json\/wp\/v2\/media?parent=11565"}],"wp:term":[{"taxonomy":"store","embeddable":true,"href":"https:\/\/ofertacular.com\/index.php\/wp-json\/wp\/v2\/store?post=11565"},{"taxonomy":"product_brand","embeddable":true,"href":"https:\/\/ofertacular.com\/index.php\/wp-json\/wp\/v2\/product_brand?post=11565"},{"taxonomy":"product_cat","embeddable":true,"href":"https:\/\/ofertacular.com\/index.php\/wp-json\/wp\/v2\/product_cat?post=11565"},{"taxonomy":"product_tag","embeddable":true,"href":"https:\/\/ofertacular.com\/index.php\/wp-json\/wp\/v2\/product_tag?post=11565"}],"curies":[{"name":"wp","href":"https:\/\/api.w.org\/{rel}","templated":true}]}}