{"id":11586,"date":"2026-03-02T07:25:00","date_gmt":"2026-03-02T06:25:00","guid":{"rendered":"https:\/\/ofertacular.com\/index.php\/producto\/clickcook-set\/"},"modified":"2026-03-02T07:25:00","modified_gmt":"2026-03-02T06:25:00","slug":"clickcook-set","status":"publish","type":"product","link":"https:\/\/ofertacular.com\/index.php\/producto\/clickcook-set\/","title":{"rendered":"Click&amp;Cook Set"},"content":{"rendered":"<div class=\"oferta-container\">\n<p>\ud83d\udfe5 <b>SUPER OFERTA<\/b> \ud83d\udfe5 #Publicidad #Amazon #16<\/p>\n<p>\ud83d\udd34 <b>Set Cocina <\/b><\/p>\n<p>\u2705 <b>AHORA 29.66 \u20ac<\/b> \u2714\ufe0f\ud83d\udfe1<\/p>\n<p>\u274c Antes 39.99 \u20ac<\/p>\n<p>\ud83d\uded2: <a href=\"https:\/\/btz.es\/5mGKX69\" target=\"_blank\" rel=\"nofollow noopener\">https:\/\/btz.es\/5mGKX69<\/a><\/p>\n<p>Descubre el Set Cocina Click&amp;Cook, dise\u00f1ado para ofrecer comodidad y eficacia en tu cocina. Este conjunto incluye utensilios de alta calidad que facilitan tus preparaciones culinarias, ideales para chefs aficionados y expertos. Su dise\u00f1o innovador y materiales duraderos garantizan un rendimiento \u00f3ptimo en cada uso. Mejora tu experiencia gastron\u00f3mica con Click&amp;Cook, la marca l\u00edder en utensilios de cocina que combina funcionalidad y estilo.<\/p>\n<\/p><\/div>\n","protected":false},"excerpt":{"rendered":"<p>\ud83d\udfe5 SUPER OFERTA \ud83d\udfe5 #Publicidad #Amazon #16 \ud83d\udd34 Set Cocina \u2705 AHORA 29.66 \u20ac \u2714\ufe0f\ud83d\udfe1 \u274c Antes 39.99 \u20ac \ud83d\uded2: https:\/\/btz.es\/5mGKX69 Descubre el Set Cocina Click&amp;Cook, dise\u00f1ado para ofrecer comodidad y eficacia en tu cocina. Este conjunto incluye utensilios de alta calidad que facilitan tus preparaciones culinarias, ideales para chefs aficionados y expertos. Su dise\u00f1o [&hellip;]<\/p>\n","protected":false},"featured_media":11585,"template":"","meta":{"_gspb_post_css":""},"store":[],"product_brand":[],"product_cat":[16],"product_tag":[],"class_list":{"0":"post-11586","1":"product","2":"type-product","3":"status-publish","4":"has-post-thumbnail","6":"product_cat-sin-categorizar","8":"first","9":"instock","10":"sale","11":"shipping-taxable","12":"product-type-external"},"jetpack_sharing_enabled":true,"_links":{"self":[{"href":"https:\/\/ofertacular.com\/index.php\/wp-json\/wp\/v2\/product\/11586","targetHints":{"allow":["GET"]}}],"collection":[{"href":"https:\/\/ofertacular.com\/index.php\/wp-json\/wp\/v2\/product"}],"about":[{"href":"https:\/\/ofertacular.com\/index.php\/wp-json\/wp\/v2\/types\/product"}],"wp:featuredmedia":[{"embeddable":true,"href":"https:\/\/ofertacular.com\/index.php\/wp-json\/wp\/v2\/media\/11585"}],"wp:attachment":[{"href":"https:\/\/ofertacular.com\/index.php\/wp-json\/wp\/v2\/media?parent=11586"}],"wp:term":[{"taxonomy":"store","embeddable":true,"href":"https:\/\/ofertacular.com\/index.php\/wp-json\/wp\/v2\/store?post=11586"},{"taxonomy":"product_brand","embeddable":true,"href":"https:\/\/ofertacular.com\/index.php\/wp-json\/wp\/v2\/product_brand?post=11586"},{"taxonomy":"product_cat","embeddable":true,"href":"https:\/\/ofertacular.com\/index.php\/wp-json\/wp\/v2\/product_cat?post=11586"},{"taxonomy":"product_tag","embeddable":true,"href":"https:\/\/ofertacular.com\/index.php\/wp-json\/wp\/v2\/product_tag?post=11586"}],"curies":[{"name":"wp","href":"https:\/\/api.w.org\/{rel}","templated":true}]}}