{"id":11590,"date":"2026-03-02T07:51:52","date_gmt":"2026-03-02T06:51:52","guid":{"rendered":"https:\/\/ofertacular.com\/index.php\/producto\/marshall-major\/"},"modified":"2026-03-02T07:51:52","modified_gmt":"2026-03-02T06:51:52","slug":"marshall-major","status":"publish","type":"product","link":"https:\/\/ofertacular.com\/index.php\/producto\/marshall-major\/","title":{"rendered":"Marshall Major"},"content":{"rendered":"<div class=\"oferta-container\">\n<p>\ud83d\udfe5 <b>DATE PRISA<\/b> \ud83d\udfe5 #Publicidad #Amazon #16<\/p>\n<p>\ud83d\udd34 <b>Auriculares Marshall <\/b><\/p>\n<p>\u2705 <b>AHORA 59 \u20ac<\/b> \u2714\ufe0f\ud83d\udfe1<\/p>\n<p>\u274c Antes 75.65 \u20ac<\/p>\n<p>\ud83d\uded2: <a href=\"https:\/\/btz.es\/5mGRJqp\" target=\"_blank\" rel=\"nofollow noopener\">https:\/\/btz.es\/5mGRJqp<\/a><\/p>\n<p>Experimenta un sonido excepcional con los auriculares Marshall Major, dise\u00f1ados para ofrecer una calidad de audio superior y comodidad durante todo el d\u00eda. Su dise\u00f1o ic\u00f3nico y robusto refleja la tradici\u00f3n de la marca Marshall, reconocida mundialmente en el \u00e1mbito musical. Perfectos para amantes de la m\u00fasica que buscan estilo y rendimiento en un solo producto.<\/p>\n<\/p><\/div>\n","protected":false},"excerpt":{"rendered":"<p>\ud83d\udfe5 DATE PRISA \ud83d\udfe5 #Publicidad #Amazon #16 \ud83d\udd34 Auriculares Marshall \u2705 AHORA 59 \u20ac \u2714\ufe0f\ud83d\udfe1 \u274c Antes 75.65 \u20ac \ud83d\uded2: https:\/\/btz.es\/5mGRJqp Experimenta un sonido excepcional con los auriculares Marshall Major, dise\u00f1ados para ofrecer una calidad de audio superior y comodidad durante todo el d\u00eda. Su dise\u00f1o ic\u00f3nico y robusto refleja la tradici\u00f3n de la marca [&hellip;]<\/p>\n","protected":false},"featured_media":11589,"template":"","meta":{"_gspb_post_css":""},"store":[],"product_brand":[],"product_cat":[16],"product_tag":[],"class_list":{"0":"post-11590","1":"product","2":"type-product","3":"status-publish","4":"has-post-thumbnail","6":"product_cat-sin-categorizar","8":"first","9":"instock","10":"sale","11":"shipping-taxable","12":"product-type-external"},"jetpack_sharing_enabled":true,"_links":{"self":[{"href":"https:\/\/ofertacular.com\/index.php\/wp-json\/wp\/v2\/product\/11590","targetHints":{"allow":["GET"]}}],"collection":[{"href":"https:\/\/ofertacular.com\/index.php\/wp-json\/wp\/v2\/product"}],"about":[{"href":"https:\/\/ofertacular.com\/index.php\/wp-json\/wp\/v2\/types\/product"}],"wp:featuredmedia":[{"embeddable":true,"href":"https:\/\/ofertacular.com\/index.php\/wp-json\/wp\/v2\/media\/11589"}],"wp:attachment":[{"href":"https:\/\/ofertacular.com\/index.php\/wp-json\/wp\/v2\/media?parent=11590"}],"wp:term":[{"taxonomy":"store","embeddable":true,"href":"https:\/\/ofertacular.com\/index.php\/wp-json\/wp\/v2\/store?post=11590"},{"taxonomy":"product_brand","embeddable":true,"href":"https:\/\/ofertacular.com\/index.php\/wp-json\/wp\/v2\/product_brand?post=11590"},{"taxonomy":"product_cat","embeddable":true,"href":"https:\/\/ofertacular.com\/index.php\/wp-json\/wp\/v2\/product_cat?post=11590"},{"taxonomy":"product_tag","embeddable":true,"href":"https:\/\/ofertacular.com\/index.php\/wp-json\/wp\/v2\/product_tag?post=11590"}],"curies":[{"name":"wp","href":"https:\/\/api.w.org\/{rel}","templated":true}]}}