{"id":11598,"date":"2026-03-02T08:26:34","date_gmt":"2026-03-02T07:26:34","guid":{"rendered":"https:\/\/ofertacular.com\/index.php\/producto\/cafetera-italiana-8\/"},"modified":"2026-03-02T08:26:34","modified_gmt":"2026-03-02T07:26:34","slug":"cafetera-italiana-8","status":"publish","type":"product","link":"https:\/\/ofertacular.com\/index.php\/producto\/cafetera-italiana-8\/","title":{"rendered":"Cafetera Italiana"},"content":{"rendered":"<div class=\"oferta-container\">\n<p>\ud83d\udfe5 <b>\u00a1GANGAZO!<\/b> \ud83d\udfe5 #Publicidad #Amazon #16<\/p>\n<p>\ud83d\udd34 <b>Cafetera italiana <\/b><\/p>\n<p>\u2705 <b>AHORA 3.99 \u20ac<\/b> \u2714\ufe0f\ud83d\udfe1<\/p>\n<p>\u274c Antes <\/p>\n<p>\ud83d\uded2: <a href=\"https:\/\/btz.es\/5mHa2RQ\" target=\"_blank\" rel=\"nofollow noopener\">https:\/\/btz.es\/5mHa2RQ<\/a><\/p>\n<p>Disfruta del exquisito sabor del caf\u00e9 aut\u00e9ntico con nuestra cafetera italiana de alta calidad. Dise\u00f1ada para ofrecer una extracci\u00f3n perfecta y un aroma inigualable, esta cafetera es ideal para los amantes del espresso tradicional. Su dise\u00f1o elegante y funcional garantiza un uso sencillo y durabilidad, convirti\u00e9ndola en un imprescindible para tu cocina. Optimizada para brindarte el mejor caf\u00e9 en cada preparaci\u00f3n, esta cafetera es sin\u00f3nimo de excelencia y sabor concentrado, perfecta para comenzar tu d\u00eda con energ\u00eda.<\/p>\n<\/p><\/div>\n","protected":false},"excerpt":{"rendered":"<p>\ud83d\udfe5 \u00a1GANGAZO! \ud83d\udfe5 #Publicidad #Amazon #16 \ud83d\udd34 Cafetera italiana \u2705 AHORA 3.99 \u20ac \u2714\ufe0f\ud83d\udfe1 \u274c Antes \ud83d\uded2: https:\/\/btz.es\/5mHa2RQ Disfruta del exquisito sabor del caf\u00e9 aut\u00e9ntico con nuestra cafetera italiana de alta calidad. Dise\u00f1ada para ofrecer una extracci\u00f3n perfecta y un aroma inigualable, esta cafetera es ideal para los amantes del espresso tradicional. Su dise\u00f1o elegante [&hellip;]<\/p>\n","protected":false},"featured_media":11597,"template":"","meta":{"_gspb_post_css":""},"store":[],"product_brand":[],"product_cat":[16],"product_tag":[],"class_list":{"0":"post-11598","1":"product","2":"type-product","3":"status-publish","4":"has-post-thumbnail","6":"product_cat-sin-categorizar","8":"first","9":"instock","10":"shipping-taxable","11":"product-type-external"},"jetpack_sharing_enabled":true,"_links":{"self":[{"href":"https:\/\/ofertacular.com\/index.php\/wp-json\/wp\/v2\/product\/11598","targetHints":{"allow":["GET"]}}],"collection":[{"href":"https:\/\/ofertacular.com\/index.php\/wp-json\/wp\/v2\/product"}],"about":[{"href":"https:\/\/ofertacular.com\/index.php\/wp-json\/wp\/v2\/types\/product"}],"wp:featuredmedia":[{"embeddable":true,"href":"https:\/\/ofertacular.com\/index.php\/wp-json\/wp\/v2\/media\/11597"}],"wp:attachment":[{"href":"https:\/\/ofertacular.com\/index.php\/wp-json\/wp\/v2\/media?parent=11598"}],"wp:term":[{"taxonomy":"store","embeddable":true,"href":"https:\/\/ofertacular.com\/index.php\/wp-json\/wp\/v2\/store?post=11598"},{"taxonomy":"product_brand","embeddable":true,"href":"https:\/\/ofertacular.com\/index.php\/wp-json\/wp\/v2\/product_brand?post=11598"},{"taxonomy":"product_cat","embeddable":true,"href":"https:\/\/ofertacular.com\/index.php\/wp-json\/wp\/v2\/product_cat?post=11598"},{"taxonomy":"product_tag","embeddable":true,"href":"https:\/\/ofertacular.com\/index.php\/wp-json\/wp\/v2\/product_tag?post=11598"}],"curies":[{"name":"wp","href":"https:\/\/api.w.org\/{rel}","templated":true}]}}