{"id":11612,"date":"2026-03-02T10:00:59","date_gmt":"2026-03-02T09:00:59","guid":{"rendered":"https:\/\/ofertacular.com\/index.php\/producto\/adidas-tee-3\/"},"modified":"2026-03-02T10:00:59","modified_gmt":"2026-03-02T09:00:59","slug":"adidas-tee-3","status":"publish","type":"product","link":"https:\/\/ofertacular.com\/index.php\/producto\/adidas-tee-3\/","title":{"rendered":"adidas Tee"},"content":{"rendered":"<div class=\"oferta-container\">\n<p>\ud83d\udfe5 <b>UNA GANGA<\/b> \ud83d\udfe5 #Publicidad #Amazon #16<\/p>\n<p>\ud83d\udd34 <b>Camiseta adidas <\/b><\/p>\n<p>\u2705 <b>AHORA 11.6 \u20ac<\/b> \u2714\ufe0f\ud83d\udfe1<\/p>\n<p>\u274c Antes 28.00 \u20ac<\/p>\n<p>\ud83d\uded2: <a href=\"https:\/\/btz.es\/5mHyokz\" target=\"_blank\" rel=\"nofollow noopener\">https:\/\/btz.es\/5mHyokz<\/a><\/p>\n<p>Descubre la camiseta adidas, dise\u00f1ada para ofrecer comodidad y estilo en tu d\u00eda a d\u00eda. Perfecta para cualquier actividad, esta prenda combina calidad, durabilidad y un dise\u00f1o moderno que complementa tu look deportivo o casual. Consigue la camiseta adidas y lleva tu rendimiento y apariencia al siguiente nivel con una marca l\u00edder en el mundo del deporte.<\/p>\n<\/p><\/div>\n","protected":false},"excerpt":{"rendered":"<p>\ud83d\udfe5 UNA GANGA \ud83d\udfe5 #Publicidad #Amazon #16 \ud83d\udd34 Camiseta adidas \u2705 AHORA 11.6 \u20ac \u2714\ufe0f\ud83d\udfe1 \u274c Antes 28.00 \u20ac \ud83d\uded2: https:\/\/btz.es\/5mHyokz Descubre la camiseta adidas, dise\u00f1ada para ofrecer comodidad y estilo en tu d\u00eda a d\u00eda. Perfecta para cualquier actividad, esta prenda combina calidad, durabilidad y un dise\u00f1o moderno que complementa tu look deportivo o [&hellip;]<\/p>\n","protected":false},"featured_media":11611,"template":"","meta":{"_gspb_post_css":""},"store":[],"product_brand":[],"product_cat":[16],"product_tag":[],"class_list":{"0":"post-11612","1":"product","2":"type-product","3":"status-publish","4":"has-post-thumbnail","6":"product_cat-sin-categorizar","8":"first","9":"instock","10":"sale","11":"shipping-taxable","12":"product-type-external"},"jetpack_sharing_enabled":true,"_links":{"self":[{"href":"https:\/\/ofertacular.com\/index.php\/wp-json\/wp\/v2\/product\/11612","targetHints":{"allow":["GET"]}}],"collection":[{"href":"https:\/\/ofertacular.com\/index.php\/wp-json\/wp\/v2\/product"}],"about":[{"href":"https:\/\/ofertacular.com\/index.php\/wp-json\/wp\/v2\/types\/product"}],"wp:featuredmedia":[{"embeddable":true,"href":"https:\/\/ofertacular.com\/index.php\/wp-json\/wp\/v2\/media\/11611"}],"wp:attachment":[{"href":"https:\/\/ofertacular.com\/index.php\/wp-json\/wp\/v2\/media?parent=11612"}],"wp:term":[{"taxonomy":"store","embeddable":true,"href":"https:\/\/ofertacular.com\/index.php\/wp-json\/wp\/v2\/store?post=11612"},{"taxonomy":"product_brand","embeddable":true,"href":"https:\/\/ofertacular.com\/index.php\/wp-json\/wp\/v2\/product_brand?post=11612"},{"taxonomy":"product_cat","embeddable":true,"href":"https:\/\/ofertacular.com\/index.php\/wp-json\/wp\/v2\/product_cat?post=11612"},{"taxonomy":"product_tag","embeddable":true,"href":"https:\/\/ofertacular.com\/index.php\/wp-json\/wp\/v2\/product_tag?post=11612"}],"curies":[{"name":"wp","href":"https:\/\/api.w.org\/{rel}","templated":true}]}}