{"id":11657,"date":"2026-03-03T08:32:26","date_gmt":"2026-03-03T07:32:26","guid":{"rendered":"https:\/\/ofertacular.com\/index.php\/producto\/levis-tee-7\/"},"modified":"2026-03-03T08:32:26","modified_gmt":"2026-03-03T07:32:26","slug":"levis-tee-7","status":"publish","type":"product","link":"https:\/\/ofertacular.com\/index.php\/producto\/levis-tee-7\/","title":{"rendered":"Levi&#8217;s Tee"},"content":{"rendered":"<div class=\"oferta-container\">\n<p>\ud83d\udfe5 <b>EXCLUSIVO<\/b> \ud83d\udfe5 #Publicidad #Amazon #16<\/p>\n<p>\ud83d\udd34 <b>Camiseta Levi&#8217;s <\/b><\/p>\n<p>\u2705 <b>AHORA 13.99 \u20ac<\/b> \u2714\ufe0f\ud83d\udfe1<\/p>\n<p>\u274c Antes 25.00 \u20ac<\/p>\n<p>\ud83d\uded2: <a href=\"https:\/\/btz.es\/5mMS2Ng\" target=\"_blank\" rel=\"nofollow noopener\">https:\/\/btz.es\/5mMS2Ng<\/a><\/p>\n<p>Descubre la comodidad y estilo atemporal con la camiseta Levi&#8217;s para hombre. Confeccionada con materiales de alta calidad, esta camiseta ofrece un ajuste perfecto y durabilidad excepcional. Ideal para cualquier ocasi\u00f3n casual, combina f\u00e1cilmente con tu guardarropa diario. Aprovecha esta prenda ic\u00f3nica que fusiona tendencia y funcionalidad, destacando tu estilo personal con la marca Levi&#8217;s, l\u00edder en moda urbana.<\/p>\n<\/p><\/div>\n","protected":false},"excerpt":{"rendered":"<p>\ud83d\udfe5 EXCLUSIVO \ud83d\udfe5 #Publicidad #Amazon #16 \ud83d\udd34 Camiseta Levi&#8217;s \u2705 AHORA 13.99 \u20ac \u2714\ufe0f\ud83d\udfe1 \u274c Antes 25.00 \u20ac \ud83d\uded2: https:\/\/btz.es\/5mMS2Ng Descubre la comodidad y estilo atemporal con la camiseta Levi&#8217;s para hombre. Confeccionada con materiales de alta calidad, esta camiseta ofrece un ajuste perfecto y durabilidad excepcional. Ideal para cualquier ocasi\u00f3n casual, combina f\u00e1cilmente con [&hellip;]<\/p>\n","protected":false},"featured_media":11656,"template":"","meta":{"_gspb_post_css":""},"store":[],"product_brand":[],"product_cat":[16],"product_tag":[],"class_list":{"0":"post-11657","1":"product","2":"type-product","3":"status-publish","4":"has-post-thumbnail","6":"product_cat-sin-categorizar","8":"first","9":"instock","10":"sale","11":"shipping-taxable","12":"product-type-external"},"jetpack_sharing_enabled":true,"_links":{"self":[{"href":"https:\/\/ofertacular.com\/index.php\/wp-json\/wp\/v2\/product\/11657","targetHints":{"allow":["GET"]}}],"collection":[{"href":"https:\/\/ofertacular.com\/index.php\/wp-json\/wp\/v2\/product"}],"about":[{"href":"https:\/\/ofertacular.com\/index.php\/wp-json\/wp\/v2\/types\/product"}],"wp:featuredmedia":[{"embeddable":true,"href":"https:\/\/ofertacular.com\/index.php\/wp-json\/wp\/v2\/media\/11656"}],"wp:attachment":[{"href":"https:\/\/ofertacular.com\/index.php\/wp-json\/wp\/v2\/media?parent=11657"}],"wp:term":[{"taxonomy":"store","embeddable":true,"href":"https:\/\/ofertacular.com\/index.php\/wp-json\/wp\/v2\/store?post=11657"},{"taxonomy":"product_brand","embeddable":true,"href":"https:\/\/ofertacular.com\/index.php\/wp-json\/wp\/v2\/product_brand?post=11657"},{"taxonomy":"product_cat","embeddable":true,"href":"https:\/\/ofertacular.com\/index.php\/wp-json\/wp\/v2\/product_cat?post=11657"},{"taxonomy":"product_tag","embeddable":true,"href":"https:\/\/ofertacular.com\/index.php\/wp-json\/wp\/v2\/product_tag?post=11657"}],"curies":[{"name":"wp","href":"https:\/\/api.w.org\/{rel}","templated":true}]}}