{"id":11669,"date":"2026-03-03T10:45:34","date_gmt":"2026-03-03T09:45:34","guid":{"rendered":"https:\/\/ofertacular.com\/index.php\/producto\/asus-monitor-5\/"},"modified":"2026-03-03T10:45:34","modified_gmt":"2026-03-03T09:45:34","slug":"asus-monitor-5","status":"publish","type":"product","link":"https:\/\/ofertacular.com\/index.php\/producto\/asus-monitor-5\/","title":{"rendered":"ASUS Monitor"},"content":{"rendered":"<div class=\"oferta-container\">\n<p>\ud83d\udfe5 <b>UNA GANGA<\/b> \ud83d\udfe5 #Publicidad #Amazon #16<\/p>\n<p>\ud83d\udd34 <b>Monitor ASUS <\/b><\/p>\n<p>\u2705 <b>AHORA 79 \u20ac<\/b> \u2714\ufe0f\ud83d\udfe1<\/p>\n<p>\u274c Antes 84.99 \u20ac<\/p>\n<p>\ud83d\uded2: <a href=\"https:\/\/btz.es\/5mNzYQu\" target=\"_blank\" rel=\"nofollow noopener\">https:\/\/btz.es\/5mNzYQu<\/a><\/p>\n<p>Descubre la calidad excepcional del monitor ASUS, dise\u00f1ado para ofrecer im\u00e1genes n\u00edtidas y colores vibrantes. Ideal para profesionales y gamers, este monitor garantiza un rendimiento \u00f3ptimo con tecnolog\u00eda avanzada y dise\u00f1o ergon\u00f3mico. Optimizado para una experiencia visual superior, el monitor ASUS es la elecci\u00f3n perfecta para quienes buscan excelencia y precisi\u00f3n en cada detalle.<\/p>\n<\/p><\/div>\n","protected":false},"excerpt":{"rendered":"<p>\ud83d\udfe5 UNA GANGA \ud83d\udfe5 #Publicidad #Amazon #16 \ud83d\udd34 Monitor ASUS \u2705 AHORA 79 \u20ac \u2714\ufe0f\ud83d\udfe1 \u274c Antes 84.99 \u20ac \ud83d\uded2: https:\/\/btz.es\/5mNzYQu Descubre la calidad excepcional del monitor ASUS, dise\u00f1ado para ofrecer im\u00e1genes n\u00edtidas y colores vibrantes. Ideal para profesionales y gamers, este monitor garantiza un rendimiento \u00f3ptimo con tecnolog\u00eda avanzada y dise\u00f1o ergon\u00f3mico. Optimizado para [&hellip;]<\/p>\n","protected":false},"featured_media":11668,"template":"","meta":{"_gspb_post_css":""},"store":[],"product_brand":[],"product_cat":[16],"product_tag":[],"class_list":{"0":"post-11669","1":"product","2":"type-product","3":"status-publish","4":"has-post-thumbnail","6":"product_cat-sin-categorizar","8":"first","9":"instock","10":"sale","11":"shipping-taxable","12":"product-type-external"},"jetpack_sharing_enabled":true,"_links":{"self":[{"href":"https:\/\/ofertacular.com\/index.php\/wp-json\/wp\/v2\/product\/11669","targetHints":{"allow":["GET"]}}],"collection":[{"href":"https:\/\/ofertacular.com\/index.php\/wp-json\/wp\/v2\/product"}],"about":[{"href":"https:\/\/ofertacular.com\/index.php\/wp-json\/wp\/v2\/types\/product"}],"wp:featuredmedia":[{"embeddable":true,"href":"https:\/\/ofertacular.com\/index.php\/wp-json\/wp\/v2\/media\/11668"}],"wp:attachment":[{"href":"https:\/\/ofertacular.com\/index.php\/wp-json\/wp\/v2\/media?parent=11669"}],"wp:term":[{"taxonomy":"store","embeddable":true,"href":"https:\/\/ofertacular.com\/index.php\/wp-json\/wp\/v2\/store?post=11669"},{"taxonomy":"product_brand","embeddable":true,"href":"https:\/\/ofertacular.com\/index.php\/wp-json\/wp\/v2\/product_brand?post=11669"},{"taxonomy":"product_cat","embeddable":true,"href":"https:\/\/ofertacular.com\/index.php\/wp-json\/wp\/v2\/product_cat?post=11669"},{"taxonomy":"product_tag","embeddable":true,"href":"https:\/\/ofertacular.com\/index.php\/wp-json\/wp\/v2\/product_tag?post=11669"}],"curies":[{"name":"wp","href":"https:\/\/api.w.org\/{rel}","templated":true}]}}