{"id":11677,"date":"2026-03-03T11:00:46","date_gmt":"2026-03-03T10:00:46","guid":{"rendered":"https:\/\/ofertacular.com\/index.php\/producto\/hp-deskjet-3\/"},"modified":"2026-03-03T11:00:46","modified_gmt":"2026-03-03T10:00:46","slug":"hp-deskjet-3","status":"publish","type":"product","link":"https:\/\/ofertacular.com\/index.php\/producto\/hp-deskjet-3\/","title":{"rendered":"HP DeskJet"},"content":{"rendered":"<div class=\"oferta-container\">\n<p>\ud83d\udfe5 <b>REBAJA<\/b> \ud83d\udfe5 #Publicidad #Amazon #16<\/p>\n<p>\ud83d\udd34 <b>Impresora HP <\/b><\/p>\n<p>\u2705 <b>AHORA 49.9 \u20ac<\/b> \u2714\ufe0f\ud83d\udfe1<\/p>\n<p>\u274c Antes 58.00 \u20ac<\/p>\n<p>\ud83d\uded2: <a href=\"https:\/\/btz.es\/5mN3Ofo\" target=\"_blank\" rel=\"nofollow noopener\">https:\/\/btz.es\/5mN3Ofo<\/a><\/p>\n<p>Descubre la impresora HP DeskJet, una soluci\u00f3n confiable y eficiente para todas tus necesidades de impresi\u00f3n en casa y oficina. Con tecnolog\u00eda avanzada y calidad de impresi\u00f3n excepcional, esta impresora ofrece resultados n\u00edtidos y colores vibrantes. Optimizada para la productividad, es f\u00e1cil de usar y compatible con m\u00faltiples dispositivos. Ideal para quienes buscan calidad, rendimiento y conveniencia en un solo equipo.<\/p>\n<\/p><\/div>\n","protected":false},"excerpt":{"rendered":"<p>\ud83d\udfe5 REBAJA \ud83d\udfe5 #Publicidad #Amazon #16 \ud83d\udd34 Impresora HP \u2705 AHORA 49.9 \u20ac \u2714\ufe0f\ud83d\udfe1 \u274c Antes 58.00 \u20ac \ud83d\uded2: https:\/\/btz.es\/5mN3Ofo Descubre la impresora HP DeskJet, una soluci\u00f3n confiable y eficiente para todas tus necesidades de impresi\u00f3n en casa y oficina. Con tecnolog\u00eda avanzada y calidad de impresi\u00f3n excepcional, esta impresora ofrece resultados n\u00edtidos y colores [&hellip;]<\/p>\n","protected":false},"featured_media":11676,"template":"","meta":{"_gspb_post_css":""},"store":[],"product_brand":[],"product_cat":[16],"product_tag":[],"class_list":{"0":"post-11677","1":"product","2":"type-product","3":"status-publish","4":"has-post-thumbnail","6":"product_cat-sin-categorizar","8":"first","9":"instock","10":"sale","11":"shipping-taxable","12":"product-type-external"},"jetpack_sharing_enabled":true,"_links":{"self":[{"href":"https:\/\/ofertacular.com\/index.php\/wp-json\/wp\/v2\/product\/11677","targetHints":{"allow":["GET"]}}],"collection":[{"href":"https:\/\/ofertacular.com\/index.php\/wp-json\/wp\/v2\/product"}],"about":[{"href":"https:\/\/ofertacular.com\/index.php\/wp-json\/wp\/v2\/types\/product"}],"wp:featuredmedia":[{"embeddable":true,"href":"https:\/\/ofertacular.com\/index.php\/wp-json\/wp\/v2\/media\/11676"}],"wp:attachment":[{"href":"https:\/\/ofertacular.com\/index.php\/wp-json\/wp\/v2\/media?parent=11677"}],"wp:term":[{"taxonomy":"store","embeddable":true,"href":"https:\/\/ofertacular.com\/index.php\/wp-json\/wp\/v2\/store?post=11677"},{"taxonomy":"product_brand","embeddable":true,"href":"https:\/\/ofertacular.com\/index.php\/wp-json\/wp\/v2\/product_brand?post=11677"},{"taxonomy":"product_cat","embeddable":true,"href":"https:\/\/ofertacular.com\/index.php\/wp-json\/wp\/v2\/product_cat?post=11677"},{"taxonomy":"product_tag","embeddable":true,"href":"https:\/\/ofertacular.com\/index.php\/wp-json\/wp\/v2\/product_tag?post=11677"}],"curies":[{"name":"wp","href":"https:\/\/api.w.org\/{rel}","templated":true}]}}