{"id":11685,"date":"2026-03-03T11:56:20","date_gmt":"2026-03-03T10:56:20","guid":{"rendered":"https:\/\/ofertacular.com\/index.php\/producto\/oral-b-whitening-2\/"},"modified":"2026-03-03T11:56:20","modified_gmt":"2026-03-03T10:56:20","slug":"oral-b-whitening-2","status":"publish","type":"product","link":"https:\/\/ofertacular.com\/index.php\/producto\/oral-b-whitening-2\/","title":{"rendered":"Oral-B Whitening"},"content":{"rendered":"<div class=\"oferta-container\">\n<p>\ud83d\udfe5 <b>\u00a1OFERTA ESPECIAL!<\/b> \ud83d\udfe5 #Publicidad #Amazon #16<\/p>\n<p>\ud83d\udd34 <b>Cepillo El\u00e9ctrico <\/b><\/p>\n<p>\u2705 <b>AHORA 5 \u20ac<\/b> \u2714\ufe0f\ud83d\udfe1<\/p>\n<p>\u274c Antes 12.86 \u20ac<\/p>\n<p>\ud83d\uded2: <a href=\"https:\/\/btz.es\/5mNHNI9\" target=\"_blank\" rel=\"nofollow noopener\">https:\/\/btz.es\/5mNHNI9<\/a><\/p>\n<p>Descubre la eficiencia del cepillo el\u00e9ctrico Oral-B Whitening, dise\u00f1ado para lograr una limpieza profunda que elimina manchas y proporciona una sonrisa m\u00e1s blanca y saludable. Gracias a su tecnolog\u00eda avanzada, este cepillo dental ofrece una experiencia de cepillado superior, cuidando tus enc\u00edas y mejorando la salud bucal diaria. Ideal para quienes buscan resultados profesionales desde casa, Oral-B Whitening combina innovaci\u00f3n y comodidad para transformar tu rutina de higiene oral.<\/p>\n<\/p><\/div>\n","protected":false},"excerpt":{"rendered":"<p>\ud83d\udfe5 \u00a1OFERTA ESPECIAL! \ud83d\udfe5 #Publicidad #Amazon #16 \ud83d\udd34 Cepillo El\u00e9ctrico \u2705 AHORA 5 \u20ac \u2714\ufe0f\ud83d\udfe1 \u274c Antes 12.86 \u20ac \ud83d\uded2: https:\/\/btz.es\/5mNHNI9 Descubre la eficiencia del cepillo el\u00e9ctrico Oral-B Whitening, dise\u00f1ado para lograr una limpieza profunda que elimina manchas y proporciona una sonrisa m\u00e1s blanca y saludable. Gracias a su tecnolog\u00eda avanzada, este cepillo dental ofrece [&hellip;]<\/p>\n","protected":false},"featured_media":11684,"template":"","meta":{"_gspb_post_css":""},"store":[],"product_brand":[],"product_cat":[16],"product_tag":[],"class_list":{"0":"post-11685","1":"product","2":"type-product","3":"status-publish","4":"has-post-thumbnail","6":"product_cat-sin-categorizar","8":"first","9":"instock","10":"sale","11":"shipping-taxable","12":"product-type-external"},"jetpack_sharing_enabled":true,"_links":{"self":[{"href":"https:\/\/ofertacular.com\/index.php\/wp-json\/wp\/v2\/product\/11685","targetHints":{"allow":["GET"]}}],"collection":[{"href":"https:\/\/ofertacular.com\/index.php\/wp-json\/wp\/v2\/product"}],"about":[{"href":"https:\/\/ofertacular.com\/index.php\/wp-json\/wp\/v2\/types\/product"}],"wp:featuredmedia":[{"embeddable":true,"href":"https:\/\/ofertacular.com\/index.php\/wp-json\/wp\/v2\/media\/11684"}],"wp:attachment":[{"href":"https:\/\/ofertacular.com\/index.php\/wp-json\/wp\/v2\/media?parent=11685"}],"wp:term":[{"taxonomy":"store","embeddable":true,"href":"https:\/\/ofertacular.com\/index.php\/wp-json\/wp\/v2\/store?post=11685"},{"taxonomy":"product_brand","embeddable":true,"href":"https:\/\/ofertacular.com\/index.php\/wp-json\/wp\/v2\/product_brand?post=11685"},{"taxonomy":"product_cat","embeddable":true,"href":"https:\/\/ofertacular.com\/index.php\/wp-json\/wp\/v2\/product_cat?post=11685"},{"taxonomy":"product_tag","embeddable":true,"href":"https:\/\/ofertacular.com\/index.php\/wp-json\/wp\/v2\/product_tag?post=11685"}],"curies":[{"name":"wp","href":"https:\/\/api.w.org\/{rel}","templated":true}]}}