{"id":11689,"date":"2026-03-03T12:01:12","date_gmt":"2026-03-03T11:01:12","guid":{"rendered":"https:\/\/ofertacular.com\/index.php\/producto\/adidas-vs-2\/"},"modified":"2026-03-03T12:01:12","modified_gmt":"2026-03-03T11:01:12","slug":"adidas-vs-2","status":"publish","type":"product","link":"https:\/\/ofertacular.com\/index.php\/producto\/adidas-vs-2\/","title":{"rendered":"adidas VS"},"content":{"rendered":"<div class=\"oferta-container\">\n<p>\ud83d\udfe5 <b>SUPER OFERTA<\/b> \ud83d\udfe5 #Publicidad #Amazon #16<\/p>\n<p>\ud83d\udd34 <b>Zapatillas Adidas <\/b><\/p>\n<p>\u2705 <b>AHORA 27.95 \u20ac<\/b> \u2714\ufe0f\ud83d\udfe1<\/p>\n<p>\u274c Antes 55.00 \u20ac<\/p>\n<p>\ud83d\uded2: <a href=\"https:\/\/btz.es\/5mNJb7x\" target=\"_blank\" rel=\"nofollow noopener\">https:\/\/btz.es\/5mNJb7x<\/a><\/p>\n<p>Descubre las zapatillas adidas VS, dise\u00f1adas para ofrecer comodidad, estilo y rendimiento en cada paso. Perfectas para deportistas y entusiastas del calzado casual, combinan materiales de alta calidad con un dise\u00f1o moderno que garantiza durabilidad y versatilidad. Optimiza tu look deportivo con estas ic\u00f3nicas zapatillas, ideales para cualquier ocasi\u00f3n.<\/p>\n<\/p><\/div>\n","protected":false},"excerpt":{"rendered":"<p>\ud83d\udfe5 SUPER OFERTA \ud83d\udfe5 #Publicidad #Amazon #16 \ud83d\udd34 Zapatillas Adidas \u2705 AHORA 27.95 \u20ac \u2714\ufe0f\ud83d\udfe1 \u274c Antes 55.00 \u20ac \ud83d\uded2: https:\/\/btz.es\/5mNJb7x Descubre las zapatillas adidas VS, dise\u00f1adas para ofrecer comodidad, estilo y rendimiento en cada paso. Perfectas para deportistas y entusiastas del calzado casual, combinan materiales de alta calidad con un dise\u00f1o moderno que garantiza [&hellip;]<\/p>\n","protected":false},"featured_media":11688,"template":"","meta":{"_gspb_post_css":""},"store":[],"product_brand":[],"product_cat":[16],"product_tag":[],"class_list":{"0":"post-11689","1":"product","2":"type-product","3":"status-publish","4":"has-post-thumbnail","6":"product_cat-sin-categorizar","8":"first","9":"instock","10":"sale","11":"shipping-taxable","12":"product-type-external"},"jetpack_sharing_enabled":true,"_links":{"self":[{"href":"https:\/\/ofertacular.com\/index.php\/wp-json\/wp\/v2\/product\/11689","targetHints":{"allow":["GET"]}}],"collection":[{"href":"https:\/\/ofertacular.com\/index.php\/wp-json\/wp\/v2\/product"}],"about":[{"href":"https:\/\/ofertacular.com\/index.php\/wp-json\/wp\/v2\/types\/product"}],"wp:featuredmedia":[{"embeddable":true,"href":"https:\/\/ofertacular.com\/index.php\/wp-json\/wp\/v2\/media\/11688"}],"wp:attachment":[{"href":"https:\/\/ofertacular.com\/index.php\/wp-json\/wp\/v2\/media?parent=11689"}],"wp:term":[{"taxonomy":"store","embeddable":true,"href":"https:\/\/ofertacular.com\/index.php\/wp-json\/wp\/v2\/store?post=11689"},{"taxonomy":"product_brand","embeddable":true,"href":"https:\/\/ofertacular.com\/index.php\/wp-json\/wp\/v2\/product_brand?post=11689"},{"taxonomy":"product_cat","embeddable":true,"href":"https:\/\/ofertacular.com\/index.php\/wp-json\/wp\/v2\/product_cat?post=11689"},{"taxonomy":"product_tag","embeddable":true,"href":"https:\/\/ofertacular.com\/index.php\/wp-json\/wp\/v2\/product_tag?post=11689"}],"curies":[{"name":"wp","href":"https:\/\/api.w.org\/{rel}","templated":true}]}}